{"id":750,"date":"2026-01-13T11:45:45","date_gmt":"2026-01-13T10:45:45","guid":{"rendered":"https:\/\/www.syndein.com.mx\/syn\/index.php\/privacy-policy\/"},"modified":"2026-01-14T03:41:17","modified_gmt":"2026-01-14T02:41:17","slug":"privacy-policy","status":"publish","type":"page","link":"https:\/\/www.syndein.com.mx\/syn\/index.php\/privacy-policy\/","title":{"rendered":"Privacy Policy"},"content":{"rendered":"<style>.elementor-750 .elementor-element.elementor-element-5ac79321{--display:flex;}.elementor-widget-text-editor{font-family:var( --e-global-typography-text-font-family ), Square;font-size:var( --e-global-typography-text-font-size );font-weight:var( --e-global-typography-text-font-weight );line-height:var( --e-global-typography-text-line-height );letter-spacing:var( --e-global-typography-text-letter-spacing );word-spacing:var( --e-global-typography-text-word-spacing );color:var( --e-global-color-text );}.elementor-widget-text-editor.elementor-drop-cap-view-stacked .elementor-drop-cap{background-color:var( --e-global-color-primary );}.elementor-widget-text-editor.elementor-drop-cap-view-framed .elementor-drop-cap, .elementor-widget-text-editor.elementor-drop-cap-view-default .elementor-drop-cap{color:var( --e-global-color-primary );border-color:var( --e-global-color-primary );}.elementor-750 .elementor-element.elementor-element-4452daaf{text-align:justify;font-family:\"eurostile\", Square;font-size:15px;font-weight:500;line-height:25px;letter-spacing:1.5px;word-spacing:5px;color:var( --e-global-color-primary );width:initial;max-width:initial;}.elementor-750 .elementor-element.elementor-element-4452daaf.elementor-element{--flex-grow:0;--flex-shrink:0;}@media(max-width:1024px){.elementor-widget-text-editor{font-size:var( --e-global-typography-text-font-size );line-height:var( --e-global-typography-text-line-height );letter-spacing:var( --e-global-typography-text-letter-spacing );word-spacing:var( --e-global-typography-text-word-spacing );}.elementor-750 .elementor-element.elementor-element-4452daaf{font-size:16px;}}@media(max-width:767px){.elementor-widget-text-editor{font-size:var( --e-global-typography-text-font-size );line-height:var( --e-global-typography-text-line-height );letter-spacing:var( --e-global-typography-text-letter-spacing );word-spacing:var( --e-global-typography-text-word-spacing );}}<\/style>\t\t<div data-elementor-type=\"wp-page\" data-elementor-id=\"750\" class=\"elementor elementor-750\" data-elementor-post-type=\"page\">\n\t\t\t\t<div data-marvy_enable_drop_animation=\"false\" data-marvy_enable_fancy_rotate=\"false\" data-marvy_enable_flying_object=\"false\" data-marvy_enable_ripples_animation=\"false\" data-marvy_enable_waves_animation=\"false\" data-marvy_enable_rings_animation=\"false\" data-marvy_enable_topology_animation=\"false\" data-marvy_enable_gradient_animation=\"false\" data-marvy_enable_snow_animation=\"false\" data-marvy_enable_firework_animation=\"false\" data-marvy_enable_cloud_animation=\"false\" class=\"elementor-element elementor-element-5ac79321 e-flex e-con-boxed e-con e-parent\" data-id=\"5ac79321\" data-element_type=\"container\" data-e-type=\"container\">\n\t\t\t\t\t<div class=\"e-con-inner\">\n\t\t\t\t<div class=\"elementor-element elementor-element-4452daaf elementor-widget__width-initial elementor-widget elementor-widget-text-editor\" data-id=\"4452daaf\" data-element_type=\"widget\" data-e-type=\"widget\" data-widget_type=\"text-editor.default\">\n\t\t\t\t\t\t\t\t\t<h1><strong>Aviso de privacidad<\/strong><\/h1><p><span style=\"font-weight: 400;\">Syndein S.A. de C.V. mejor conocido como Syndein, con domicilio en 14 Oriente 2216<\/span><\/p><p><span style=\"font-weight: 400;\">102 Barrio El Alto, Puebla, Puebla CP. 72290 y portal de internet www.syndein.com.mx,<\/span><\/p><p><span style=\"font-weight: 400;\">Es el responsable del uso y protecci\u00f3n de sus datos personales y al respecto le <\/span><span style=\"font-weight: 400;\">informamos lo siguiente:<\/span><\/p><h5>\u00bfPara qu\u00e9 fines utilizaremos sus datos personales?<\/h5><ol><li>Los datos personales que recabamos de usted, los utilizaremos para las siguientes finalidades que son necesarias para el servicio que solicita:<\/li><\/ol><ul data-path-to-node=\"7\"><li><p data-path-to-node=\"7,0,0\">Respuesta a mensajes del formulario de contacto.<\/p><\/li><li><p data-path-to-node=\"7,1,0\">Prestaci\u00f3n de cualquier servicio solicitado.<\/p><\/li><\/ul><h5>\u00bfQu\u00e9 datos personales utilizaremos para estos fines?<\/h5><p>Para llevar a cabo las finalidades descritas en el presente aviso de privacidad utilizaremos los siguientes datos personales:<\/p><ul data-path-to-node=\"10\"><li><p data-path-to-node=\"10,0,0\">Datos de identificaci\u00f3n y contacto.<\/p><\/li><\/ul><h5>\u00bfC\u00f3mo puede acceder, rectificar o <b>cancelar<\/b> sus <b>datos personales<\/b>, u <b>oponerse a<\/b> su uso o <b>ejercer<\/b> la revocaci\u00f3n del consentimiento?<\/h5><p data-path-to-node=\"12\">Usted tiene derecho a conocer qu\u00e9 datos personales tenemos de usted, para qu\u00e9 los utilizamos y las condiciones del uso que les damos (<b>Acceso<\/b>). Asimismo, es su <b>derecho solicitar<\/b> la correcci\u00f3n de su informaci\u00f3n personal en caso de que est\u00e9 desactualizada, sea inexacta o incompleta (<b>Rectificaci\u00f3n<\/b>); que la eliminemos de nuestros registros o <b>bases<\/b> de datos cuando considere que la misma no est\u00e1 siendo utilizada adecuadamente (<b>Cancelaci\u00f3n<\/b>); as\u00ed como oponerse al uso de sus datos personales <b>para fines espec\u00edficos<\/b> (<b>Oposici\u00f3n<\/b>). Estos derechos se conocen como derechos ARCO.<\/p><p data-path-to-node=\"13\">Para el ejercicio de cualquiera de los derechos ARCO, debe enviar una petici\u00f3n v\u00eda correo electr\u00f3nico a info@syndein.com.mx y deber\u00e1 contener:<\/p><ul data-path-to-node=\"14\"><li><p data-path-to-node=\"14,0,0\">Nombre completo del titular.<\/p><\/li><li><p data-path-to-node=\"14,1,0\">Domicilio.<\/p><\/li><li><p data-path-to-node=\"14,2,0\">Tel\u00e9fono.<\/p><\/li><li><p data-path-to-node=\"14,3,0\">Correo electr\u00f3nico usado en este sitio web.<\/p><\/li><li><p data-path-to-node=\"14,4,0\">Copia de una identificaci\u00f3n oficial adjunta.<\/p><\/li><li><p data-path-to-node=\"14,5,0\">Asunto: \u00abDerechos ARCO\u00bb.<\/p><\/li><\/ul><p data-path-to-node=\"15\">Descripci\u00f3n <b>del<\/b> objeto del escrito, los cuales pueden ser de manera enunciativa m\u00e1s no limitativa los siguientes: Revocaci\u00f3n del consentimiento para tratar sus datos personales; y\/o Notificaci\u00f3n del uso indebido del tratamiento de sus datos personales; y\/o Ejercitar sus Derechos ARCO, con una descripci\u00f3n clara y precisa de los datos a Acceder, Rectificar, Cancelar o bien, Oponerse. En caso de Rectificaci\u00f3n de datos personales, deber\u00e1 indicar la modificaci\u00f3n exacta y anexar la documentaci\u00f3n soporte; es importante, en caso de revocaci\u00f3n del consentimiento, que tenga en cuenta que no en todos los casos podremos atender su solicitud o concluir el uso de forma inmediata, ya que es posible que por alguna obligaci\u00f3n legal requiramos seguir tratando sus datos personales. Asimismo, usted deber\u00e1 considerar que, para ciertos fines, la revocaci\u00f3n de su consentimiento implicar\u00e1 que no le podamos seguir prestando el servicio que nos solicit\u00f3, o la conclusi\u00f3n de su relaci\u00f3n con nosotros.<\/p><h5>\u00bfEn cu\u00e1ntos d\u00edas le daremos respuesta a su solicitud?<\/h5><p data-path-to-node=\"17\">20 d\u00edas h\u00e1biles.<\/p><h5>\u00bfPor qu\u00e9 medio le comunicaremos la respuesta a su solicitud?<\/h5><p data-path-to-node=\"19\">Al mismo correo electr\u00f3nico de donde se envi\u00f3 la petici\u00f3n.<\/p><h5>El uso de tecnolog\u00edas de rastreo en nuestro portal de internet<\/h5><p data-path-to-node=\"21\">Le informamos que en nuestra p\u00e1gina de internet no se utilizan cookies, web beacons u otras tecnolog\u00edas, a trav\u00e9s de las cuales es posible monitorear su comportamiento como usuario de internet.<\/p>\t\t\t\t\t\t\t\t<\/div>\n\t\t\t\t\t<\/div>\n\t\t\t\t<\/div>\n\t\t\t\t<\/div>\n\t\t","protected":false},"excerpt":{"rendered":"<p>Aviso de privacidad Syndein S.A. de C.V. mejor conocido como Syndein, con domicilio en 14 Oriente 2216 102 Barrio El Alto, Puebla, Puebla CP. 72290 y portal de internet www.syndein.com.mx, Es el responsable del uso y protecci\u00f3n de sus datos personales y al respecto le informamos lo siguiente: \u00bfPara qu\u00e9 fines utilizaremos sus datos personales? [&hellip;]<\/p>\n","protected":false},"author":1,"featured_media":0,"parent":0,"menu_order":0,"comment_status":"closed","ping_status":"closed","template":"","meta":{"footnotes":""},"class_list":["post-750","page","type-page","status-publish","hentry"],"_links":{"self":[{"href":"https:\/\/www.syndein.com.mx\/syn\/index.php\/wp-json\/wp\/v2\/pages\/750","targetHints":{"allow":["GET"]}}],"collection":[{"href":"https:\/\/www.syndein.com.mx\/syn\/index.php\/wp-json\/wp\/v2\/pages"}],"about":[{"href":"https:\/\/www.syndein.com.mx\/syn\/index.php\/wp-json\/wp\/v2\/types\/page"}],"author":[{"embeddable":true,"href":"https:\/\/www.syndein.com.mx\/syn\/index.php\/wp-json\/wp\/v2\/users\/1"}],"replies":[{"embeddable":true,"href":"https:\/\/www.syndein.com.mx\/syn\/index.php\/wp-json\/wp\/v2\/comments?post=750"}],"version-history":[{"count":7,"href":"https:\/\/www.syndein.com.mx\/syn\/index.php\/wp-json\/wp\/v2\/pages\/750\/revisions"}],"predecessor-version":[{"id":944,"href":"https:\/\/www.syndein.com.mx\/syn\/index.php\/wp-json\/wp\/v2\/pages\/750\/revisions\/944"}],"wp:attachment":[{"href":"https:\/\/www.syndein.com.mx\/syn\/index.php\/wp-json\/wp\/v2\/media?parent=750"}],"curies":[{"name":"wp","href":"https:\/\/api.w.org\/{rel}","templated":true}]}}