{"id":747,"date":"2026-01-13T11:45:45","date_gmt":"2026-01-13T10:45:45","guid":{"rendered":"https:\/\/www.syndein.com.mx\/syn\/index.php\/integracion-de-sistemas-legados\/"},"modified":"2026-01-20T05:45:43","modified_gmt":"2026-01-20T04:45:43","slug":"integracion-de-sistemas-legados","status":"publish","type":"page","link":"https:\/\/www.syndein.com.mx\/syn\/index.php\/integracion-de-sistemas-legados\/","title":{"rendered":"Integraci\u00f3n de Sistemas Legados"},"content":{"rendered":"<style>.elementor-747 .elementor-element.elementor-element-6f64f244{--display:flex;--flex-direction:row;--container-widget-width:initial;--container-widget-height:100%;--container-widget-flex-grow:1;--container-widget-align-self:stretch;--flex-wrap-mobile:wrap;}.elementor-747 .elementor-element.elementor-element-6f64f244:not(.elementor-motion-effects-element-type-background), .elementor-747 .elementor-element.elementor-element-6f64f244 > .elementor-motion-effects-container > .elementor-motion-effects-layer{background-color:var( --e-global-color-secondary );}.elementor-widget-heading .elementor-heading-title{font-family:var( --e-global-typography-primary-font-family ), Square;font-size:var( --e-global-typography-primary-font-size );font-weight:var( --e-global-typography-primary-font-weight );font-style:var( --e-global-typography-primary-font-style );line-height:var( --e-global-typography-primary-line-height );letter-spacing:var( --e-global-typography-primary-letter-spacing );color:var( --e-global-color-primary );}.elementor-747 .elementor-element.elementor-element-71c5cb3a{text-align:center;width:100%;max-width:100%;}.elementor-747 .elementor-element.elementor-element-71c5cb3a .elementor-heading-title{font-family:var( --e-global-typography-primary-font-family ), Square;font-size:var( --e-global-typography-primary-font-size );font-weight:var( --e-global-typography-primary-font-weight );font-style:var( --e-global-typography-primary-font-style );line-height:var( --e-global-typography-primary-line-height );letter-spacing:var( --e-global-typography-primary-letter-spacing );}.elementor-747 .elementor-element.elementor-element-1f40f0f{--display:flex;--flex-direction:row;--container-widget-width:initial;--container-widget-height:100%;--container-widget-flex-grow:1;--container-widget-align-self:stretch;--flex-wrap-mobile:wrap;}.elementor-747 .elementor-element.elementor-element-1f40f0f:not(.elementor-motion-effects-element-type-background), .elementor-747 .elementor-element.elementor-element-1f40f0f > .elementor-motion-effects-container > .elementor-motion-effects-layer{background:url(\"https:\/\/www.syndein.com.mx\/syn\/wp-content\/uploads\/2026\/01\/Gemini_Generated_Image_ndu5egndu5egndu5-2.png\") 50% 50%;background-size:cover;}.elementor-747 .elementor-element.elementor-element-54c85207{--display:flex;}.elementor-widget-image .widget-image-caption{color:var( --e-global-color-text );font-family:var( --e-global-typography-text-font-family ), Square;font-size:var( --e-global-typography-text-font-size );font-weight:var( --e-global-typography-text-font-weight );line-height:var( --e-global-typography-text-line-height );letter-spacing:var( --e-global-typography-text-letter-spacing );word-spacing:var( --e-global-typography-text-word-spacing );}.elementor-747 .elementor-element.elementor-element-33da704{--display:flex;--flex-direction:row;--container-widget-width:initial;--container-widget-height:100%;--container-widget-flex-grow:1;--container-widget-align-self:stretch;--flex-wrap-mobile:wrap;}.elementor-747 .elementor-element.elementor-element-33da704:not(.elementor-motion-effects-element-type-background), .elementor-747 .elementor-element.elementor-element-33da704 > .elementor-motion-effects-container > .elementor-motion-effects-layer{background-color:var( --e-global-color-secondary );}.elementor-widget-text-editor{font-family:var( --e-global-typography-text-font-family ), Square;font-size:var( --e-global-typography-text-font-size );font-weight:var( --e-global-typography-text-font-weight );line-height:var( --e-global-typography-text-line-height );letter-spacing:var( --e-global-typography-text-letter-spacing );word-spacing:var( --e-global-typography-text-word-spacing );color:var( --e-global-color-text );}.elementor-widget-text-editor.elementor-drop-cap-view-stacked .elementor-drop-cap{background-color:var( --e-global-color-primary );}.elementor-widget-text-editor.elementor-drop-cap-view-framed .elementor-drop-cap, .elementor-widget-text-editor.elementor-drop-cap-view-default .elementor-drop-cap{color:var( --e-global-color-primary );border-color:var( --e-global-color-primary );}.elementor-747 .elementor-element.elementor-element-d7b88c5{text-align:justify;font-family:var( --e-global-typography-text-font-family ), Square;font-size:var( --e-global-typography-text-font-size );font-weight:var( --e-global-typography-text-font-weight );line-height:var( --e-global-typography-text-line-height );letter-spacing:var( --e-global-typography-text-letter-spacing );word-spacing:var( --e-global-typography-text-word-spacing );color:var( --e-global-color-primary );}:root{--page-title-display:none;}@media(max-width:1024px){.elementor-widget-heading .elementor-heading-title{font-size:var( --e-global-typography-primary-font-size );line-height:var( --e-global-typography-primary-line-height );letter-spacing:var( --e-global-typography-primary-letter-spacing );}.elementor-747 .elementor-element.elementor-element-71c5cb3a .elementor-heading-title{font-size:var( --e-global-typography-primary-font-size );line-height:var( --e-global-typography-primary-line-height );letter-spacing:var( --e-global-typography-primary-letter-spacing );}.elementor-widget-image .widget-image-caption{font-size:var( --e-global-typography-text-font-size );line-height:var( --e-global-typography-text-line-height );letter-spacing:var( --e-global-typography-text-letter-spacing );word-spacing:var( --e-global-typography-text-word-spacing );}.elementor-widget-text-editor{font-size:var( --e-global-typography-text-font-size );line-height:var( --e-global-typography-text-line-height );letter-spacing:var( --e-global-typography-text-letter-spacing );word-spacing:var( --e-global-typography-text-word-spacing );}.elementor-747 .elementor-element.elementor-element-d7b88c5{font-size:var( --e-global-typography-text-font-size );line-height:var( --e-global-typography-text-line-height );letter-spacing:var( --e-global-typography-text-letter-spacing );word-spacing:var( --e-global-typography-text-word-spacing );}}@media(max-width:767px){.elementor-widget-heading .elementor-heading-title{font-size:var( --e-global-typography-primary-font-size );line-height:var( --e-global-typography-primary-line-height );letter-spacing:var( --e-global-typography-primary-letter-spacing );}.elementor-747 .elementor-element.elementor-element-71c5cb3a .elementor-heading-title{font-size:var( --e-global-typography-primary-font-size );line-height:var( --e-global-typography-primary-line-height );letter-spacing:var( --e-global-typography-primary-letter-spacing );}.elementor-widget-image .widget-image-caption{font-size:var( --e-global-typography-text-font-size );line-height:var( --e-global-typography-text-line-height );letter-spacing:var( --e-global-typography-text-letter-spacing );word-spacing:var( --e-global-typography-text-word-spacing );}.elementor-widget-text-editor{font-size:var( --e-global-typography-text-font-size );line-height:var( --e-global-typography-text-line-height );letter-spacing:var( --e-global-typography-text-letter-spacing );word-spacing:var( --e-global-typography-text-word-spacing );}.elementor-747 .elementor-element.elementor-element-d7b88c5{font-size:var( --e-global-typography-text-font-size );line-height:var( --e-global-typography-text-line-height );letter-spacing:var( --e-global-typography-text-letter-spacing );word-spacing:var( --e-global-typography-text-word-spacing );}}<\/style>\t\t<div data-elementor-type=\"wp-page\" data-elementor-id=\"747\" class=\"elementor elementor-747\" data-elementor-post-type=\"page\">\n\t\t\t\t<div data-marvy_enable_drop_animation=\"false\" data-marvy_enable_fancy_rotate=\"false\" data-marvy_enable_flying_object=\"false\" data-marvy_enable_ripples_animation=\"false\" data-marvy_enable_waves_animation=\"false\" data-marvy_enable_rings_animation=\"false\" data-marvy_enable_topology_animation=\"false\" data-marvy_enable_gradient_animation=\"false\" data-marvy_enable_snow_animation=\"false\" data-marvy_enable_firework_animation=\"false\" data-marvy_enable_cloud_animation=\"false\" class=\"elementor-element elementor-element-6f64f244 e-flex e-con-boxed e-con e-parent\" data-id=\"6f64f244\" data-element_type=\"container\" data-e-type=\"container\" data-settings=\"{&quot;background_background&quot;:&quot;classic&quot;}\">\n\t\t\t\t\t<div class=\"e-con-inner\">\n\t\t\t\t<div class=\"elementor-element elementor-element-71c5cb3a elementor-widget__width-inherit elementor-widget elementor-widget-heading\" data-id=\"71c5cb3a\" data-element_type=\"widget\" data-e-type=\"widget\" data-widget_type=\"heading.default\">\n\t\t\t\t\t<h1 class=\"elementor-heading-title elementor-size-default\">INTEGRACI\u00d3N DE SISTEMAS LEGADOS<\/h1>\t\t\t\t<\/div>\n\t\t\t\t\t<\/div>\n\t\t\t\t<\/div>\n\t\t<div data-marvy_enable_drop_animation=\"false\" data-marvy_enable_fancy_rotate=\"false\" data-marvy_enable_flying_object=\"false\" data-marvy_enable_ripples_animation=\"false\" data-marvy_enable_waves_animation=\"false\" data-marvy_enable_rings_animation=\"false\" data-marvy_enable_topology_animation=\"false\" data-marvy_enable_gradient_animation=\"false\" data-marvy_enable_snow_animation=\"false\" data-marvy_enable_firework_animation=\"false\" data-marvy_enable_cloud_animation=\"false\" class=\"elementor-element elementor-element-1f40f0f e-flex e-con-boxed e-con e-parent\" data-id=\"1f40f0f\" data-element_type=\"container\" data-e-type=\"container\" data-settings=\"{&quot;background_background&quot;:&quot;video&quot;}\">\n\t\t\t\t\t<div class=\"e-con-inner\">\n\t\t<div data-marvy_enable_drop_animation=\"false\" data-marvy_enable_fancy_rotate=\"false\" data-marvy_enable_flying_object=\"false\" data-marvy_enable_ripples_animation=\"false\" data-marvy_enable_waves_animation=\"false\" data-marvy_enable_rings_animation=\"false\" data-marvy_enable_topology_animation=\"false\" data-marvy_enable_gradient_animation=\"false\" data-marvy_enable_snow_animation=\"false\" data-marvy_enable_firework_animation=\"false\" data-marvy_enable_cloud_animation=\"false\" class=\"elementor-element elementor-element-54c85207 e-con-full e-flex e-con e-child\" data-id=\"54c85207\" data-element_type=\"container\" data-e-type=\"container\">\n\t\t\t\t<div class=\"elementor-element elementor-element-5208fcb1 elementor-widget elementor-widget-image\" data-id=\"5208fcb1\" data-element_type=\"widget\" data-e-type=\"widget\" data-widget_type=\"image.default\">\n\t\t\t\t\t\t\t\t\t\t\t\t\t\t\t<img fetchpriority=\"high\" decoding=\"async\" width=\"768\" height=\"301\" src=\"https:\/\/www.syndein.com.mx\/syn\/wp-content\/uploads\/2026\/01\/Gemini_Generated_Image_ndu5egndu5egndu5-2-768x301.png\" class=\"attachment-medium_large size-medium_large wp-image-1012\" alt=\"\" srcset=\"https:\/\/www.syndein.com.mx\/syn\/wp-content\/uploads\/2026\/01\/Gemini_Generated_Image_ndu5egndu5egndu5-2-768x301.png 768w, https:\/\/www.syndein.com.mx\/syn\/wp-content\/uploads\/2026\/01\/Gemini_Generated_Image_ndu5egndu5egndu5-2-300x118.png 300w, https:\/\/www.syndein.com.mx\/syn\/wp-content\/uploads\/2026\/01\/Gemini_Generated_Image_ndu5egndu5egndu5-2-1024x402.png 1024w, https:\/\/www.syndein.com.mx\/syn\/wp-content\/uploads\/2026\/01\/Gemini_Generated_Image_ndu5egndu5egndu5-2-1536x602.png 1536w, https:\/\/www.syndein.com.mx\/syn\/wp-content\/uploads\/2026\/01\/Gemini_Generated_Image_ndu5egndu5egndu5-2.png 1632w\" sizes=\"(max-width: 768px) 100vw, 768px\" \/>\t\t\t\t\t\t\t\t\t\t\t\t\t\t\t<\/div>\n\t\t\t\t<\/div>\n\t\t\t\t\t<\/div>\n\t\t\t\t<\/div>\n\t\t<div data-marvy_enable_drop_animation=\"false\" data-marvy_enable_fancy_rotate=\"false\" data-marvy_enable_flying_object=\"false\" data-marvy_enable_ripples_animation=\"false\" data-marvy_enable_waves_animation=\"false\" data-marvy_enable_rings_animation=\"false\" data-marvy_enable_topology_animation=\"false\" data-marvy_enable_gradient_animation=\"false\" data-marvy_enable_snow_animation=\"false\" data-marvy_enable_firework_animation=\"false\" data-marvy_enable_cloud_animation=\"false\" class=\"elementor-element elementor-element-33da704 e-flex e-con-boxed e-con e-parent\" data-id=\"33da704\" data-element_type=\"container\" data-e-type=\"container\" data-settings=\"{&quot;background_background&quot;:&quot;classic&quot;}\">\n\t\t\t\t\t<div class=\"e-con-inner\">\n\t\t\t\t<div class=\"elementor-element elementor-element-d7b88c5 elementor-widget elementor-widget-text-editor\" data-id=\"d7b88c5\" data-element_type=\"widget\" data-e-type=\"widget\" data-widget_type=\"text-editor.default\">\n\t\t\t\t\t\t\t\t\t<p>\u00a0<\/p><h2 style=\"text-align: center;\"><b>Procesamiento de Transacciones Desde y Hacia Sistemas Legados<\/b><b>.<\/b><\/h2><p><span style=\"font-weight: 400;\">En el sector financiero, es com\u00fan que las <\/span><span style=\"font-weight: 400;\">Instituciones<\/span><span style=\"font-weight: 400;\"> requieran integrar la informaci\u00f3n de <\/span><b>sistemas legados<\/b><b>,<\/b><span style=\"font-weight: 400;\"> con las <\/span><b>tecnolog\u00edas m\u00e1s recientes<\/b><span style=\"font-weight: 400;\">. Aunque los sistemas legados son esenciales para operaciones cr\u00edticas, su evoluci\u00f3n es un proceso complejo y prolongado.<\/span><\/p><p><span style=\"font-weight: 400;\">Para resolver este desaf\u00edo, <\/span><b>InterAct Router<\/b><span style=\"font-weight: 400;\"> ofrece una soluci\u00f3n ideal. Su arquitectura, basada en el intercambio de mensajes, permite que las nuevas aplicaciones se comuniquen de forma segura con los sistemas legados. De esta manera, las instituciones pueden aprovechar lo mejor de ambos mundos, sin tener que realizar una migraci\u00f3n completa de sus sistemas.<\/span><\/p><h3 style=\"text-align: center;\"><strong>Conectividad Segura y Confiable<\/strong><\/h3><p><span style=\"font-weight: 400;\">Al combinar la tecnolog\u00eda de <\/span><b>InterAct Router<\/b><span style=\"font-weight: 400;\"> con algoritmos <\/span><span style=\"font-weight: 400;\">de <\/span><b>cifrado (TLS, AES, etc.)<\/b><span style=\"font-weight: 400;\">,<\/span><span style=\"font-weight: 400;\"> nos aseguramos de que toda la informaci\u00f3n que se transfiere entre los diferentes sistemas viaje de forma totalmente segura. Esta caracter\u00edstica no solo resguarda la informaci\u00f3n de <\/span><span style=\"font-weight: 400;\">la<\/span> <span style=\"font-weight: 400;\">Instituci\u00f3n<\/span><span style=\"font-weight: 400;\">, sino que tambi\u00e9n avala el cumplimiento de las regulaciones <\/span><span style=\"font-weight: 400;\">internacionales<\/span><span style=\"font-weight: 400;\"> m\u00e1s estrictas sobre el intercambio de datos.<\/span><\/p>\t\t\t\t\t\t\t\t<\/div>\n\t\t\t\t\t<\/div>\n\t\t\t\t<\/div>\n\t\t\t\t<\/div>\n\t\t","protected":false},"excerpt":{"rendered":"<p>INTEGRACI\u00d3N DE SISTEMAS LEGADOS \u00a0 Procesamiento de Transacciones Desde y Hacia Sistemas Legados. En el sector financiero, es com\u00fan que las Instituciones requieran integrar la informaci\u00f3n de sistemas legados, con las tecnolog\u00edas m\u00e1s recientes. Aunque los sistemas legados son esenciales para operaciones cr\u00edticas, su evoluci\u00f3n es un proceso complejo y prolongado. Para resolver este desaf\u00edo, [&hellip;]<\/p>\n","protected":false},"author":1,"featured_media":0,"parent":0,"menu_order":0,"comment_status":"closed","ping_status":"closed","template":"","meta":{"footnotes":""},"class_list":["post-747","page","type-page","status-publish","hentry"],"_links":{"self":[{"href":"https:\/\/www.syndein.com.mx\/syn\/index.php\/wp-json\/wp\/v2\/pages\/747","targetHints":{"allow":["GET"]}}],"collection":[{"href":"https:\/\/www.syndein.com.mx\/syn\/index.php\/wp-json\/wp\/v2\/pages"}],"about":[{"href":"https:\/\/www.syndein.com.mx\/syn\/index.php\/wp-json\/wp\/v2\/types\/page"}],"author":[{"embeddable":true,"href":"https:\/\/www.syndein.com.mx\/syn\/index.php\/wp-json\/wp\/v2\/users\/1"}],"replies":[{"embeddable":true,"href":"https:\/\/www.syndein.com.mx\/syn\/index.php\/wp-json\/wp\/v2\/comments?post=747"}],"version-history":[{"count":13,"href":"https:\/\/www.syndein.com.mx\/syn\/index.php\/wp-json\/wp\/v2\/pages\/747\/revisions"}],"predecessor-version":[{"id":1137,"href":"https:\/\/www.syndein.com.mx\/syn\/index.php\/wp-json\/wp\/v2\/pages\/747\/revisions\/1137"}],"wp:attachment":[{"href":"https:\/\/www.syndein.com.mx\/syn\/index.php\/wp-json\/wp\/v2\/media?parent=747"}],"curies":[{"name":"wp","href":"https:\/\/api.w.org\/{rel}","templated":true}]}}