{"id":744,"date":"2026-01-13T11:45:45","date_gmt":"2026-01-13T10:45:45","guid":{"rendered":"https:\/\/www.syndein.com.mx\/syn\/index.php\/integracion-de-canales-adquirientes\/"},"modified":"2026-01-14T22:57:45","modified_gmt":"2026-01-14T21:57:45","slug":"integracion-de-canales-adquirientes","status":"publish","type":"page","link":"https:\/\/www.syndein.com.mx\/syn\/index.php\/integracion-de-canales-adquirientes\/","title":{"rendered":"Integraci\u00f3n de Canales Adquirientes\u200b"},"content":{"rendered":"<style>.elementor-744 .elementor-element.elementor-element-1b48520b{--display:flex;--flex-direction:row;--container-widget-width:initial;--container-widget-height:100%;--container-widget-flex-grow:1;--container-widget-align-self:stretch;--flex-wrap-mobile:wrap;}.elementor-744 .elementor-element.elementor-element-1b48520b:not(.elementor-motion-effects-element-type-background), .elementor-744 .elementor-element.elementor-element-1b48520b > .elementor-motion-effects-container > .elementor-motion-effects-layer{background-color:var( --e-global-color-secondary );background:url(\"https:\/\/www.syndein.com.mx\/syn\/wp-content\/uploads\/2026\/01\/Captura-de-pantalla-2025-11-04-100546.png\") 50% 50%;background-size:cover;}.elementor-widget-heading .elementor-heading-title{font-family:var( --e-global-typography-primary-font-family ), Square;font-size:var( --e-global-typography-primary-font-size );font-weight:var( --e-global-typography-primary-font-weight );font-style:var( --e-global-typography-primary-font-style );line-height:var( --e-global-typography-primary-line-height );letter-spacing:var( --e-global-typography-primary-letter-spacing );color:var( --e-global-color-primary );}.elementor-744 .elementor-element.elementor-element-4879093f{text-align:center;margin:15px 15px calc(var(--kit-widget-spacing, 0px) + 15px) 15px;padding:40px 40px 40px 40px;width:100%;max-width:100%;}.elementor-744 .elementor-element.elementor-element-4879093f .elementor-heading-title{font-family:var( --e-global-typography-primary-font-family ), Square;font-size:var( --e-global-typography-primary-font-size );font-weight:var( --e-global-typography-primary-font-weight );font-style:var( --e-global-typography-primary-font-style );line-height:var( --e-global-typography-primary-line-height );letter-spacing:var( --e-global-typography-primary-letter-spacing );text-shadow:0px 0px 10px rgba(0,0,0,0.3);color:var( --e-global-color-secondary );}.elementor-744 .elementor-element.elementor-element-707727a0{--display:flex;--flex-direction:row;--container-widget-width:initial;--container-widget-height:100%;--container-widget-flex-grow:1;--container-widget-align-self:stretch;--flex-wrap-mobile:wrap;}.elementor-744 .elementor-element.elementor-element-707727a0:not(.elementor-motion-effects-element-type-background), .elementor-744 .elementor-element.elementor-element-707727a0 > .elementor-motion-effects-container > .elementor-motion-effects-layer{background-color:var( --e-global-color-secondary );}.elementor-widget-text-editor{font-family:var( --e-global-typography-text-font-family ), Square;font-size:var( --e-global-typography-text-font-size );font-weight:var( --e-global-typography-text-font-weight );line-height:var( --e-global-typography-text-line-height );letter-spacing:var( --e-global-typography-text-letter-spacing );word-spacing:var( --e-global-typography-text-word-spacing );color:var( --e-global-color-text );}.elementor-widget-text-editor.elementor-drop-cap-view-stacked .elementor-drop-cap{background-color:var( --e-global-color-primary );}.elementor-widget-text-editor.elementor-drop-cap-view-framed .elementor-drop-cap, .elementor-widget-text-editor.elementor-drop-cap-view-default .elementor-drop-cap{color:var( --e-global-color-primary );border-color:var( --e-global-color-primary );}.elementor-744 .elementor-element.elementor-element-7159c899{text-align:justify;font-family:var( --e-global-typography-text-font-family ), Square;font-size:var( --e-global-typography-text-font-size );font-weight:var( --e-global-typography-text-font-weight );line-height:var( --e-global-typography-text-line-height );letter-spacing:var( --e-global-typography-text-letter-spacing );word-spacing:var( --e-global-typography-text-word-spacing );color:var( --e-global-color-primary );}:root{--page-title-display:none;}@media(max-width:1024px){.elementor-widget-heading .elementor-heading-title{font-size:var( --e-global-typography-primary-font-size );line-height:var( --e-global-typography-primary-line-height );letter-spacing:var( --e-global-typography-primary-letter-spacing );}.elementor-744 .elementor-element.elementor-element-4879093f .elementor-heading-title{font-size:var( --e-global-typography-primary-font-size );line-height:var( --e-global-typography-primary-line-height );letter-spacing:var( --e-global-typography-primary-letter-spacing );}.elementor-widget-text-editor{font-size:var( --e-global-typography-text-font-size );line-height:var( --e-global-typography-text-line-height );letter-spacing:var( --e-global-typography-text-letter-spacing );word-spacing:var( --e-global-typography-text-word-spacing );}.elementor-744 .elementor-element.elementor-element-7159c899{font-size:var( --e-global-typography-text-font-size );line-height:var( --e-global-typography-text-line-height );letter-spacing:var( --e-global-typography-text-letter-spacing );word-spacing:var( --e-global-typography-text-word-spacing );}}@media(max-width:767px){.elementor-widget-heading .elementor-heading-title{font-size:var( --e-global-typography-primary-font-size );line-height:var( --e-global-typography-primary-line-height );letter-spacing:var( --e-global-typography-primary-letter-spacing );}.elementor-744 .elementor-element.elementor-element-4879093f .elementor-heading-title{font-size:var( --e-global-typography-primary-font-size );line-height:var( --e-global-typography-primary-line-height );letter-spacing:var( --e-global-typography-primary-letter-spacing );}.elementor-widget-text-editor{font-size:var( --e-global-typography-text-font-size );line-height:var( --e-global-typography-text-line-height );letter-spacing:var( --e-global-typography-text-letter-spacing );word-spacing:var( --e-global-typography-text-word-spacing );}.elementor-744 .elementor-element.elementor-element-7159c899{font-size:var( --e-global-typography-text-font-size );line-height:var( --e-global-typography-text-line-height );letter-spacing:var( --e-global-typography-text-letter-spacing );word-spacing:var( --e-global-typography-text-word-spacing );}}<\/style>\t\t<div data-elementor-type=\"wp-page\" data-elementor-id=\"744\" class=\"elementor elementor-744\" data-elementor-post-type=\"page\">\n\t\t\t\t<div data-marvy_enable_drop_animation=\"false\" data-marvy_enable_fancy_rotate=\"false\" data-marvy_enable_flying_object=\"false\" data-marvy_enable_ripples_animation=\"false\" data-marvy_enable_waves_animation=\"false\" data-marvy_enable_rings_animation=\"false\" data-marvy_enable_topology_animation=\"false\" data-marvy_enable_gradient_animation=\"false\" data-marvy_enable_snow_animation=\"false\" data-marvy_enable_firework_animation=\"false\" data-marvy_enable_cloud_animation=\"false\" class=\"elementor-element elementor-element-1b48520b e-flex e-con-boxed e-con e-parent\" data-id=\"1b48520b\" data-element_type=\"container\" data-e-type=\"container\" data-settings=\"{&quot;background_background&quot;:&quot;video&quot;,&quot;background_video_link&quot;:&quot;https:\\\/\\\/youtu.be\\\/8hCUFM0pxws&quot;}\">\n\t\t\t\t\t<div class=\"e-con-inner\">\n\t\t<div class=\"elementor-background-video-container elementor-hidden-mobile\">\n\t\t\t\t\t\t\t<div class=\"elementor-background-video-embed\" role=\"presentation\"><\/div>\n\t\t\t\t\t\t<\/div>\t\t<div class=\"elementor-element elementor-element-4879093f elementor-widget__width-inherit elementor-widget elementor-widget-heading\" data-id=\"4879093f\" data-element_type=\"widget\" data-e-type=\"widget\" data-widget_type=\"heading.default\">\n\t\t\t\t\t<h1 class=\"elementor-heading-title elementor-size-default\">Integraci\u00f3n de Canales Adquirientes<\/h1>\t\t\t\t<\/div>\n\t\t\t\t\t<\/div>\n\t\t\t\t<\/div>\n\t\t<div data-marvy_enable_drop_animation=\"false\" data-marvy_enable_fancy_rotate=\"false\" data-marvy_enable_flying_object=\"false\" data-marvy_enable_ripples_animation=\"false\" data-marvy_enable_waves_animation=\"false\" data-marvy_enable_rings_animation=\"false\" data-marvy_enable_topology_animation=\"false\" data-marvy_enable_gradient_animation=\"false\" data-marvy_enable_snow_animation=\"false\" data-marvy_enable_firework_animation=\"false\" data-marvy_enable_cloud_animation=\"false\" class=\"elementor-element elementor-element-707727a0 e-flex e-con-boxed e-con e-parent\" data-id=\"707727a0\" data-element_type=\"container\" data-e-type=\"container\" data-settings=\"{&quot;background_background&quot;:&quot;classic&quot;}\">\n\t\t\t\t\t<div class=\"e-con-inner\">\n\t\t\t\t<div class=\"elementor-element elementor-element-7159c899 elementor-widget elementor-widget-text-editor\" data-id=\"7159c899\" data-element_type=\"widget\" data-e-type=\"widget\" data-widget_type=\"text-editor.default\">\n\t\t\t\t\t\t\t\t\t<p>\u00a0<\/p><h2 style=\"text-align: center;\"><b>Procesamiento<\/b><b> de Transacciones de Canales Adquirientes.<\/b><\/h2><p><span style=\"font-weight: 400;\">Las instituciones financieras actuales, debido a su crecimiento<\/span><span style=\"font-weight: 400;\">, diversificaci\u00f3n y expansi\u00f3n continua<\/span><span style=\"font-weight: 400;\">, a menudo <\/span><span style=\"font-weight: 400;\">interact\u00faan<\/span><span style=\"font-weight: 400;\"> con <\/span><span style=\"font-weight: 400;\">diferentes<\/span><span style=\"font-weight: 400;\"> \u00e1reas de negocio. Esto se traduce en la presencia de varios canales adquirientes, cada uno dise\u00f1ado para promover servicios <\/span><span style=\"font-weight: 400;\">espec\u00edficos o solucionar<\/span><span style=\"font-weight: 400;\"> las necesidades de distintos segmentos de clientes.<\/span><\/p><p><span style=\"font-weight: 400;\">Para <\/span><span style=\"font-weight: 400;\">incrementar el valor<\/span><span style=\"font-weight: 400;\"> que los clientes obtienen y optimizar su experiencia, es importante que estos canales adquirientes est\u00e9n conectadas a nivel <\/span><span style=\"font-weight: 400;\">transaccional<\/span><span style=\"font-weight: 400;\">. Nuestras soluciones, <\/span><b>InterAct Router e InterAct Switch<\/b><span style=\"font-weight: 400;\"> facilitan esta integraci\u00f3n. Gracias a su avanzada arquitectura, procesan el intercambio de una diversidad de mensajes de forma segura, utilizando cifrado <\/span><span style=\"font-weight: 400;\">TLS<\/span><span style=\"font-weight: 400;\"> para garantizar que cada transacci\u00f3n sea confiable.<\/span><\/p><p><span style=\"font-weight: 400;\">Adem\u00e1s, <\/span><b>InterAct Router e InterAct Switch,<\/b><span style=\"font-weight: 400;\"> est\u00e1n dise\u00f1ados para operar interrumpidamente, los 7 d\u00edas de la semana, las 24 horas del d\u00eda, los 365 d\u00edas del a\u00f1o, asegurando que sus operaciones nunca se detengan.<\/span><\/p>\t\t\t\t\t\t\t\t<\/div>\n\t\t\t\t\t<\/div>\n\t\t\t\t<\/div>\n\t\t\t\t<\/div>\n\t\t","protected":false},"excerpt":{"rendered":"<p>Integraci\u00f3n de Canales Adquirientes \u00a0 Procesamiento de Transacciones de Canales Adquirientes. Las instituciones financieras actuales, debido a su crecimiento, diversificaci\u00f3n y expansi\u00f3n continua, a menudo interact\u00faan con diferentes \u00e1reas de negocio. Esto se traduce en la presencia de varios canales adquirientes, cada uno dise\u00f1ado para promover servicios espec\u00edficos o solucionar las necesidades de distintos segmentos [&hellip;]<\/p>\n","protected":false},"author":1,"featured_media":0,"parent":0,"menu_order":0,"comment_status":"closed","ping_status":"closed","template":"","meta":{"footnotes":""},"class_list":["post-744","page","type-page","status-publish","hentry"],"_links":{"self":[{"href":"https:\/\/www.syndein.com.mx\/syn\/index.php\/wp-json\/wp\/v2\/pages\/744","targetHints":{"allow":["GET"]}}],"collection":[{"href":"https:\/\/www.syndein.com.mx\/syn\/index.php\/wp-json\/wp\/v2\/pages"}],"about":[{"href":"https:\/\/www.syndein.com.mx\/syn\/index.php\/wp-json\/wp\/v2\/types\/page"}],"author":[{"embeddable":true,"href":"https:\/\/www.syndein.com.mx\/syn\/index.php\/wp-json\/wp\/v2\/users\/1"}],"replies":[{"embeddable":true,"href":"https:\/\/www.syndein.com.mx\/syn\/index.php\/wp-json\/wp\/v2\/comments?post=744"}],"version-history":[{"count":13,"href":"https:\/\/www.syndein.com.mx\/syn\/index.php\/wp-json\/wp\/v2\/pages\/744\/revisions"}],"predecessor-version":[{"id":1057,"href":"https:\/\/www.syndein.com.mx\/syn\/index.php\/wp-json\/wp\/v2\/pages\/744\/revisions\/1057"}],"wp:attachment":[{"href":"https:\/\/www.syndein.com.mx\/syn\/index.php\/wp-json\/wp\/v2\/media?parent=744"}],"curies":[{"name":"wp","href":"https:\/\/api.w.org\/{rel}","templated":true}]}}