{"id":738,"date":"2026-01-13T11:45:45","date_gmt":"2026-01-13T10:45:45","guid":{"rendered":"https:\/\/www.syndein.com.mx\/syn\/index.php\/acerca-de-nosotros\/"},"modified":"2026-01-14T23:20:58","modified_gmt":"2026-01-14T22:20:58","slug":"acerca-de-nosotros","status":"publish","type":"page","link":"https:\/\/www.syndein.com.mx\/syn\/index.php\/acerca-de-nosotros\/","title":{"rendered":"Acerca de nosotros"},"content":{"rendered":"<style>.elementor-738 .elementor-element.elementor-element-302fb52b{--display:flex;--flex-direction:row;--container-widget-width:initial;--container-widget-height:100%;--container-widget-flex-grow:1;--container-widget-align-self:stretch;--flex-wrap-mobile:wrap;}.elementor-738 .elementor-element.elementor-element-302fb52b:not(.elementor-motion-effects-element-type-background), .elementor-738 .elementor-element.elementor-element-302fb52b > .elementor-motion-effects-container > .elementor-motion-effects-layer{background-color:var( --e-global-color-secondary );background:url(\"https:\/\/www.syndein.com.mx\/syn\/wp-content\/uploads\/2026\/01\/Captura-de-pantalla-2025-11-04-101240.png\") 50% 50%;background-size:cover;}.elementor-widget-heading .elementor-heading-title{font-family:var( --e-global-typography-primary-font-family ), Square;font-size:var( --e-global-typography-primary-font-size );font-weight:var( --e-global-typography-primary-font-weight );font-style:var( --e-global-typography-primary-font-style );line-height:var( --e-global-typography-primary-line-height );letter-spacing:var( --e-global-typography-primary-letter-spacing );color:var( --e-global-color-primary );}.elementor-738 .elementor-element.elementor-element-22ac87ec{text-align:center;margin:15px 15px calc(var(--kit-widget-spacing, 0px) + 15px) 15px;padding:40px 40px 40px 40px;width:100%;max-width:100%;}.elementor-738 .elementor-element.elementor-element-22ac87ec .elementor-heading-title{font-family:var( --e-global-typography-secondary-font-family ), Square;font-size:var( --e-global-typography-secondary-font-size );font-weight:var( --e-global-typography-secondary-font-weight );line-height:var( --e-global-typography-secondary-line-height );text-shadow:0px 0px 8px #000000;color:var( --e-global-color-secondary );}.elementor-738 .elementor-element.elementor-element-4fbc3627{--display:flex;--flex-direction:row;--container-widget-width:initial;--container-widget-height:100%;--container-widget-flex-grow:1;--container-widget-align-self:stretch;--flex-wrap-mobile:wrap;}.elementor-738 .elementor-element.elementor-element-4fbc3627:not(.elementor-motion-effects-element-type-background), .elementor-738 .elementor-element.elementor-element-4fbc3627 > .elementor-motion-effects-container > .elementor-motion-effects-layer{background-color:var( --e-global-color-secondary );}.elementor-widget-text-editor{font-family:var( --e-global-typography-text-font-family ), Square;font-size:var( --e-global-typography-text-font-size );font-weight:var( --e-global-typography-text-font-weight );line-height:var( --e-global-typography-text-line-height );letter-spacing:var( --e-global-typography-text-letter-spacing );word-spacing:var( --e-global-typography-text-word-spacing );color:var( --e-global-color-text );}.elementor-widget-text-editor.elementor-drop-cap-view-stacked .elementor-drop-cap{background-color:var( --e-global-color-primary );}.elementor-widget-text-editor.elementor-drop-cap-view-framed .elementor-drop-cap, .elementor-widget-text-editor.elementor-drop-cap-view-default .elementor-drop-cap{color:var( --e-global-color-primary );border-color:var( --e-global-color-primary );}.elementor-738 .elementor-element.elementor-element-df36773{text-align:justify;font-family:var( --e-global-typography-text-font-family ), Square;font-size:var( --e-global-typography-text-font-size );font-weight:var( --e-global-typography-text-font-weight );line-height:var( --e-global-typography-text-line-height );letter-spacing:var( --e-global-typography-text-letter-spacing );word-spacing:var( --e-global-typography-text-word-spacing );color:var( --e-global-color-primary );}.elementor-738 .elementor-element.elementor-element-df36773 p{margin-block-end:5px;}:root{--page-title-display:none;}@media(max-width:1024px){.elementor-widget-heading .elementor-heading-title{font-size:var( --e-global-typography-primary-font-size );line-height:var( --e-global-typography-primary-line-height );letter-spacing:var( --e-global-typography-primary-letter-spacing );}.elementor-738 .elementor-element.elementor-element-22ac87ec .elementor-heading-title{font-size:var( --e-global-typography-secondary-font-size );line-height:var( --e-global-typography-secondary-line-height );}.elementor-widget-text-editor{font-size:var( --e-global-typography-text-font-size );line-height:var( --e-global-typography-text-line-height );letter-spacing:var( --e-global-typography-text-letter-spacing );word-spacing:var( --e-global-typography-text-word-spacing );}.elementor-738 .elementor-element.elementor-element-df36773{font-size:var( --e-global-typography-text-font-size );line-height:var( --e-global-typography-text-line-height );letter-spacing:var( --e-global-typography-text-letter-spacing );word-spacing:var( --e-global-typography-text-word-spacing );}}@media(max-width:767px){.elementor-widget-heading .elementor-heading-title{font-size:var( --e-global-typography-primary-font-size );line-height:var( --e-global-typography-primary-line-height );letter-spacing:var( --e-global-typography-primary-letter-spacing );}.elementor-738 .elementor-element.elementor-element-22ac87ec .elementor-heading-title{font-size:var( --e-global-typography-secondary-font-size );line-height:var( --e-global-typography-secondary-line-height );}.elementor-widget-text-editor{font-size:var( --e-global-typography-text-font-size );line-height:var( --e-global-typography-text-line-height );letter-spacing:var( --e-global-typography-text-letter-spacing );word-spacing:var( --e-global-typography-text-word-spacing );}.elementor-738 .elementor-element.elementor-element-df36773{font-size:var( --e-global-typography-text-font-size );line-height:var( --e-global-typography-text-line-height );letter-spacing:var( --e-global-typography-text-letter-spacing );word-spacing:var( --e-global-typography-text-word-spacing );}}<\/style>\t\t<div data-elementor-type=\"wp-page\" data-elementor-id=\"738\" class=\"elementor elementor-738\" data-elementor-post-type=\"page\">\n\t\t\t\t<div data-marvy_enable_drop_animation=\"false\" data-marvy_enable_fancy_rotate=\"false\" data-marvy_enable_flying_object=\"false\" data-marvy_enable_ripples_animation=\"false\" data-marvy_enable_waves_animation=\"false\" data-marvy_enable_rings_animation=\"false\" data-marvy_enable_topology_animation=\"false\" data-marvy_enable_gradient_animation=\"false\" data-marvy_enable_snow_animation=\"false\" data-marvy_enable_firework_animation=\"false\" data-marvy_enable_cloud_animation=\"false\" class=\"elementor-element elementor-element-302fb52b e-flex e-con-boxed e-con e-parent\" data-id=\"302fb52b\" data-element_type=\"container\" data-e-type=\"container\" data-settings=\"{&quot;background_background&quot;:&quot;video&quot;,&quot;background_video_link&quot;:&quot;https:\\\/\\\/youtu.be\\\/CaOKSJPKEJI&quot;}\">\n\t\t\t\t\t<div class=\"e-con-inner\">\n\t\t<div class=\"elementor-background-video-container elementor-hidden-mobile\">\n\t\t\t\t\t\t\t<div class=\"elementor-background-video-embed\" role=\"presentation\"><\/div>\n\t\t\t\t\t\t<\/div>\t\t<div class=\"elementor-element elementor-element-22ac87ec elementor-widget__width-inherit elementor-widget elementor-widget-heading\" data-id=\"22ac87ec\" data-element_type=\"widget\" data-e-type=\"widget\" data-widget_type=\"heading.default\">\n\t\t\t\t\t<h2 class=\"elementor-heading-title elementor-size-default\">ACERCA DE NOSOTROS<\/h2>\t\t\t\t<\/div>\n\t\t\t\t\t<\/div>\n\t\t\t\t<\/div>\n\t\t<div data-marvy_enable_drop_animation=\"false\" data-marvy_enable_fancy_rotate=\"false\" data-marvy_enable_flying_object=\"false\" data-marvy_enable_ripples_animation=\"false\" data-marvy_enable_waves_animation=\"false\" data-marvy_enable_rings_animation=\"false\" data-marvy_enable_topology_animation=\"false\" data-marvy_enable_gradient_animation=\"false\" data-marvy_enable_snow_animation=\"false\" data-marvy_enable_firework_animation=\"false\" data-marvy_enable_cloud_animation=\"false\" class=\"elementor-element elementor-element-4fbc3627 e-flex e-con-boxed e-con e-parent\" data-id=\"4fbc3627\" data-element_type=\"container\" data-e-type=\"container\" data-settings=\"{&quot;background_background&quot;:&quot;classic&quot;}\">\n\t\t\t\t\t<div class=\"e-con-inner\">\n\t\t\t\t<div class=\"elementor-element elementor-element-df36773 elementor-widget elementor-widget-text-editor\" data-id=\"df36773\" data-element_type=\"widget\" data-e-type=\"widget\" data-widget_type=\"text-editor.default\">\n\t\t\t\t\t\t\t\t\t<p>\u00a0<\/p><h2 style=\"text-align: center;\"><strong>Syndein: Innovaci\u00f3n en Tecnolog\u00eda Transaccional desde 1997.<\/strong><\/h2><p><span style=\"font-weight: 400;\">Fundada en 1997, <\/span><b>Syndein<\/b><span style=\"font-weight: 400;\"> se ha consolidado como pionera en la creaci\u00f3n de soluciones tecnol\u00f3gicas, fundamentadas en patrones de mensajes. Nuestro objetivo es claro: simplificar la integraci\u00f3n e interacci\u00f3n segura entre aplicaciones <\/span><span style=\"font-weight: 400;\">cr\u00edticas<\/span><span style=\"font-weight: 400;\">, para empresas de cualquier tama\u00f1o.<\/span><\/p><p><span style=\"font-weight: 400;\">Hoy, brindamos un conjunto de soluciones s\u00f3lidas, para el <\/span><b>procesamiento transaccional<\/b><span style=\"font-weight: 400;\"> de diferentes m\u00e9todos de pago y la <\/span><b>integraci\u00f3n de aplicaciones<\/b><span style=\"font-weight: 400;\">, con la flexibilidad requerida para ajustarnos a las demandas de un mercado en constante evoluci\u00f3n.<\/span><\/p><h3 style=\"text-align: center;\"><b>Presencia y Compromiso Regional.<\/b><\/h3><p><span style=\"font-weight: 400;\">Con sucursales en Puebla de Zaragoza, Ciudad de M\u00e9xico y un centro de Investigaci\u00f3n y Desarrollo en Tampico, servimos a entidades corporativas, gubernamentales y financieras en M\u00e9xico, Centroam\u00e9rica y Sudam\u00e9rica.<\/span><\/p><p><span style=\"font-weight: 400;\">Nuestro equipo est\u00e1 compuesto por expertos altamente calificados, con una vasta experiencia en el sector. Este saber nos habilita para brindar un servicio de calidad y excelencia, respaldado por asistencia<\/span> <b>7 x 24 x 365<\/b><span style=\"font-weight: 400;\"> en todos nuestros productos. <\/span><span style=\"font-weight: 400;\">Esta entrega al servicio, fundamenta nuestras relaciones duraderas con los clientes.<\/span><\/p><p><span style=\"font-weight: 400;\">As\u00ed mismo, estamos dedicados a la innovaci\u00f3n. Incorporamos j\u00f3venes talentos a nuestros grupos, para gasantizar que siempre estemos preparados para llevar a cabo nuevos proyectos, <\/span><span style=\"font-weight: 400;\">preservando<\/span><span style=\"font-weight: 400;\"> nuestra calidad de servicio.<\/span><\/p><h3 style=\"text-align: center;\"><b>Nuestra Innovaci\u00f3n: InterAct.<\/b><\/h3><p><b>Syndein<\/b><span style=\"font-weight: 400;\"> proporciona a las empresas la tecnolog\u00eda necesaria, para manejar transacciones de m\u00e9todos de pago, abarcando <\/span><b>tarjetas de cr\u00e9dito, d\u00e9bito y lealtad<\/b><span style=\"font-weight: 400;\">, adem\u00e1s de la administraci\u00f3n de <\/span><b>cajeros autom\u00e1ticos, terminales de punto de venta y servicios m\u00f3viles<\/b><span style=\"font-weight: 400;\">.<\/span><\/p><p><span style=\"font-weight: 400;\">Mediante nuestra gama de productos, asistimos a las empresas en la integraci\u00f3n de diversos canales, como sitios web, e-commerce y portales de autoservicio. Esto facilita la integraci\u00f3n de su informaci\u00f3n y mejora la experiencia de sus clientes.<\/span><\/p><p><b>InterAct<\/b><span style=\"font-weight: 400;\"> constituye el eje transaccional sobre el que se desarrollan nuestras dos l\u00edneas de productos: <\/span><b>InterAct Switch<\/b><span style=\"font-weight: 400;\"> e <\/span><b>InterAct Router<\/b><span style=\"font-weight: 400;\">. <\/span><b>InterAct<\/b><span style=\"font-weight: 400;\"> funciona en cualquier plataforma y es <\/span><b>completamente escalable<\/b><span style=\"font-weight: 400;\">, dejando que su capacidad de procesamiento se expanda al comp\u00e1s de su negocio. Su dise\u00f1o modular permite una r\u00e1pida adaptaci\u00f3n, lo que nos distingue de otras plataformas disponibles en el mercado.<\/span><\/p>\t\t\t\t\t\t\t\t<\/div>\n\t\t\t\t\t<\/div>\n\t\t\t\t<\/div>\n\t\t\t\t<\/div>\n\t\t","protected":false},"excerpt":{"rendered":"<p>ACERCA DE NOSOTROS \u00a0 Syndein: Innovaci\u00f3n en Tecnolog\u00eda Transaccional desde 1997. Fundada en 1997, Syndein se ha consolidado como pionera en la creaci\u00f3n de soluciones tecnol\u00f3gicas, fundamentadas en patrones de mensajes. Nuestro objetivo es claro: simplificar la integraci\u00f3n e interacci\u00f3n segura entre aplicaciones cr\u00edticas, para empresas de cualquier tama\u00f1o. Hoy, brindamos un conjunto de soluciones [&hellip;]<\/p>\n","protected":false},"author":1,"featured_media":0,"parent":0,"menu_order":0,"comment_status":"closed","ping_status":"closed","template":"","meta":{"footnotes":""},"class_list":["post-738","page","type-page","status-publish","hentry"],"_links":{"self":[{"href":"https:\/\/www.syndein.com.mx\/syn\/index.php\/wp-json\/wp\/v2\/pages\/738","targetHints":{"allow":["GET"]}}],"collection":[{"href":"https:\/\/www.syndein.com.mx\/syn\/index.php\/wp-json\/wp\/v2\/pages"}],"about":[{"href":"https:\/\/www.syndein.com.mx\/syn\/index.php\/wp-json\/wp\/v2\/types\/page"}],"author":[{"embeddable":true,"href":"https:\/\/www.syndein.com.mx\/syn\/index.php\/wp-json\/wp\/v2\/users\/1"}],"replies":[{"embeddable":true,"href":"https:\/\/www.syndein.com.mx\/syn\/index.php\/wp-json\/wp\/v2\/comments?post=738"}],"version-history":[{"count":10,"href":"https:\/\/www.syndein.com.mx\/syn\/index.php\/wp-json\/wp\/v2\/pages\/738\/revisions"}],"predecessor-version":[{"id":1068,"href":"https:\/\/www.syndein.com.mx\/syn\/index.php\/wp-json\/wp\/v2\/pages\/738\/revisions\/1068"}],"wp:attachment":[{"href":"https:\/\/www.syndein.com.mx\/syn\/index.php\/wp-json\/wp\/v2\/media?parent=738"}],"curies":[{"name":"wp","href":"https:\/\/api.w.org\/{rel}","templated":true}]}}