{"id":735,"date":"2026-01-13T11:45:45","date_gmt":"2026-01-13T10:45:45","guid":{"rendered":"https:\/\/www.syndein.com.mx\/syn\/index.php\/interact-sucursales\/"},"modified":"2026-01-14T03:39:47","modified_gmt":"2026-01-14T02:39:47","slug":"interact-sucursales","status":"publish","type":"page","link":"https:\/\/www.syndein.com.mx\/syn\/index.php\/interact-sucursales\/","title":{"rendered":"InterAct Sucursales"},"content":{"rendered":"<style>.elementor-735 .elementor-element.elementor-element-3ba18fb0{--display:flex;--flex-direction:row;--container-widget-width:initial;--container-widget-height:100%;--container-widget-flex-grow:1;--container-widget-align-self:stretch;--flex-wrap-mobile:wrap;}.elementor-widget-heading .elementor-heading-title{font-family:var( --e-global-typography-primary-font-family ), Square;font-size:var( --e-global-typography-primary-font-size );font-weight:var( --e-global-typography-primary-font-weight );font-style:var( --e-global-typography-primary-font-style );line-height:var( --e-global-typography-primary-line-height );letter-spacing:var( --e-global-typography-primary-letter-spacing );color:var( --e-global-color-primary );}.elementor-735 .elementor-element.elementor-element-56cba20d{text-align:center;margin:15px 15px calc(var(--kit-widget-spacing, 0px) + 15px) 15px;padding:40px 40px 40px 40px;width:100%;max-width:100%;}.elementor-735 .elementor-element.elementor-element-56cba20d .elementor-heading-title{font-family:\"eurostile\", Square;font-size:4em;font-weight:900;font-style:normal;line-height:70px;letter-spacing:2.5px;color:var( --e-global-color-secondary );}.elementor-735 .elementor-element.elementor-element-5c8d7fe1{--display:flex;--flex-direction:row;--container-widget-width:initial;--container-widget-height:100%;--container-widget-flex-grow:1;--container-widget-align-self:stretch;--flex-wrap-mobile:wrap;}.elementor-735 .elementor-element.elementor-element-5c8d7fe1:not(.elementor-motion-effects-element-type-background), .elementor-735 .elementor-element.elementor-element-5c8d7fe1 > .elementor-motion-effects-container > .elementor-motion-effects-layer{background-color:var( --e-global-color-secondary );}.elementor-widget-text-editor{font-family:var( --e-global-typography-text-font-family ), Square;font-size:var( --e-global-typography-text-font-size );font-weight:var( --e-global-typography-text-font-weight );line-height:var( --e-global-typography-text-line-height );letter-spacing:var( --e-global-typography-text-letter-spacing );word-spacing:var( --e-global-typography-text-word-spacing );color:var( --e-global-color-text );}.elementor-widget-text-editor.elementor-drop-cap-view-stacked .elementor-drop-cap{background-color:var( --e-global-color-primary );}.elementor-widget-text-editor.elementor-drop-cap-view-framed .elementor-drop-cap, .elementor-widget-text-editor.elementor-drop-cap-view-default .elementor-drop-cap{color:var( --e-global-color-primary );border-color:var( --e-global-color-primary );}.elementor-735 .elementor-element.elementor-element-7aaf506f{columns:1;text-align:justify;font-family:var( --e-global-typography-text-font-family ), Square;font-size:var( --e-global-typography-text-font-size );font-weight:var( --e-global-typography-text-font-weight );line-height:var( --e-global-typography-text-line-height );letter-spacing:var( --e-global-typography-text-letter-spacing );word-spacing:var( --e-global-typography-text-word-spacing );color:var( --e-global-color-primary );}:root{--page-title-display:none;}@media(max-width:1024px){.elementor-widget-heading .elementor-heading-title{font-size:var( --e-global-typography-primary-font-size );line-height:var( --e-global-typography-primary-line-height );letter-spacing:var( --e-global-typography-primary-letter-spacing );}.elementor-735 .elementor-element.elementor-element-56cba20d .elementor-heading-title{font-size:1em;line-height:1.1em;}.elementor-widget-text-editor{font-size:var( --e-global-typography-text-font-size );line-height:var( --e-global-typography-text-line-height );letter-spacing:var( --e-global-typography-text-letter-spacing );word-spacing:var( --e-global-typography-text-word-spacing );}.elementor-735 .elementor-element.elementor-element-7aaf506f{font-size:var( --e-global-typography-text-font-size );line-height:var( --e-global-typography-text-line-height );letter-spacing:var( --e-global-typography-text-letter-spacing );word-spacing:var( --e-global-typography-text-word-spacing );}}@media(max-width:767px){.elementor-widget-heading .elementor-heading-title{font-size:var( --e-global-typography-primary-font-size );line-height:var( --e-global-typography-primary-line-height );letter-spacing:var( --e-global-typography-primary-letter-spacing );}.elementor-735 .elementor-element.elementor-element-56cba20d .elementor-heading-title{font-size:2.5em;line-height:1.1em;}.elementor-widget-text-editor{font-size:var( --e-global-typography-text-font-size );line-height:var( --e-global-typography-text-line-height );letter-spacing:var( --e-global-typography-text-letter-spacing );word-spacing:var( --e-global-typography-text-word-spacing );}.elementor-735 .elementor-element.elementor-element-7aaf506f{font-size:var( --e-global-typography-text-font-size );line-height:var( --e-global-typography-text-line-height );letter-spacing:var( --e-global-typography-text-letter-spacing );word-spacing:var( --e-global-typography-text-word-spacing );}}<\/style>\t\t<div data-elementor-type=\"wp-page\" data-elementor-id=\"735\" class=\"elementor elementor-735\" data-elementor-post-type=\"page\">\n\t\t\t\t<div data-marvy_enable_drop_animation=\"false\" data-marvy_enable_fancy_rotate=\"false\" data-marvy_enable_flying_object=\"false\" data-marvy_enable_ripples_animation=\"false\" data-marvy_enable_waves_animation=\"false\" data-marvy_enable_rings_animation=\"false\" data-marvy_enable_topology_animation=\"false\" data-marvy_enable_gradient_animation=\"false\" data-marvy_enable_snow_animation=\"false\" data-marvy_enable_firework_animation=\"false\" data-marvy_enable_cloud_animation=\"false\" class=\"elementor-element elementor-element-3ba18fb0 e-flex e-con-boxed e-con e-parent\" data-id=\"3ba18fb0\" data-element_type=\"container\" data-e-type=\"container\" data-settings=\"{&quot;background_background&quot;:&quot;video&quot;,&quot;background_video_link&quot;:&quot;https:\\\/\\\/youtu.be\\\/n_yMoxx8qx8&quot;}\">\n\t\t\t\t\t<div class=\"e-con-inner\">\n\t\t<div class=\"elementor-background-video-container elementor-hidden-mobile\">\n\t\t\t\t\t\t\t<div class=\"elementor-background-video-embed\" role=\"presentation\"><\/div>\n\t\t\t\t\t\t<\/div>\t\t<div class=\"elementor-element elementor-element-56cba20d elementor-widget__width-inherit elementor-widget elementor-widget-heading\" data-id=\"56cba20d\" data-element_type=\"widget\" data-e-type=\"widget\" data-widget_type=\"heading.default\">\n\t\t\t\t\t<h2 class=\"elementor-heading-title elementor-size-default\">InterAct Sucursales<\/h2>\t\t\t\t<\/div>\n\t\t\t\t\t<\/div>\n\t\t\t\t<\/div>\n\t\t<div data-marvy_enable_drop_animation=\"false\" data-marvy_enable_fancy_rotate=\"false\" data-marvy_enable_flying_object=\"false\" data-marvy_enable_ripples_animation=\"false\" data-marvy_enable_waves_animation=\"false\" data-marvy_enable_rings_animation=\"false\" data-marvy_enable_topology_animation=\"false\" data-marvy_enable_gradient_animation=\"false\" data-marvy_enable_snow_animation=\"false\" data-marvy_enable_firework_animation=\"false\" data-marvy_enable_cloud_animation=\"false\" class=\"elementor-element elementor-element-5c8d7fe1 e-flex e-con-boxed e-con e-parent\" data-id=\"5c8d7fe1\" data-element_type=\"container\" data-e-type=\"container\" data-settings=\"{&quot;background_background&quot;:&quot;classic&quot;}\">\n\t\t\t\t\t<div class=\"e-con-inner\">\n\t\t\t\t<div class=\"elementor-element elementor-element-7aaf506f elementor-widget elementor-widget-text-editor\" data-id=\"7aaf506f\" data-element_type=\"widget\" data-e-type=\"widget\" data-widget_type=\"text-editor.default\">\n\t\t\t\t\t\t\t\t\t<h2 style=\"text-align: center;\">\u00a0<\/h2><h2 style=\"text-align: center;\"><b>Procesamiento de Transacciones Entre Sucursales Bancarias y Sistemas Centrales.<\/b><\/h2><p>En las instituciones financieras, es fundamental que sucursales, centros regionales y otros puntos de atenci\u00f3n al p\u00fablico puedan comunicarse de manera segura y eficaz con los <strong>sistemas centrales del banco<\/strong>. Estos sistemas gestionan operaciones clave como consultas de saldo, dep\u00f3sitos, retiros, alta de clientes y manejo de cuentas, entre otras. Todas estas transacciones, sin importar su origen, deben interactuar con las aplicaciones principales de la instituci\u00f3n.<\/p><p>Nuestra tecnolog\u00eda, que combina <strong>InterAct Router<\/strong> e <strong>InterAPI<\/strong>, simplifica este proceso. Permite que cualquier solicitud enviada desde las sucursales o centros de atenci\u00f3n sea procesada y reciba una respuesta de los sistemas centrales de manera segura y confiable.<\/p><p>Adem\u00e1s, <strong>InterAct Router<\/strong> ayuda a las instituciones a cumplir con las regulaciones de entidades como el Banco de M\u00e9xico, garantizando un intercambio de informaci\u00f3n seguro y ordenado entre todas las \u00e1reas de la instituci\u00f3n.<\/p>\t\t\t\t\t\t\t\t<\/div>\n\t\t\t\t\t<\/div>\n\t\t\t\t<\/div>\n\t\t\t\t<\/div>\n\t\t","protected":false},"excerpt":{"rendered":"<p>InterAct Sucursales \u00a0 Procesamiento de Transacciones Entre Sucursales Bancarias y Sistemas Centrales. En las instituciones financieras, es fundamental que sucursales, centros regionales y otros puntos de atenci\u00f3n al p\u00fablico puedan comunicarse de manera segura y eficaz con los sistemas centrales del banco. Estos sistemas gestionan operaciones clave como consultas de saldo, dep\u00f3sitos, retiros, alta de [&hellip;]<\/p>\n","protected":false},"author":1,"featured_media":0,"parent":0,"menu_order":0,"comment_status":"closed","ping_status":"closed","template":"","meta":{"footnotes":""},"class_list":["post-735","page","type-page","status-publish","hentry"],"_links":{"self":[{"href":"https:\/\/www.syndein.com.mx\/syn\/index.php\/wp-json\/wp\/v2\/pages\/735","targetHints":{"allow":["GET"]}}],"collection":[{"href":"https:\/\/www.syndein.com.mx\/syn\/index.php\/wp-json\/wp\/v2\/pages"}],"about":[{"href":"https:\/\/www.syndein.com.mx\/syn\/index.php\/wp-json\/wp\/v2\/types\/page"}],"author":[{"embeddable":true,"href":"https:\/\/www.syndein.com.mx\/syn\/index.php\/wp-json\/wp\/v2\/users\/1"}],"replies":[{"embeddable":true,"href":"https:\/\/www.syndein.com.mx\/syn\/index.php\/wp-json\/wp\/v2\/comments?post=735"}],"version-history":[{"count":7,"href":"https:\/\/www.syndein.com.mx\/syn\/index.php\/wp-json\/wp\/v2\/pages\/735\/revisions"}],"predecessor-version":[{"id":938,"href":"https:\/\/www.syndein.com.mx\/syn\/index.php\/wp-json\/wp\/v2\/pages\/735\/revisions\/938"}],"wp:attachment":[{"href":"https:\/\/www.syndein.com.mx\/syn\/index.php\/wp-json\/wp\/v2\/media?parent=735"}],"curies":[{"name":"wp","href":"https:\/\/api.w.org\/{rel}","templated":true}]}}