{"id":729,"date":"2026-01-13T11:45:45","date_gmt":"2026-01-13T10:45:45","guid":{"rendered":"https:\/\/www.syndein.com.mx\/syn\/index.php\/cajeros-automaticos\/"},"modified":"2026-01-14T03:32:46","modified_gmt":"2026-01-14T02:32:46","slug":"cajeros-automaticos","status":"publish","type":"page","link":"https:\/\/www.syndein.com.mx\/syn\/index.php\/cajeros-automaticos\/","title":{"rendered":"Cajeros Autom\u00e1ticos"},"content":{"rendered":"<style>.elementor-729 .elementor-element.elementor-element-1cd0f9bb{--display:flex;--flex-direction:row;--container-widget-width:initial;--container-widget-height:100%;--container-widget-flex-grow:1;--container-widget-align-self:stretch;--flex-wrap-mobile:wrap;--padding-top:40px;--padding-bottom:40px;--padding-left:40px;--padding-right:40px;}.elementor-729 .elementor-element.elementor-element-1cd0f9bb:not(.elementor-motion-effects-element-type-background), .elementor-729 .elementor-element.elementor-element-1cd0f9bb > .elementor-motion-effects-container > .elementor-motion-effects-layer{background-color:var( --e-global-color-secondary );}.elementor-widget-heading .elementor-heading-title{font-family:var( --e-global-typography-primary-font-family ), Square;font-size:var( --e-global-typography-primary-font-size );font-weight:var( --e-global-typography-primary-font-weight );font-style:var( --e-global-typography-primary-font-style );line-height:var( --e-global-typography-primary-line-height );letter-spacing:var( --e-global-typography-primary-letter-spacing );color:var( --e-global-color-primary );}.elementor-729 .elementor-element.elementor-element-56a1ec68{text-align:center;margin:15px 15px calc(var(--kit-widget-spacing, 0px) + 15px) 15px;padding:15px 15px 15px 15px;width:100%;max-width:100%;}.elementor-729 .elementor-element.elementor-element-56a1ec68 .elementor-heading-title{font-family:var( --e-global-typography-primary-font-family ), Square;font-size:var( --e-global-typography-primary-font-size );font-weight:var( --e-global-typography-primary-font-weight );font-style:var( --e-global-typography-primary-font-style );line-height:var( --e-global-typography-primary-line-height );letter-spacing:var( --e-global-typography-primary-letter-spacing );text-shadow:0px 0px 9px rgba(0,0,0,0.3);color:var( --e-global-color-secondary );}.elementor-729 .elementor-element.elementor-element-31f91a4b{--display:flex;--flex-direction:row;--container-widget-width:initial;--container-widget-height:100%;--container-widget-flex-grow:1;--container-widget-align-self:stretch;--flex-wrap-mobile:wrap;}.elementor-729 .elementor-element.elementor-element-31f91a4b:not(.elementor-motion-effects-element-type-background), .elementor-729 .elementor-element.elementor-element-31f91a4b > .elementor-motion-effects-container > .elementor-motion-effects-layer{background-color:transparent;background-image:linear-gradient(180deg, #000000 0%, #FFFFFF 3%);}.elementor-widget-text-editor{font-family:var( --e-global-typography-text-font-family ), Square;font-size:var( --e-global-typography-text-font-size );font-weight:var( --e-global-typography-text-font-weight );line-height:var( --e-global-typography-text-line-height );letter-spacing:var( --e-global-typography-text-letter-spacing );word-spacing:var( --e-global-typography-text-word-spacing );color:var( --e-global-color-text );}.elementor-widget-text-editor.elementor-drop-cap-view-stacked .elementor-drop-cap{background-color:var( --e-global-color-primary );}.elementor-widget-text-editor.elementor-drop-cap-view-framed .elementor-drop-cap, .elementor-widget-text-editor.elementor-drop-cap-view-default .elementor-drop-cap{color:var( --e-global-color-primary );border-color:var( --e-global-color-primary );}.elementor-729 .elementor-element.elementor-element-d01b5b7{text-align:justify;font-family:var( --e-global-typography-text-font-family ), Square;font-size:var( --e-global-typography-text-font-size );font-weight:var( --e-global-typography-text-font-weight );line-height:var( --e-global-typography-text-line-height );letter-spacing:var( --e-global-typography-text-letter-spacing );word-spacing:var( --e-global-typography-text-word-spacing );color:var( --e-global-color-primary );}:root{--page-title-display:none;}@media(max-width:1024px){.elementor-widget-heading .elementor-heading-title{font-size:var( --e-global-typography-primary-font-size );line-height:var( --e-global-typography-primary-line-height );letter-spacing:var( --e-global-typography-primary-letter-spacing );}.elementor-729 .elementor-element.elementor-element-56a1ec68 .elementor-heading-title{font-size:var( --e-global-typography-primary-font-size );line-height:var( --e-global-typography-primary-line-height );letter-spacing:var( --e-global-typography-primary-letter-spacing );}.elementor-widget-text-editor{font-size:var( --e-global-typography-text-font-size );line-height:var( --e-global-typography-text-line-height );letter-spacing:var( --e-global-typography-text-letter-spacing );word-spacing:var( --e-global-typography-text-word-spacing );}.elementor-729 .elementor-element.elementor-element-d01b5b7{font-size:var( --e-global-typography-text-font-size );line-height:var( --e-global-typography-text-line-height );letter-spacing:var( --e-global-typography-text-letter-spacing );word-spacing:var( --e-global-typography-text-word-spacing );}}@media(max-width:767px){.elementor-widget-heading .elementor-heading-title{font-size:var( --e-global-typography-primary-font-size );line-height:var( --e-global-typography-primary-line-height );letter-spacing:var( --e-global-typography-primary-letter-spacing );}.elementor-729 .elementor-element.elementor-element-56a1ec68 .elementor-heading-title{font-size:var( --e-global-typography-primary-font-size );line-height:var( --e-global-typography-primary-line-height );letter-spacing:var( --e-global-typography-primary-letter-spacing );}.elementor-widget-text-editor{font-size:var( --e-global-typography-text-font-size );line-height:var( --e-global-typography-text-line-height );letter-spacing:var( --e-global-typography-text-letter-spacing );word-spacing:var( --e-global-typography-text-word-spacing );}.elementor-729 .elementor-element.elementor-element-d01b5b7{font-size:var( --e-global-typography-text-font-size );line-height:var( --e-global-typography-text-line-height );letter-spacing:var( --e-global-typography-text-letter-spacing );word-spacing:var( --e-global-typography-text-word-spacing );}}<\/style>\t\t<div data-elementor-type=\"wp-page\" data-elementor-id=\"729\" class=\"elementor elementor-729\" data-elementor-post-type=\"page\">\n\t\t\t\t<div data-marvy_enable_drop_animation=\"false\" data-marvy_enable_fancy_rotate=\"false\" data-marvy_enable_flying_object=\"false\" data-marvy_enable_ripples_animation=\"false\" data-marvy_enable_waves_animation=\"false\" data-marvy_enable_rings_animation=\"false\" data-marvy_enable_topology_animation=\"false\" data-marvy_enable_gradient_animation=\"false\" data-marvy_enable_snow_animation=\"false\" data-marvy_enable_firework_animation=\"false\" data-marvy_enable_cloud_animation=\"false\" class=\"elementor-element elementor-element-1cd0f9bb e-flex e-con-boxed e-con e-parent\" data-id=\"1cd0f9bb\" data-element_type=\"container\" data-e-type=\"container\" data-settings=\"{&quot;background_background&quot;:&quot;video&quot;,&quot;background_video_link&quot;:&quot;https:\\\/\\\/youtu.be\\\/884FRRppY5Q&quot;}\">\n\t\t\t\t\t<div class=\"e-con-inner\">\n\t\t<div class=\"elementor-background-video-container elementor-hidden-mobile\">\n\t\t\t\t\t\t\t<div class=\"elementor-background-video-embed\" role=\"presentation\"><\/div>\n\t\t\t\t\t\t<\/div>\t\t<div class=\"elementor-element elementor-element-56a1ec68 elementor-widget__width-inherit elementor-widget elementor-widget-heading\" data-id=\"56a1ec68\" data-element_type=\"widget\" data-e-type=\"widget\" data-widget_type=\"heading.default\">\n\t\t\t\t\t<h1 class=\"elementor-heading-title elementor-size-default\">CAJEROS AUTOM\u00c1TICOS<\/h1>\t\t\t\t<\/div>\n\t\t\t\t\t<\/div>\n\t\t\t\t<\/div>\n\t\t<div data-marvy_enable_drop_animation=\"false\" data-marvy_enable_fancy_rotate=\"false\" data-marvy_enable_flying_object=\"false\" data-marvy_enable_ripples_animation=\"false\" data-marvy_enable_waves_animation=\"false\" data-marvy_enable_rings_animation=\"false\" data-marvy_enable_topology_animation=\"false\" data-marvy_enable_gradient_animation=\"false\" data-marvy_enable_snow_animation=\"false\" data-marvy_enable_firework_animation=\"false\" data-marvy_enable_cloud_animation=\"false\" class=\"elementor-element elementor-element-31f91a4b e-flex e-con-boxed e-con e-parent\" data-id=\"31f91a4b\" data-element_type=\"container\" data-e-type=\"container\" data-settings=\"{&quot;background_background&quot;:&quot;gradient&quot;}\">\n\t\t\t\t\t<div class=\"e-con-inner\">\n\t\t\t\t<div class=\"elementor-element elementor-element-d01b5b7 elementor-widget elementor-widget-text-editor\" data-id=\"d01b5b7\" data-element_type=\"widget\" data-e-type=\"widget\" data-widget_type=\"text-editor.default\">\n\t\t\t\t\t\t\t\t\t<p>\u00a0<\/p><h2 style=\"text-align: center;\"><b>Configuraci\u00f3n, administraci\u00f3n, monitoreo y control de Cajeros Autom\u00e1ticos (ATM), asi como el procesamiento de mensajes propios de estos dispositivos.<\/b><b>\u00a0<\/b><\/h2><p><b>InterATM <\/b><span style=\"font-weight: 400;\">es una soluci\u00f3n que permite a instituciones financieras y no financieras, integrar de manera segura, la administraci\u00f3n de sus Cajeros Autom\u00e1ticos con sus sistemas de pago.<\/span><\/p><p><b>InterATM<\/b><span style=\"font-weight: 400;\"> complementa de manera natural a <\/span><b>InterAct Switch <\/b><span style=\"font-weight: 400;\">como emisor, permitiendo integrar el proceso de operaciones de tarjetas en cajeros autom\u00e1ticos, con la autorizaci\u00f3n de transacciones de tarjetas propias de la Instituci\u00f3n (Proceso de Transacciones MIS en MIS).<\/span><\/p><p><span style=\"font-weight: 400;\">De la misma manera, <\/span><b>InterATM <\/b><span style=\"font-weight: 400;\">permite rutear las transacciones de tarjetas de otros bancos, hacia un procesador transaccional nacional o internacional (Proceso de Transacciones SUS en MIS).<\/span><\/p><p><span style=\"font-weight: 400;\">El m\u00f3dulo <\/span><b>InterATM<\/b> <span style=\"font-weight: 400;\">permite manejar<\/span><span style=\"font-weight: 400;\"> cada componente del cajero, incluyendo la configuraci\u00f3n, la aplicaci\u00f3n operativa, los dispensadores de billetes, la cinta de auditor\u00eda, <\/span><span style=\"font-weight: 400;\">la impresora<\/span><span style=\"font-weight: 400;\"> y el lector de tarjetas. Todos estos componentes son supervisados en tiempo real y los datos son transmitidos al <\/span><span style=\"font-weight: 400;\">monitor del m\u00f3dulo<\/span><span style=\"font-weight: 400;\">, lo que permite a los equipos de apoyo y tecnolog\u00eda, tener <\/span><span style=\"font-weight: 400;\">un control total del cajero y sus dispositivos<\/span><span style=\"font-weight: 400;\">.<\/span><\/p><p><span style=\"font-weight: 400;\">Disponemos de interfaces previamente creadas para equipos de marcas como NCR, <\/span><span style=\"font-weight: 400;\">OKI<\/span><span style=\"font-weight: 400;\"> y DIEBOLD, y <\/span><span style=\"font-weight: 400;\">ofrecemos<\/span><span style=\"font-weight: 400;\"> la posibilidad de desarrollar interfaces a la medida, para cualquier otro modelo de cajero que su <\/span><span style=\"font-weight: 400;\">Instituci\u00f3n requiera<\/span><span style=\"font-weight: 400;\">.<\/span><\/p><p><strong>\u00a0<\/strong><\/p>\t\t\t\t\t\t\t\t<\/div>\n\t\t\t\t\t<\/div>\n\t\t\t\t<\/div>\n\t\t\t\t<\/div>\n\t\t","protected":false},"excerpt":{"rendered":"<p>CAJEROS AUTOM\u00c1TICOS \u00a0 Configuraci\u00f3n, administraci\u00f3n, monitoreo y control de Cajeros Autom\u00e1ticos (ATM), asi como el procesamiento de mensajes propios de estos dispositivos.\u00a0 InterATM es una soluci\u00f3n que permite a instituciones financieras y no financieras, integrar de manera segura, la administraci\u00f3n de sus Cajeros Autom\u00e1ticos con sus sistemas de pago. InterATM complementa de manera natural a [&hellip;]<\/p>\n","protected":false},"author":1,"featured_media":0,"parent":0,"menu_order":0,"comment_status":"closed","ping_status":"closed","template":"","meta":{"footnotes":""},"class_list":["post-729","page","type-page","status-publish","hentry"],"_links":{"self":[{"href":"https:\/\/www.syndein.com.mx\/syn\/index.php\/wp-json\/wp\/v2\/pages\/729","targetHints":{"allow":["GET"]}}],"collection":[{"href":"https:\/\/www.syndein.com.mx\/syn\/index.php\/wp-json\/wp\/v2\/pages"}],"about":[{"href":"https:\/\/www.syndein.com.mx\/syn\/index.php\/wp-json\/wp\/v2\/types\/page"}],"author":[{"embeddable":true,"href":"https:\/\/www.syndein.com.mx\/syn\/index.php\/wp-json\/wp\/v2\/users\/1"}],"replies":[{"embeddable":true,"href":"https:\/\/www.syndein.com.mx\/syn\/index.php\/wp-json\/wp\/v2\/comments?post=729"}],"version-history":[{"count":7,"href":"https:\/\/www.syndein.com.mx\/syn\/index.php\/wp-json\/wp\/v2\/pages\/729\/revisions"}],"predecessor-version":[{"id":926,"href":"https:\/\/www.syndein.com.mx\/syn\/index.php\/wp-json\/wp\/v2\/pages\/729\/revisions\/926"}],"wp:attachment":[{"href":"https:\/\/www.syndein.com.mx\/syn\/index.php\/wp-json\/wp\/v2\/media?parent=729"}],"curies":[{"name":"wp","href":"https:\/\/api.w.org\/{rel}","templated":true}]}}