{"id":726,"date":"2026-01-13T11:45:45","date_gmt":"2026-01-13T10:45:45","guid":{"rendered":"https:\/\/www.syndein.com.mx\/syn\/index.php\/transacciones-pos-epos\/"},"modified":"2026-01-14T22:56:43","modified_gmt":"2026-01-14T21:56:43","slug":"transacciones-pos-epos","status":"publish","type":"page","link":"https:\/\/www.syndein.com.mx\/syn\/index.php\/transacciones-pos-epos\/","title":{"rendered":"Transacciones POS \/ ePOS"},"content":{"rendered":"<style>.elementor-726 .elementor-element.elementor-element-584a7be6{--display:flex;--flex-direction:row;--container-widget-width:initial;--container-widget-height:100%;--container-widget-flex-grow:1;--container-widget-align-self:stretch;--flex-wrap-mobile:wrap;--padding-top:40px;--padding-bottom:40px;--padding-left:40px;--padding-right:40px;}.elementor-726 .elementor-element.elementor-element-584a7be6:not(.elementor-motion-effects-element-type-background), .elementor-726 .elementor-element.elementor-element-584a7be6 > .elementor-motion-effects-container > .elementor-motion-effects-layer{background-color:var( --e-global-color-secondary );background:url(\"https:\/\/www.syndein.com.mx\/syn\/wp-content\/uploads\/2026\/01\/Captura-de-pantalla-2025-11-04-090816.png\") 50% 50%;background-size:cover;}.elementor-widget-heading .elementor-heading-title{font-family:var( --e-global-typography-primary-font-family ), Square;font-size:var( --e-global-typography-primary-font-size );font-weight:var( --e-global-typography-primary-font-weight );font-style:var( --e-global-typography-primary-font-style );line-height:var( --e-global-typography-primary-line-height );letter-spacing:var( --e-global-typography-primary-letter-spacing );color:var( --e-global-color-primary );}.elementor-726 .elementor-element.elementor-element-13071ea8{text-align:center;margin:20px 20px calc(var(--kit-widget-spacing, 0px) + 20px) 20px;padding:10px 10px 10px 10px;width:100%;max-width:100%;}.elementor-726 .elementor-element.elementor-element-13071ea8 .elementor-heading-title{font-family:var( --e-global-typography-primary-font-family ), Square;font-size:var( --e-global-typography-primary-font-size );font-weight:var( --e-global-typography-primary-font-weight );font-style:var( --e-global-typography-primary-font-style );line-height:var( --e-global-typography-primary-line-height );letter-spacing:var( --e-global-typography-primary-letter-spacing );text-shadow:0px 0px 10px #000000;color:var( --e-global-color-secondary );}.elementor-726 .elementor-element.elementor-element-353dd0b6{--display:flex;--flex-direction:row;--container-widget-width:initial;--container-widget-height:100%;--container-widget-flex-grow:1;--container-widget-align-self:stretch;--flex-wrap-mobile:wrap;}.elementor-726 .elementor-element.elementor-element-353dd0b6:not(.elementor-motion-effects-element-type-background), .elementor-726 .elementor-element.elementor-element-353dd0b6 > .elementor-motion-effects-container > .elementor-motion-effects-layer{background-color:var( --e-global-color-secondary );}.elementor-widget-text-editor{font-family:var( --e-global-typography-text-font-family ), Square;font-size:var( --e-global-typography-text-font-size );font-weight:var( --e-global-typography-text-font-weight );line-height:var( --e-global-typography-text-line-height );letter-spacing:var( --e-global-typography-text-letter-spacing );word-spacing:var( --e-global-typography-text-word-spacing );color:var( --e-global-color-text );}.elementor-widget-text-editor.elementor-drop-cap-view-stacked .elementor-drop-cap{background-color:var( --e-global-color-primary );}.elementor-widget-text-editor.elementor-drop-cap-view-framed .elementor-drop-cap, .elementor-widget-text-editor.elementor-drop-cap-view-default .elementor-drop-cap{color:var( --e-global-color-primary );border-color:var( --e-global-color-primary );}.elementor-726 .elementor-element.elementor-element-7012f3e{text-align:justify;font-family:var( --e-global-typography-text-font-family ), Square;font-size:var( --e-global-typography-text-font-size );font-weight:var( --e-global-typography-text-font-weight );line-height:var( --e-global-typography-text-line-height );letter-spacing:var( --e-global-typography-text-letter-spacing );word-spacing:var( --e-global-typography-text-word-spacing );color:var( --e-global-color-primary );}:root{--page-title-display:none;}@media(max-width:1024px){.elementor-widget-heading .elementor-heading-title{font-size:var( --e-global-typography-primary-font-size );line-height:var( --e-global-typography-primary-line-height );letter-spacing:var( --e-global-typography-primary-letter-spacing );}.elementor-726 .elementor-element.elementor-element-13071ea8 .elementor-heading-title{font-size:var( --e-global-typography-primary-font-size );line-height:var( --e-global-typography-primary-line-height );letter-spacing:var( --e-global-typography-primary-letter-spacing );}.elementor-widget-text-editor{font-size:var( --e-global-typography-text-font-size );line-height:var( --e-global-typography-text-line-height );letter-spacing:var( --e-global-typography-text-letter-spacing );word-spacing:var( --e-global-typography-text-word-spacing );}.elementor-726 .elementor-element.elementor-element-7012f3e{font-size:var( --e-global-typography-text-font-size );line-height:var( --e-global-typography-text-line-height );letter-spacing:var( --e-global-typography-text-letter-spacing );word-spacing:var( --e-global-typography-text-word-spacing );}}@media(max-width:767px){.elementor-widget-heading .elementor-heading-title{font-size:var( --e-global-typography-primary-font-size );line-height:var( --e-global-typography-primary-line-height );letter-spacing:var( --e-global-typography-primary-letter-spacing );}.elementor-726 .elementor-element.elementor-element-13071ea8 .elementor-heading-title{font-size:var( --e-global-typography-primary-font-size );line-height:var( --e-global-typography-primary-line-height );letter-spacing:var( --e-global-typography-primary-letter-spacing );}.elementor-widget-text-editor{font-size:var( --e-global-typography-text-font-size );line-height:var( --e-global-typography-text-line-height );letter-spacing:var( --e-global-typography-text-letter-spacing );word-spacing:var( --e-global-typography-text-word-spacing );}.elementor-726 .elementor-element.elementor-element-7012f3e{font-size:var( --e-global-typography-text-font-size );line-height:var( --e-global-typography-text-line-height );letter-spacing:var( --e-global-typography-text-letter-spacing );word-spacing:var( --e-global-typography-text-word-spacing );}}<\/style>\t\t<div data-elementor-type=\"wp-page\" data-elementor-id=\"726\" class=\"elementor elementor-726\" data-elementor-post-type=\"page\">\n\t\t\t\t<div data-marvy_enable_drop_animation=\"false\" data-marvy_enable_fancy_rotate=\"false\" data-marvy_enable_flying_object=\"false\" data-marvy_enable_ripples_animation=\"false\" data-marvy_enable_waves_animation=\"false\" data-marvy_enable_rings_animation=\"false\" data-marvy_enable_topology_animation=\"false\" data-marvy_enable_gradient_animation=\"false\" data-marvy_enable_snow_animation=\"false\" data-marvy_enable_firework_animation=\"false\" data-marvy_enable_cloud_animation=\"false\" class=\"elementor-element elementor-element-584a7be6 e-flex e-con-boxed e-con e-parent\" data-id=\"584a7be6\" data-element_type=\"container\" data-e-type=\"container\" data-settings=\"{&quot;background_background&quot;:&quot;video&quot;,&quot;background_video_link&quot;:&quot;https:\\\/\\\/youtu.be\\\/uqac61u6mYU&quot;}\">\n\t\t\t\t\t<div class=\"e-con-inner\">\n\t\t<div class=\"elementor-background-video-container elementor-hidden-mobile\">\n\t\t\t\t\t\t\t<div class=\"elementor-background-video-embed\" role=\"presentation\"><\/div>\n\t\t\t\t\t\t<\/div>\t\t<div class=\"elementor-element elementor-element-13071ea8 elementor-widget__width-inherit elementor-widget elementor-widget-heading\" data-id=\"13071ea8\" data-element_type=\"widget\" data-e-type=\"widget\" data-widget_type=\"heading.default\">\n\t\t\t\t\t<h2 class=\"elementor-heading-title elementor-size-default\">TRANSACCIONES POS \/ ePOS<\/h2>\t\t\t\t<\/div>\n\t\t\t\t\t<\/div>\n\t\t\t\t<\/div>\n\t\t<div data-marvy_enable_drop_animation=\"false\" data-marvy_enable_fancy_rotate=\"false\" data-marvy_enable_flying_object=\"false\" data-marvy_enable_ripples_animation=\"false\" data-marvy_enable_waves_animation=\"false\" data-marvy_enable_rings_animation=\"false\" data-marvy_enable_topology_animation=\"false\" data-marvy_enable_gradient_animation=\"false\" data-marvy_enable_snow_animation=\"false\" data-marvy_enable_firework_animation=\"false\" data-marvy_enable_cloud_animation=\"false\" class=\"elementor-element elementor-element-353dd0b6 e-flex e-con-boxed e-con e-parent\" data-id=\"353dd0b6\" data-element_type=\"container\" data-e-type=\"container\" data-settings=\"{&quot;background_background&quot;:&quot;classic&quot;}\">\n\t\t\t\t\t<div class=\"e-con-inner\">\n\t\t\t\t<div class=\"elementor-element elementor-element-7012f3e elementor-widget elementor-widget-text-editor\" data-id=\"7012f3e\" data-element_type=\"widget\" data-e-type=\"widget\" data-widget_type=\"text-editor.default\">\n\t\t\t\t\t\t\t\t\t<p>\u00a0<\/p><h2 style=\"text-align: center;\"><b>Procesamiento de Transacciones de <\/b><b>Terminales<\/b><b> de Punto de Venta (POS \/ ePOS)<\/b><\/h2><p><b>InterPOS <\/b><span style=\"font-weight: 400;\">es una soluci\u00f3n que permite a instituciones financieras y no financieras, integrar de manera segura, la administraci\u00f3n de una red de terminales de punto de venta, con sus sistemas de pago.<\/span><\/p><p><b>InterPOS<\/b><span style=\"font-weight: 400;\"> complementa de manera natural a <\/span><b>InterAct Switch <\/b><span style=\"font-weight: 400;\">como emisor, permitiendo integrar el proceso de operaciones de tarjetas en terminales de punto de venta, con la autorizaci\u00f3n de transacciones de tarjetas propias de la Instituci\u00f3n (Proceso de Transacciones MIS en MIS).<\/span><\/p><p><span style=\"font-weight: 400;\">De la misma manera, <\/span><b>InterPOS <\/b><span style=\"font-weight: 400;\">permite rutear las transacciones de tarjetas de otros bancos, hacia un procesador transaccional nacional o internacional (Proceso de Transacciones SUS en MIS).<\/span><\/p><p><b>InterPOS<\/b><span style=\"font-weight: 400;\"> se encarga de administrar la red de terminales de punto de venta, asi como procesar las transacciones provenientes de estos dispositivos.<\/span><\/p><p><b>InterPOS<\/b><span style=\"font-weight: 400;\"> permite concentrar las operaciones y simplificar la administraci\u00f3n de los Puntos de Venta, por ejemplo, al consolidar las operaciones de todas las cajas de una tienda.<\/span><\/p><p><span style=\"font-weight: 400;\">Si su cliente ya cuenta con terminales virtuales ePOS, la tecnolog\u00eda de InterAct Switch en conjunto con InterAPI permite integrar estos elementos f\u00e1cilmente a la soluci\u00f3n.<\/span><\/p><p><span style=\"font-weight: 400;\">En todos los casos, las transacciones se monitorean en tiempo real y se generan reportes detallados del uso de los recursos.\u00a0<\/span><\/p>\t\t\t\t\t\t\t\t<\/div>\n\t\t\t\t\t<\/div>\n\t\t\t\t<\/div>\n\t\t\t\t<\/div>\n\t\t","protected":false},"excerpt":{"rendered":"<p>TRANSACCIONES POS \/ ePOS \u00a0 Procesamiento de Transacciones de Terminales de Punto de Venta (POS \/ ePOS) InterPOS es una soluci\u00f3n que permite a instituciones financieras y no financieras, integrar de manera segura, la administraci\u00f3n de una red de terminales de punto de venta, con sus sistemas de pago. InterPOS complementa de manera natural a [&hellip;]<\/p>\n","protected":false},"author":1,"featured_media":0,"parent":0,"menu_order":0,"comment_status":"closed","ping_status":"closed","template":"","meta":{"footnotes":""},"class_list":["post-726","page","type-page","status-publish","hentry"],"_links":{"self":[{"href":"https:\/\/www.syndein.com.mx\/syn\/index.php\/wp-json\/wp\/v2\/pages\/726","targetHints":{"allow":["GET"]}}],"collection":[{"href":"https:\/\/www.syndein.com.mx\/syn\/index.php\/wp-json\/wp\/v2\/pages"}],"about":[{"href":"https:\/\/www.syndein.com.mx\/syn\/index.php\/wp-json\/wp\/v2\/types\/page"}],"author":[{"embeddable":true,"href":"https:\/\/www.syndein.com.mx\/syn\/index.php\/wp-json\/wp\/v2\/users\/1"}],"replies":[{"embeddable":true,"href":"https:\/\/www.syndein.com.mx\/syn\/index.php\/wp-json\/wp\/v2\/comments?post=726"}],"version-history":[{"count":10,"href":"https:\/\/www.syndein.com.mx\/syn\/index.php\/wp-json\/wp\/v2\/pages\/726\/revisions"}],"predecessor-version":[{"id":1054,"href":"https:\/\/www.syndein.com.mx\/syn\/index.php\/wp-json\/wp\/v2\/pages\/726\/revisions\/1054"}],"wp:attachment":[{"href":"https:\/\/www.syndein.com.mx\/syn\/index.php\/wp-json\/wp\/v2\/media?parent=726"}],"curies":[{"name":"wp","href":"https:\/\/api.w.org\/{rel}","templated":true}]}}