{"id":723,"date":"2026-01-13T11:45:44","date_gmt":"2026-01-13T10:45:44","guid":{"rendered":"https:\/\/www.syndein.com.mx\/syn\/index.php\/transacciones-tarjeta\/"},"modified":"2026-01-14T22:51:08","modified_gmt":"2026-01-14T21:51:08","slug":"transacciones-tarjeta","status":"publish","type":"page","link":"https:\/\/www.syndein.com.mx\/syn\/index.php\/transacciones-tarjeta\/","title":{"rendered":"Transacciones Tarjeta"},"content":{"rendered":"<style>.elementor-723 .elementor-element.elementor-element-43cf9199{--display:flex;--flex-direction:row;--container-widget-width:initial;--container-widget-height:100%;--container-widget-flex-grow:1;--container-widget-align-self:stretch;--flex-wrap-mobile:wrap;}.elementor-723 .elementor-element.elementor-element-43cf9199:not(.elementor-motion-effects-element-type-background), .elementor-723 .elementor-element.elementor-element-43cf9199 > .elementor-motion-effects-container > .elementor-motion-effects-layer{background-color:var( --e-global-color-secondary );}.elementor-widget-text-editor{font-family:var( --e-global-typography-text-font-family ), Square;font-size:var( --e-global-typography-text-font-size );font-weight:var( --e-global-typography-text-font-weight );line-height:var( --e-global-typography-text-line-height );letter-spacing:var( --e-global-typography-text-letter-spacing );word-spacing:var( --e-global-typography-text-word-spacing );color:var( --e-global-color-text );}.elementor-widget-text-editor.elementor-drop-cap-view-stacked .elementor-drop-cap{background-color:var( --e-global-color-primary );}.elementor-widget-text-editor.elementor-drop-cap-view-framed .elementor-drop-cap, .elementor-widget-text-editor.elementor-drop-cap-view-default .elementor-drop-cap{color:var( --e-global-color-primary );border-color:var( --e-global-color-primary );}.elementor-723 .elementor-element.elementor-element-f373531{--display:flex;--flex-direction:row;--container-widget-width:initial;--container-widget-height:100%;--container-widget-flex-grow:1;--container-widget-align-self:stretch;--flex-wrap-mobile:wrap;}.elementor-723 .elementor-element.elementor-element-f373531:not(.elementor-motion-effects-element-type-background), .elementor-723 .elementor-element.elementor-element-f373531 > .elementor-motion-effects-container > .elementor-motion-effects-layer{background:url(\"https:\/\/www.syndein.com.mx\/syn\/wp-content\/uploads\/2026\/01\/Captura-de-pantalla-2025-11-04-084700.png\") 50% 50%;background-size:cover;}.elementor-723 .elementor-element.elementor-element-43b66b55{--display:flex;--margin-top:30px;--margin-bottom:30px;--margin-left:30px;--margin-right:30px;--padding-top:30px;--padding-bottom:30px;--padding-left:30px;--padding-right:30px;}.elementor-widget-heading .elementor-heading-title{font-family:var( --e-global-typography-primary-font-family ), Square;font-size:var( --e-global-typography-primary-font-size );font-weight:var( --e-global-typography-primary-font-weight );font-style:var( --e-global-typography-primary-font-style );line-height:var( --e-global-typography-primary-line-height );letter-spacing:var( --e-global-typography-primary-letter-spacing );color:var( --e-global-color-primary );}.elementor-723 .elementor-element.elementor-element-3e7499c1{text-align:center;width:100%;max-width:100%;}.elementor-723 .elementor-element.elementor-element-3e7499c1 .elementor-heading-title{font-family:var( --e-global-typography-primary-font-family ), Square;font-size:var( --e-global-typography-primary-font-size );font-weight:var( --e-global-typography-primary-font-weight );font-style:var( --e-global-typography-primary-font-style );line-height:var( --e-global-typography-primary-line-height );letter-spacing:var( --e-global-typography-primary-letter-spacing );color:var( --e-global-color-secondary );}.elementor-723 .elementor-element.elementor-element-744767e8{--display:flex;--flex-direction:row;--container-widget-width:initial;--container-widget-height:100%;--container-widget-flex-grow:1;--container-widget-align-self:stretch;--flex-wrap-mobile:wrap;}.elementor-723 .elementor-element.elementor-element-744767e8:not(.elementor-motion-effects-element-type-background), .elementor-723 .elementor-element.elementor-element-744767e8 > .elementor-motion-effects-container > .elementor-motion-effects-layer{background-color:var( --e-global-color-secondary );}.elementor-723 .elementor-element.elementor-element-7c3cb4f9{text-align:justify;font-family:var( --e-global-typography-text-font-family ), Square;font-size:var( --e-global-typography-text-font-size );font-weight:var( --e-global-typography-text-font-weight );line-height:var( --e-global-typography-text-line-height );letter-spacing:var( --e-global-typography-text-letter-spacing );word-spacing:var( --e-global-typography-text-word-spacing );color:var( --e-global-color-primary );}:root{--page-title-display:none;}@media(max-width:1024px){.elementor-widget-text-editor{font-size:var( --e-global-typography-text-font-size );line-height:var( --e-global-typography-text-line-height );letter-spacing:var( --e-global-typography-text-letter-spacing );word-spacing:var( --e-global-typography-text-word-spacing );}.elementor-widget-heading .elementor-heading-title{font-size:var( --e-global-typography-primary-font-size );line-height:var( --e-global-typography-primary-line-height );letter-spacing:var( --e-global-typography-primary-letter-spacing );}.elementor-723 .elementor-element.elementor-element-3e7499c1 .elementor-heading-title{font-size:var( --e-global-typography-primary-font-size );line-height:var( --e-global-typography-primary-line-height );letter-spacing:var( --e-global-typography-primary-letter-spacing );}.elementor-723 .elementor-element.elementor-element-7c3cb4f9{font-size:var( --e-global-typography-text-font-size );line-height:var( --e-global-typography-text-line-height );letter-spacing:var( --e-global-typography-text-letter-spacing );word-spacing:var( --e-global-typography-text-word-spacing );}}@media(max-width:767px){.elementor-widget-text-editor{font-size:var( --e-global-typography-text-font-size );line-height:var( --e-global-typography-text-line-height );letter-spacing:var( --e-global-typography-text-letter-spacing );word-spacing:var( --e-global-typography-text-word-spacing );}.elementor-widget-heading .elementor-heading-title{font-size:var( --e-global-typography-primary-font-size );line-height:var( --e-global-typography-primary-line-height );letter-spacing:var( --e-global-typography-primary-letter-spacing );}.elementor-723 .elementor-element.elementor-element-3e7499c1 .elementor-heading-title{font-size:var( --e-global-typography-primary-font-size );line-height:var( --e-global-typography-primary-line-height );letter-spacing:var( --e-global-typography-primary-letter-spacing );}.elementor-723 .elementor-element.elementor-element-7c3cb4f9{font-size:var( --e-global-typography-text-font-size );line-height:var( --e-global-typography-text-line-height );letter-spacing:var( --e-global-typography-text-letter-spacing );word-spacing:var( --e-global-typography-text-word-spacing );}}<\/style>\t\t<div data-elementor-type=\"wp-page\" data-elementor-id=\"723\" class=\"elementor elementor-723\" data-elementor-post-type=\"page\">\n\t\t\t\t<div data-marvy_enable_drop_animation=\"false\" data-marvy_enable_fancy_rotate=\"false\" data-marvy_enable_flying_object=\"false\" data-marvy_enable_ripples_animation=\"false\" data-marvy_enable_waves_animation=\"false\" data-marvy_enable_rings_animation=\"false\" data-marvy_enable_topology_animation=\"false\" data-marvy_enable_gradient_animation=\"false\" data-marvy_enable_snow_animation=\"false\" data-marvy_enable_firework_animation=\"false\" data-marvy_enable_cloud_animation=\"false\" class=\"elementor-element elementor-element-43cf9199 e-flex e-con-boxed e-con e-parent\" data-id=\"43cf9199\" data-element_type=\"container\" data-e-type=\"container\" data-settings=\"{&quot;background_background&quot;:&quot;classic&quot;}\">\n\t\t\t\t\t<div class=\"e-con-inner\">\n\t\t\t\t\t<\/div>\n\t\t\t\t<\/div>\n\t\t<div data-marvy_enable_drop_animation=\"false\" data-marvy_enable_fancy_rotate=\"false\" data-marvy_enable_flying_object=\"false\" data-marvy_enable_ripples_animation=\"false\" data-marvy_enable_waves_animation=\"false\" data-marvy_enable_rings_animation=\"false\" data-marvy_enable_topology_animation=\"false\" data-marvy_enable_gradient_animation=\"false\" data-marvy_enable_snow_animation=\"false\" data-marvy_enable_firework_animation=\"false\" data-marvy_enable_cloud_animation=\"false\" class=\"elementor-element elementor-element-f373531 e-flex e-con-boxed e-con e-parent\" data-id=\"f373531\" data-element_type=\"container\" data-e-type=\"container\" data-settings=\"{&quot;background_background&quot;:&quot;video&quot;,&quot;background_video_link&quot;:&quot;https:\\\/\\\/youtu.be\\\/WlIpUoSuWDE&quot;}\">\n\t\t\t\t\t<div class=\"e-con-inner\">\n\t\t<div class=\"elementor-background-video-container elementor-hidden-mobile\">\n\t\t\t\t\t\t\t<div class=\"elementor-background-video-embed\" role=\"presentation\"><\/div>\n\t\t\t\t\t\t<\/div><div data-marvy_enable_drop_animation=\"false\" data-marvy_enable_fancy_rotate=\"false\" data-marvy_enable_flying_object=\"false\" data-marvy_enable_ripples_animation=\"false\" data-marvy_enable_waves_animation=\"false\" data-marvy_enable_rings_animation=\"false\" data-marvy_enable_topology_animation=\"false\" data-marvy_enable_gradient_animation=\"false\" data-marvy_enable_snow_animation=\"false\" data-marvy_enable_firework_animation=\"false\" data-marvy_enable_cloud_animation=\"false\" class=\"elementor-element elementor-element-43b66b55 e-con-full e-flex e-con e-child\" data-id=\"43b66b55\" data-element_type=\"container\" data-e-type=\"container\">\n\t\t\t\t<div class=\"elementor-element elementor-element-3e7499c1 elementor-widget__width-inherit elementor-widget elementor-widget-heading\" data-id=\"3e7499c1\" data-element_type=\"widget\" data-e-type=\"widget\" data-widget_type=\"heading.default\">\n\t\t\t\t\t<h2 class=\"elementor-heading-title elementor-size-default\">TRANSACCIONES TARJETA<\/h2>\t\t\t\t<\/div>\n\t\t\t\t<\/div>\n\t\t\t\t\t<\/div>\n\t\t\t\t<\/div>\n\t\t<div data-marvy_enable_drop_animation=\"false\" data-marvy_enable_fancy_rotate=\"false\" data-marvy_enable_flying_object=\"false\" data-marvy_enable_ripples_animation=\"false\" data-marvy_enable_waves_animation=\"false\" data-marvy_enable_rings_animation=\"false\" data-marvy_enable_topology_animation=\"false\" data-marvy_enable_gradient_animation=\"false\" data-marvy_enable_snow_animation=\"false\" data-marvy_enable_firework_animation=\"false\" data-marvy_enable_cloud_animation=\"false\" class=\"elementor-element elementor-element-744767e8 e-flex e-con-boxed e-con e-parent\" data-id=\"744767e8\" data-element_type=\"container\" data-e-type=\"container\" data-settings=\"{&quot;background_background&quot;:&quot;classic&quot;}\">\n\t\t\t\t\t<div class=\"e-con-inner\">\n\t\t\t\t<div class=\"elementor-element elementor-element-7c3cb4f9 elementor-widget elementor-widget-text-editor\" data-id=\"7c3cb4f9\" data-element_type=\"widget\" data-e-type=\"widget\" data-widget_type=\"text-editor.default\">\n\t\t\t\t\t\t\t\t\t<p>\u00a0<\/p><h2 style=\"text-align: center;\"><b>Procesamiento<\/b><b> de Transacciones con Tarjetas de Cr\u00e9dito, D\u00e9bito, Lealtad y Puntos<\/b><b>, tanto F\u00edsicas, como Digitales.<\/b><\/h2><p><span style=\"font-weight: 400;\">Nuestra soluci\u00f3n permite a Instituciones financieras y no financieras procesar las transacciones de tarjetas de cr\u00e9dito, d\u00e9bito, lealtad y puntos, tanto f\u00edsicas, como digitales. Cumplimos con todas las normas del Banco de M\u00e9xico y con las certificaciones de los <\/span><span style=\"font-weight: 400;\">procesadores<\/span> <span style=\"font-weight: 400;\">transaccionales<\/span><span style=\"font-weight: 400;\"> nacionales e internacionales, lo que asegura transacciones confiables y seguras. <\/span><span style=\"font-weight: 400;\">Permite la interacci\u00f3n entre emisores, adquirientes, corresponsales, hardware de seguridad, equipos centrales y Cores Bancarios.<\/span><span style=\"font-weight: 400;\">\u00a0<\/span><\/p><h2 style=\"text-align: center;\"><b>Funcionalidades Clave de Nuestra Soluci\u00f3n.<\/b><\/h2><p><span style=\"font-weight: 400;\">Nuestra soluci\u00f3n, impulsada por el m\u00f3dulo <\/span><b>InterCard<\/b><span style=\"font-weight: 400;\">, <\/span><span style=\"font-weight: 400;\">opera desde el punto de vista emisor<\/span><span style=\"font-weight: 400;\">. <\/span><span style=\"font-weight: 400;\">Permite la conciliaci\u00f3n de operaciones, comparando las transacciones reportadas por el procesador transaccional nacional, contra las registradas durante la operaci\u00f3n en l\u00ednea y en tiempo real.<\/span><span style=\"font-weight: 400;\"> La informaci\u00f3n est\u00e1 siempre disponible para integrarse con sus sistemas de datos, cubos de informaci\u00f3n, aplicaciones de visi\u00f3n 360 <\/span><span style=\"font-weight: 400;\">y miner\u00eda de datos<\/span><span style=\"font-weight: 400;\">.<\/span><\/p><p><span style=\"font-weight: 400;\">Para garantizar la continuidad de las operaciones de medios de pago, la funcionalidad de <\/span><b>Stand In <\/b><span style=\"font-weight: 400;\">permite el procesamiento de transacciones, cuando el sistema central o Core Bancario no se encuentra disponible, utilizando reglas preestablecidas para autorizar o rechazar y asi asegurar la disponibilidad del servicio para el tarjetahabiente.<\/span> <span style=\"font-weight: 400;\">Una vez que el sistema central o Core Bancario vuelve a estar disponible, se realiza el proceso de <\/span><b>Store &amp; Foward<\/b><span style=\"font-weight: 400;\">, permite reprocesar las transacciones operadas fuera de l\u00ednea, durante el periodo de <\/span><b>Stand In, <\/b><span style=\"font-weight: 400;\">envi\u00e1ndolas hacia el sistema correspondiente.<\/span><span style=\"font-weight: 400;\">\u00a0<\/span><\/p><p><span style=\"font-weight: 400;\">Una de las ventajas m\u00e1s importantes de nuestra soluci\u00f3n, <\/span><span style=\"font-weight: 400;\">es que se comercializa como una licencia de uso<\/span><span style=\"font-weight: 400;\"> por servidor. <\/span><span style=\"font-weight: 400;\">La arquitectura de nuestra soluci\u00f3n, permite el incremento en el proceso transaccional, mediante par\u00e1metros de configuraci\u00f3n, sin impactar de ninguna manera, el costo de la soluci\u00f3n. Esto se traduce en un costo por transacci\u00f3n muy bajo, una diferencia significativa, en comparaci\u00f3n con otros productos del mercado.<\/span><\/p><p><span style=\"font-weight: 400;\">Mediante el uso del m\u00f3dulo <\/span><b>InterISO8583<\/b><span style=\"font-weight: 400;\">, nuestra soluci\u00f3n tiene <\/span><span style=\"font-weight: 400;\">la capacidad de intercambiar informaci\u00f3n en el formato est\u00e1ndar internacional de mensajes ISO8583, lo cual permite la interacci\u00f3n con procesadores transaccionales nacionales e internacionales, que manejan este formato de mensajes.<\/span><\/p><p><span style=\"font-weight: 400;\">El m\u00f3dulo <\/span><b>InterSec<\/b><span style=\"font-weight: 400;\"> permite generar y validar todos los elementos de seguridad de las tarjetas tanto de la banda como del chip, garantizando la m\u00e1xima seguridad. <\/span><b>InterSec<\/b><span style=\"font-weight: 400;\"> realiza sus funciones interactuando con m\u00f3dulos de seguridad por hardware (HSM).<\/span><span style=\"font-weight: 400;\">\u00a0<\/span><\/p><h2 style=\"text-align: center;\"><strong>M\u00f3dulos de Valor Agregado<\/strong><\/h2><ul><li style=\"font-weight: 400;\" aria-level=\"1\"><span style=\"font-weight: 400;\">InterCard\/IM <\/span><span style=\"font-weight: 400;\">(Inventory Management)<\/span><span style=\"font-weight: 400;\">: <\/span><span style=\"font-weight: 400;\">Este m\u00f3dulo, administra el inventario de tarjetas y otros medios, tales como chequeras y dispositivos de seguridad (como tokens). Lleva el control de los medios entregados y activados, genera reportes por sucursal y cumple con las regulaciones del Banco de M\u00e9xico, al enviar los pedidos a los maquiladores de los diferentes medios, con la informaci\u00f3n cifrada<\/span><span style=\"font-weight: 400;\">.<\/span><\/li><li style=\"font-weight: 400;\" aria-level=\"1\"><span style=\"font-weight: 400;\">InterCard\/AR (Automated Reconciliation): Permite la conciliaci\u00f3n automatizada, de la informaci\u00f3n reportada por el procesador transaccional, contra la informaci\u00f3n registrada en la Base de Datos de la Instituci\u00f3n, durante el proceso en L\u00ednea.\u00a0<\/span><\/li><\/ul>\t\t\t\t\t\t\t\t<\/div>\n\t\t\t\t\t<\/div>\n\t\t\t\t<\/div>\n\t\t\t\t<\/div>\n\t\t","protected":false},"excerpt":{"rendered":"<p>TRANSACCIONES TARJETA \u00a0 Procesamiento de Transacciones con Tarjetas de Cr\u00e9dito, D\u00e9bito, Lealtad y Puntos, tanto F\u00edsicas, como Digitales. Nuestra soluci\u00f3n permite a Instituciones financieras y no financieras procesar las transacciones de tarjetas de cr\u00e9dito, d\u00e9bito, lealtad y puntos, tanto f\u00edsicas, como digitales. Cumplimos con todas las normas del Banco de M\u00e9xico y con las certificaciones [&hellip;]<\/p>\n","protected":false},"author":1,"featured_media":0,"parent":0,"menu_order":0,"comment_status":"closed","ping_status":"closed","template":"","meta":{"footnotes":""},"class_list":["post-723","page","type-page","status-publish","hentry"],"_links":{"self":[{"href":"https:\/\/www.syndein.com.mx\/syn\/index.php\/wp-json\/wp\/v2\/pages\/723","targetHints":{"allow":["GET"]}}],"collection":[{"href":"https:\/\/www.syndein.com.mx\/syn\/index.php\/wp-json\/wp\/v2\/pages"}],"about":[{"href":"https:\/\/www.syndein.com.mx\/syn\/index.php\/wp-json\/wp\/v2\/types\/page"}],"author":[{"embeddable":true,"href":"https:\/\/www.syndein.com.mx\/syn\/index.php\/wp-json\/wp\/v2\/users\/1"}],"replies":[{"embeddable":true,"href":"https:\/\/www.syndein.com.mx\/syn\/index.php\/wp-json\/wp\/v2\/comments?post=723"}],"version-history":[{"count":10,"href":"https:\/\/www.syndein.com.mx\/syn\/index.php\/wp-json\/wp\/v2\/pages\/723\/revisions"}],"predecessor-version":[{"id":1042,"href":"https:\/\/www.syndein.com.mx\/syn\/index.php\/wp-json\/wp\/v2\/pages\/723\/revisions\/1042"}],"wp:attachment":[{"href":"https:\/\/www.syndein.com.mx\/syn\/index.php\/wp-json\/wp\/v2\/media?parent=723"}],"curies":[{"name":"wp","href":"https:\/\/api.w.org\/{rel}","templated":true}]}}