{"id":720,"date":"2026-01-13T11:45:44","date_gmt":"2026-01-13T10:45:44","guid":{"rendered":"https:\/\/www.syndein.com.mx\/syn\/index.php\/pagos-en-linea\/"},"modified":"2026-01-14T03:40:29","modified_gmt":"2026-01-14T02:40:29","slug":"pagos-en-linea","status":"publish","type":"page","link":"https:\/\/www.syndein.com.mx\/syn\/index.php\/pagos-en-linea\/","title":{"rendered":"Pagos en L\u00ednea"},"content":{"rendered":"<style>.elementor-720 .elementor-element.elementor-element-6f00ac0f{--display:flex;--flex-direction:row;--container-widget-width:initial;--container-widget-height:100%;--container-widget-flex-grow:1;--container-widget-align-self:stretch;--flex-wrap-mobile:wrap;--padding-top:40px;--padding-bottom:40px;--padding-left:40px;--padding-right:40px;}.elementor-720 .elementor-element.elementor-element-6f00ac0f:not(.elementor-motion-effects-element-type-background), .elementor-720 .elementor-element.elementor-element-6f00ac0f > .elementor-motion-effects-container > .elementor-motion-effects-layer{background-color:var( --e-global-color-secondary );}.elementor-widget-heading .elementor-heading-title{font-family:var( --e-global-typography-primary-font-family ), Square;font-size:var( --e-global-typography-primary-font-size );font-weight:var( --e-global-typography-primary-font-weight );font-style:var( --e-global-typography-primary-font-style );line-height:var( --e-global-typography-primary-line-height );letter-spacing:var( --e-global-typography-primary-letter-spacing );color:var( --e-global-color-primary );}.elementor-720 .elementor-element.elementor-element-f150e3{text-align:center;margin:15px 15px calc(var(--kit-widget-spacing, 0px) + 15px) 15px;padding:40px 40px 40px 40px;width:100%;max-width:100%;}.elementor-720 .elementor-element.elementor-element-f150e3 .elementor-heading-title{font-family:var( --e-global-typography-primary-font-family ), Square;font-size:var( --e-global-typography-primary-font-size );font-weight:var( --e-global-typography-primary-font-weight );font-style:var( --e-global-typography-primary-font-style );line-height:var( --e-global-typography-primary-line-height );letter-spacing:var( --e-global-typography-primary-letter-spacing );text-shadow:0px 0px 10px rgba(0,0,0,0.3);color:var( --e-global-color-secondary );}.elementor-720 .elementor-element.elementor-element-41f324e0{--display:flex;--flex-direction:row;--container-widget-width:initial;--container-widget-height:100%;--container-widget-flex-grow:1;--container-widget-align-self:stretch;--flex-wrap-mobile:wrap;}.elementor-720 .elementor-element.elementor-element-41f324e0:not(.elementor-motion-effects-element-type-background), .elementor-720 .elementor-element.elementor-element-41f324e0 > .elementor-motion-effects-container > .elementor-motion-effects-layer{background-color:transparent;background-image:linear-gradient(180deg, #000000 0%, #FFFFFF 6%);}.elementor-widget-text-editor{font-family:var( --e-global-typography-text-font-family ), Square;font-size:var( --e-global-typography-text-font-size );font-weight:var( --e-global-typography-text-font-weight );line-height:var( --e-global-typography-text-line-height );letter-spacing:var( --e-global-typography-text-letter-spacing );word-spacing:var( --e-global-typography-text-word-spacing );color:var( --e-global-color-text );}.elementor-widget-text-editor.elementor-drop-cap-view-stacked .elementor-drop-cap{background-color:var( --e-global-color-primary );}.elementor-widget-text-editor.elementor-drop-cap-view-framed .elementor-drop-cap, .elementor-widget-text-editor.elementor-drop-cap-view-default .elementor-drop-cap{color:var( --e-global-color-primary );border-color:var( --e-global-color-primary );}.elementor-720 .elementor-element.elementor-element-31e266fc{text-align:justify;font-family:var( --e-global-typography-text-font-family ), Square;font-size:var( --e-global-typography-text-font-size );font-weight:var( --e-global-typography-text-font-weight );line-height:var( --e-global-typography-text-line-height );letter-spacing:var( --e-global-typography-text-letter-spacing );word-spacing:var( --e-global-typography-text-word-spacing );color:var( --e-global-color-primary );}:root{--page-title-display:none;}@media(max-width:1024px){.elementor-widget-heading .elementor-heading-title{font-size:var( --e-global-typography-primary-font-size );line-height:var( --e-global-typography-primary-line-height );letter-spacing:var( --e-global-typography-primary-letter-spacing );}.elementor-720 .elementor-element.elementor-element-f150e3 .elementor-heading-title{font-size:var( --e-global-typography-primary-font-size );line-height:var( --e-global-typography-primary-line-height );letter-spacing:var( --e-global-typography-primary-letter-spacing );}.elementor-widget-text-editor{font-size:var( --e-global-typography-text-font-size );line-height:var( --e-global-typography-text-line-height );letter-spacing:var( --e-global-typography-text-letter-spacing );word-spacing:var( --e-global-typography-text-word-spacing );}.elementor-720 .elementor-element.elementor-element-31e266fc{font-size:var( --e-global-typography-text-font-size );line-height:var( --e-global-typography-text-line-height );letter-spacing:var( --e-global-typography-text-letter-spacing );word-spacing:var( --e-global-typography-text-word-spacing );}}@media(max-width:767px){.elementor-widget-heading .elementor-heading-title{font-size:var( --e-global-typography-primary-font-size );line-height:var( --e-global-typography-primary-line-height );letter-spacing:var( --e-global-typography-primary-letter-spacing );}.elementor-720 .elementor-element.elementor-element-f150e3 .elementor-heading-title{font-size:var( --e-global-typography-primary-font-size );line-height:var( --e-global-typography-primary-line-height );letter-spacing:var( --e-global-typography-primary-letter-spacing );}.elementor-widget-text-editor{font-size:var( --e-global-typography-text-font-size );line-height:var( --e-global-typography-text-line-height );letter-spacing:var( --e-global-typography-text-letter-spacing );word-spacing:var( --e-global-typography-text-word-spacing );}.elementor-720 .elementor-element.elementor-element-31e266fc{font-size:var( --e-global-typography-text-font-size );line-height:var( --e-global-typography-text-line-height );letter-spacing:var( --e-global-typography-text-letter-spacing );word-spacing:var( --e-global-typography-text-word-spacing );}}<\/style>\t\t<div data-elementor-type=\"wp-page\" data-elementor-id=\"720\" class=\"elementor elementor-720\" data-elementor-post-type=\"page\">\n\t\t\t\t<div data-marvy_enable_drop_animation=\"false\" data-marvy_enable_fancy_rotate=\"false\" data-marvy_enable_flying_object=\"false\" data-marvy_enable_ripples_animation=\"false\" data-marvy_enable_waves_animation=\"false\" data-marvy_enable_rings_animation=\"false\" data-marvy_enable_topology_animation=\"false\" data-marvy_enable_gradient_animation=\"false\" data-marvy_enable_snow_animation=\"false\" data-marvy_enable_firework_animation=\"false\" data-marvy_enable_cloud_animation=\"false\" class=\"elementor-element elementor-element-6f00ac0f e-flex e-con-boxed e-con e-parent\" data-id=\"6f00ac0f\" data-element_type=\"container\" data-e-type=\"container\" data-settings=\"{&quot;background_background&quot;:&quot;video&quot;,&quot;background_video_link&quot;:&quot;https:\\\/\\\/youtu.be\\\/OZjicedAwC4&quot;}\">\n\t\t\t\t\t<div class=\"e-con-inner\">\n\t\t<div class=\"elementor-background-video-container elementor-hidden-mobile\">\n\t\t\t\t\t\t\t<div class=\"elementor-background-video-embed\" role=\"presentation\"><\/div>\n\t\t\t\t\t\t<\/div>\t\t<div class=\"elementor-element elementor-element-f150e3 elementor-widget__width-inherit elementor-widget elementor-widget-heading\" data-id=\"f150e3\" data-element_type=\"widget\" data-e-type=\"widget\" data-widget_type=\"heading.default\">\n\t\t\t\t\t<h2 class=\"elementor-heading-title elementor-size-default\">PAGOS EN L\u00cdNEA<\/h2>\t\t\t\t<\/div>\n\t\t\t\t\t<\/div>\n\t\t\t\t<\/div>\n\t\t<div data-marvy_enable_drop_animation=\"false\" data-marvy_enable_fancy_rotate=\"false\" data-marvy_enable_flying_object=\"false\" data-marvy_enable_ripples_animation=\"false\" data-marvy_enable_waves_animation=\"false\" data-marvy_enable_rings_animation=\"false\" data-marvy_enable_topology_animation=\"false\" data-marvy_enable_gradient_animation=\"false\" data-marvy_enable_snow_animation=\"false\" data-marvy_enable_firework_animation=\"false\" data-marvy_enable_cloud_animation=\"false\" class=\"elementor-element elementor-element-41f324e0 e-flex e-con-boxed e-con e-parent\" data-id=\"41f324e0\" data-element_type=\"container\" data-e-type=\"container\" data-settings=\"{&quot;background_background&quot;:&quot;gradient&quot;}\">\n\t\t\t\t\t<div class=\"e-con-inner\">\n\t\t\t\t<div class=\"elementor-element elementor-element-31e266fc elementor-widget elementor-widget-text-editor\" data-id=\"31e266fc\" data-element_type=\"widget\" data-e-type=\"widget\" data-widget_type=\"text-editor.default\">\n\t\t\t\t\t\t\t\t\t<p>\u00a0<\/p><h2 style=\"text-align: center;\"><b>Procesamiento de Pagos en L\u00ednea.<\/b><\/h2><p><b>InterPay<\/b><span style=\"font-weight: 400;\">, un m\u00f3dulo de nuestra soluci\u00f3n InterAct Switch, administra el proceso de pagos electr\u00f3nicos en l\u00ednea desde el punto de vista <\/span><span style=\"font-weight: 400;\">adquiriente<\/span><span style=\"font-weight: 400;\">. Con un sistema de reglas de negocio adaptables, esta herramienta le permite administrar de forma segura las transacciones <\/span><span style=\"font-weight: 400;\">desde distintos canales y equipos especializados de pago.<\/span><\/p><p><span style=\"font-weight: 400;\">Nuestra soluci\u00f3n identifica los medios de pago, da seguimiento a cada transacci\u00f3n de principio a fin y garantiza que sea ejecutada, ya sea que se apruebe o se rechace.<\/span><\/p><h3 style=\"text-align: center;\"><b>Integraci\u00f3n y Seguridad.<\/b><\/h3><p><b>InterPay<\/b><span style=\"font-weight: 400;\"> funciona perfectamente en tiendas <\/span><span style=\"font-weight: 400;\">f\u00edsicas y<\/span><span style=\"font-weight: 400;\"> virtuales y se integra f\u00e1cilmente con otras plataformas, as\u00ed como con nuestra soluci\u00f3n de procesamiento de tarjetas de cr\u00e9dito, d\u00e9bito, lealtad o puntos, <\/span><b>InterAct Switch<\/b><span style=\"font-weight: 400;\">.<\/span><\/p><p><span style=\"font-weight: 400;\">Adem\u00e1s, nuestra soluci\u00f3n utiliza esquemas de seguridad avanzados, como <\/span><span style=\"font-weight: 400;\">TLS<\/span><span style=\"font-weight: 400;\">, para proteger la informaci\u00f3n confidencial de sus clientes, blindando <\/span><span style=\"font-weight: 400;\">el canal de comunicaci\u00f3n<\/span><span style=\"font-weight: 400;\"> contra ataques y accesos no autorizados. Con <\/span><b>InterPay<\/b><span style=\"font-weight: 400;\">, usted puede realizar pagos en l\u00ednea de forma segura, tanto en portales web, dispositivos m\u00f3viles <\/span><span style=\"font-weight: 400;\">y tiendas f\u00edsicas o virtuales.<\/span><\/p>\t\t\t\t\t\t\t\t<\/div>\n\t\t\t\t\t<\/div>\n\t\t\t\t<\/div>\n\t\t\t\t<\/div>\n\t\t","protected":false},"excerpt":{"rendered":"<p>PAGOS EN L\u00cdNEA \u00a0 Procesamiento de Pagos en L\u00ednea. InterPay, un m\u00f3dulo de nuestra soluci\u00f3n InterAct Switch, administra el proceso de pagos electr\u00f3nicos en l\u00ednea desde el punto de vista adquiriente. Con un sistema de reglas de negocio adaptables, esta herramienta le permite administrar de forma segura las transacciones desde distintos canales y equipos especializados [&hellip;]<\/p>\n","protected":false},"author":1,"featured_media":0,"parent":0,"menu_order":0,"comment_status":"closed","ping_status":"closed","template":"","meta":{"footnotes":""},"class_list":["post-720","page","type-page","status-publish","hentry"],"_links":{"self":[{"href":"https:\/\/www.syndein.com.mx\/syn\/index.php\/wp-json\/wp\/v2\/pages\/720","targetHints":{"allow":["GET"]}}],"collection":[{"href":"https:\/\/www.syndein.com.mx\/syn\/index.php\/wp-json\/wp\/v2\/pages"}],"about":[{"href":"https:\/\/www.syndein.com.mx\/syn\/index.php\/wp-json\/wp\/v2\/types\/page"}],"author":[{"embeddable":true,"href":"https:\/\/www.syndein.com.mx\/syn\/index.php\/wp-json\/wp\/v2\/users\/1"}],"replies":[{"embeddable":true,"href":"https:\/\/www.syndein.com.mx\/syn\/index.php\/wp-json\/wp\/v2\/comments?post=720"}],"version-history":[{"count":7,"href":"https:\/\/www.syndein.com.mx\/syn\/index.php\/wp-json\/wp\/v2\/pages\/720\/revisions"}],"predecessor-version":[{"id":941,"href":"https:\/\/www.syndein.com.mx\/syn\/index.php\/wp-json\/wp\/v2\/pages\/720\/revisions\/941"}],"wp:attachment":[{"href":"https:\/\/www.syndein.com.mx\/syn\/index.php\/wp-json\/wp\/v2\/media?parent=720"}],"curies":[{"name":"wp","href":"https:\/\/api.w.org\/{rel}","templated":true}]}}