{"id":717,"date":"2026-01-13T11:45:44","date_gmt":"2026-01-13T10:45:44","guid":{"rendered":"https:\/\/www.syndein.com.mx\/syn\/index.php\/productos-interact-router\/"},"modified":"2026-01-14T22:54:57","modified_gmt":"2026-01-14T21:54:57","slug":"productos-interact-router","status":"publish","type":"page","link":"https:\/\/www.syndein.com.mx\/syn\/index.php\/productos-interact-router\/","title":{"rendered":"Productos InterAct Router"},"content":{"rendered":"<style>.elementor-717 .elementor-element.elementor-element-470a987c{--display:flex;--flex-direction:row;--container-widget-width:initial;--container-widget-height:100%;--container-widget-flex-grow:1;--container-widget-align-self:stretch;--flex-wrap-mobile:wrap;--margin-top:15px;--margin-bottom:15px;--margin-left:15px;--margin-right:15px;--padding-top:15px;--padding-bottom:15px;--padding-left:15px;--padding-right:15px;}.elementor-717 .elementor-element.elementor-element-470a987c:not(.elementor-motion-effects-element-type-background), .elementor-717 .elementor-element.elementor-element-470a987c > .elementor-motion-effects-container > .elementor-motion-effects-layer{background-color:var( --e-global-color-secondary );background:url(\"https:\/\/www.syndein.com.mx\/syn\/wp-content\/uploads\/2026\/01\/Captura-de-pantalla-2025-11-04-081119.png\") 50% 50%;background-size:cover;}.elementor-widget-heading .elementor-heading-title{font-family:var( --e-global-typography-primary-font-family ), Square;font-size:var( --e-global-typography-primary-font-size );font-weight:var( --e-global-typography-primary-font-weight );font-style:var( --e-global-typography-primary-font-style );line-height:var( --e-global-typography-primary-line-height );letter-spacing:var( --e-global-typography-primary-letter-spacing );color:var( --e-global-color-primary );}.elementor-717 .elementor-element.elementor-element-e319d69{text-align:center;margin:15px 15px calc(var(--kit-widget-spacing, 0px) + 15px) 15px;padding:15px 15px 15px 15px;width:100%;max-width:100%;}.elementor-717 .elementor-element.elementor-element-e319d69 .elementor-heading-title{font-family:\"eurostile\", Square;font-size:4em;font-weight:900;font-style:normal;line-height:70px;letter-spacing:2.5px;color:var( --e-global-color-secondary );}.elementor-717 .elementor-element.elementor-element-55e00365{--display:flex;--flex-direction:row;--container-widget-width:initial;--container-widget-height:100%;--container-widget-flex-grow:1;--container-widget-align-self:stretch;--flex-wrap-mobile:wrap;}.elementor-717 .elementor-element.elementor-element-55e00365:not(.elementor-motion-effects-element-type-background), .elementor-717 .elementor-element.elementor-element-55e00365 > .elementor-motion-effects-container > .elementor-motion-effects-layer{background-color:var( --e-global-color-secondary );}.elementor-widget-text-editor{font-family:var( --e-global-typography-text-font-family ), Square;font-size:var( --e-global-typography-text-font-size );font-weight:var( --e-global-typography-text-font-weight );line-height:var( --e-global-typography-text-line-height );letter-spacing:var( --e-global-typography-text-letter-spacing );word-spacing:var( --e-global-typography-text-word-spacing );color:var( --e-global-color-text );}.elementor-widget-text-editor.elementor-drop-cap-view-stacked .elementor-drop-cap{background-color:var( --e-global-color-primary );}.elementor-widget-text-editor.elementor-drop-cap-view-framed .elementor-drop-cap, .elementor-widget-text-editor.elementor-drop-cap-view-default .elementor-drop-cap{color:var( --e-global-color-primary );border-color:var( --e-global-color-primary );}.elementor-717 .elementor-element.elementor-element-6887c71f{text-align:justify;font-family:var( --e-global-typography-text-font-family ), Square;font-size:var( --e-global-typography-text-font-size );font-weight:var( --e-global-typography-text-font-weight );line-height:var( --e-global-typography-text-line-height );letter-spacing:var( --e-global-typography-text-letter-spacing );word-spacing:var( --e-global-typography-text-word-spacing );color:var( --e-global-color-primary );}:root{--page-title-display:none;}@media(max-width:1024px){.elementor-widget-heading .elementor-heading-title{font-size:var( --e-global-typography-primary-font-size );line-height:var( --e-global-typography-primary-line-height );letter-spacing:var( --e-global-typography-primary-letter-spacing );}.elementor-717 .elementor-element.elementor-element-e319d69 .elementor-heading-title{font-size:1em;line-height:1.1em;}.elementor-widget-text-editor{font-size:var( --e-global-typography-text-font-size );line-height:var( --e-global-typography-text-line-height );letter-spacing:var( --e-global-typography-text-letter-spacing );word-spacing:var( --e-global-typography-text-word-spacing );}.elementor-717 .elementor-element.elementor-element-6887c71f{font-size:var( --e-global-typography-text-font-size );line-height:var( --e-global-typography-text-line-height );letter-spacing:var( --e-global-typography-text-letter-spacing );word-spacing:var( --e-global-typography-text-word-spacing );}}@media(max-width:767px){.elementor-widget-heading .elementor-heading-title{font-size:var( --e-global-typography-primary-font-size );line-height:var( --e-global-typography-primary-line-height );letter-spacing:var( --e-global-typography-primary-letter-spacing );}.elementor-717 .elementor-element.elementor-element-e319d69 .elementor-heading-title{font-size:2.5em;line-height:1.1em;}.elementor-widget-text-editor{font-size:var( --e-global-typography-text-font-size );line-height:var( --e-global-typography-text-line-height );letter-spacing:var( --e-global-typography-text-letter-spacing );word-spacing:var( --e-global-typography-text-word-spacing );}.elementor-717 .elementor-element.elementor-element-6887c71f{font-size:var( --e-global-typography-text-font-size );line-height:var( --e-global-typography-text-line-height );letter-spacing:var( --e-global-typography-text-letter-spacing );word-spacing:var( --e-global-typography-text-word-spacing );}}<\/style>\t\t<div data-elementor-type=\"wp-page\" data-elementor-id=\"717\" class=\"elementor elementor-717\" data-elementor-post-type=\"page\">\n\t\t\t\t<div data-marvy_enable_drop_animation=\"false\" data-marvy_enable_fancy_rotate=\"false\" data-marvy_enable_flying_object=\"false\" data-marvy_enable_ripples_animation=\"false\" data-marvy_enable_waves_animation=\"false\" data-marvy_enable_rings_animation=\"false\" data-marvy_enable_topology_animation=\"false\" data-marvy_enable_gradient_animation=\"false\" data-marvy_enable_snow_animation=\"false\" data-marvy_enable_firework_animation=\"false\" data-marvy_enable_cloud_animation=\"false\" class=\"elementor-element elementor-element-470a987c e-flex e-con-boxed e-con e-parent\" data-id=\"470a987c\" data-element_type=\"container\" data-e-type=\"container\" data-settings=\"{&quot;background_background&quot;:&quot;video&quot;,&quot;background_video_link&quot;:&quot;https:\\\/\\\/youtu.be\\\/CRpD0AcoGsE&quot;}\">\n\t\t\t\t\t<div class=\"e-con-inner\">\n\t\t<div class=\"elementor-background-video-container elementor-hidden-mobile\">\n\t\t\t\t\t\t\t<div class=\"elementor-background-video-embed\" role=\"presentation\"><\/div>\n\t\t\t\t\t\t<\/div>\t\t<div class=\"elementor-element elementor-element-e319d69 elementor-widget__width-inherit elementor-widget elementor-widget-heading\" data-id=\"e319d69\" data-element_type=\"widget\" data-e-type=\"widget\" data-widget_type=\"heading.default\">\n\t\t\t\t\t<h2 class=\"elementor-heading-title elementor-size-default\">Productos InterAct Router<\/h2>\t\t\t\t<\/div>\n\t\t\t\t\t<\/div>\n\t\t\t\t<\/div>\n\t\t<div data-marvy_enable_drop_animation=\"false\" data-marvy_enable_fancy_rotate=\"false\" data-marvy_enable_flying_object=\"false\" data-marvy_enable_ripples_animation=\"false\" data-marvy_enable_waves_animation=\"false\" data-marvy_enable_rings_animation=\"false\" data-marvy_enable_topology_animation=\"false\" data-marvy_enable_gradient_animation=\"false\" data-marvy_enable_snow_animation=\"false\" data-marvy_enable_firework_animation=\"false\" data-marvy_enable_cloud_animation=\"false\" class=\"elementor-element elementor-element-55e00365 e-flex e-con-boxed e-con e-parent\" data-id=\"55e00365\" data-element_type=\"container\" data-e-type=\"container\" data-settings=\"{&quot;background_background&quot;:&quot;classic&quot;}\">\n\t\t\t\t\t<div class=\"e-con-inner\">\n\t\t\t\t<div class=\"elementor-element elementor-element-6887c71f elementor-widget elementor-widget-text-editor\" data-id=\"6887c71f\" data-element_type=\"widget\" data-e-type=\"widget\" data-widget_type=\"text-editor.default\">\n\t\t\t\t\t\t\t\t\t<h2 style=\"text-align: center;\"><b>Seguridad y Comunicaci\u00f3n con InterAct Router<\/b><\/h2><p><b>InterAct Router<\/b><span style=\"font-weight: 400;\"> utiliza el protocolo de seguridad <\/span><span style=\"font-weight: 400;\">TLS<\/span><span style=\"font-weight: 400;\">, un est\u00e1ndar mundial en <\/span><span style=\"font-weight: 400;\">el \u00e1rea de comunicaciones<\/span><span style=\"font-weight: 400;\">. Esto garantiza que toda la informaci\u00f3n que fluye entre las aplicaciones conectadas a trav\u00e9s de <\/span><b>InterAPI<\/b><span style=\"font-weight: 400;\">, as\u00ed como entre diferentes <\/span><b>InterAct Routers<\/b><b>,<\/b><span style=\"font-weight: 400;\"> viaje completamente <\/span><span style=\"font-weight: 400;\">cifrado<\/span><span style=\"font-weight: 400;\">. De esta manera, nadie puede ver o modificar sus datos en tr\u00e1nsito, asegurando un canal de comunicaci\u00f3n totalmente seguro.<\/span><\/p><h2 style=\"text-align: center;\"><b>M\u00f3dulos que Fortalecen la Comunicaci\u00f3n<\/b><\/h2><p><span style=\"font-weight: 400;\">Adem\u00e1s de proporcionar una comunicaci\u00f3n segura, <\/span><b>InterAct Router<\/b><span style=\"font-weight: 400;\"> cuenta con una serie de m\u00f3dulos que mejoran su capacidad de integraci\u00f3n:<\/span><\/p><ul><li style=\"font-weight: 400;\" aria-level=\"1\"><b>InterISO Gateway<\/b><span style=\"font-weight: 400;\">: Este m\u00f3dulo permite la interacci\u00f3n con <\/span><b>InterAct Switch<\/b><span style=\"font-weight: 400;\"> y otros productos que utilizan el formato de mensajes ISO-8583, un est\u00e1ndar global para el intercambio de transacciones de <\/span><span style=\"font-weight: 400;\">pagos electr\u00f3nicos<\/span><span style=\"font-weight: 400;\">.<\/span><\/li><li style=\"font-weight: 400;\" aria-level=\"1\"><b>InterDBI (InterAct Data Base Interface):<\/b> <span style=\"font-weight: 400;\">Este m\u00f3dulo permite la interacci\u00f3n de forma<\/span><span style=\"font-weight: 400;\"> en general con diversas bases de datos.<\/span><\/li><li style=\"font-weight: 400;\" aria-level=\"1\"><b>InterImage:<\/b><span style=\"font-weight: 400;\"> Este m\u00f3dulo facilita el env\u00edo y la recepci\u00f3n de im\u00e1genes hacia una base de datos.<\/span><\/li><\/ul>\t\t\t\t\t\t\t\t<\/div>\n\t\t\t\t\t<\/div>\n\t\t\t\t<\/div>\n\t\t\t\t<\/div>\n\t\t","protected":false},"excerpt":{"rendered":"<p>Productos InterAct Router Seguridad y Comunicaci\u00f3n con InterAct Router InterAct Router utiliza el protocolo de seguridad TLS, un est\u00e1ndar mundial en el \u00e1rea de comunicaciones. Esto garantiza que toda la informaci\u00f3n que fluye entre las aplicaciones conectadas a trav\u00e9s de InterAPI, as\u00ed como entre diferentes InterAct Routers, viaje completamente cifrado. De esta manera, nadie puede [&hellip;]<\/p>\n","protected":false},"author":1,"featured_media":0,"parent":0,"menu_order":0,"comment_status":"closed","ping_status":"closed","template":"","meta":{"footnotes":""},"class_list":["post-717","page","type-page","status-publish","hentry"],"_links":{"self":[{"href":"https:\/\/www.syndein.com.mx\/syn\/index.php\/wp-json\/wp\/v2\/pages\/717","targetHints":{"allow":["GET"]}}],"collection":[{"href":"https:\/\/www.syndein.com.mx\/syn\/index.php\/wp-json\/wp\/v2\/pages"}],"about":[{"href":"https:\/\/www.syndein.com.mx\/syn\/index.php\/wp-json\/wp\/v2\/types\/page"}],"author":[{"embeddable":true,"href":"https:\/\/www.syndein.com.mx\/syn\/index.php\/wp-json\/wp\/v2\/users\/1"}],"replies":[{"embeddable":true,"href":"https:\/\/www.syndein.com.mx\/syn\/index.php\/wp-json\/wp\/v2\/comments?post=717"}],"version-history":[{"count":10,"href":"https:\/\/www.syndein.com.mx\/syn\/index.php\/wp-json\/wp\/v2\/pages\/717\/revisions"}],"predecessor-version":[{"id":1050,"href":"https:\/\/www.syndein.com.mx\/syn\/index.php\/wp-json\/wp\/v2\/pages\/717\/revisions\/1050"}],"wp:attachment":[{"href":"https:\/\/www.syndein.com.mx\/syn\/index.php\/wp-json\/wp\/v2\/media?parent=717"}],"curies":[{"name":"wp","href":"https:\/\/api.w.org\/{rel}","templated":true}]}}