{"id":714,"date":"2026-01-13T11:45:44","date_gmt":"2026-01-13T10:45:44","guid":{"rendered":"https:\/\/www.syndein.com.mx\/syn\/index.php\/productos-interact-switch\/"},"modified":"2026-01-14T22:53:19","modified_gmt":"2026-01-14T21:53:19","slug":"productos-interact-switch","status":"publish","type":"page","link":"https:\/\/www.syndein.com.mx\/syn\/index.php\/productos-interact-switch\/","title":{"rendered":"Productos InterAct Switch"},"content":{"rendered":"<style>.elementor-714 .elementor-element.elementor-element-7e836976{--display:flex;--flex-direction:row;--container-widget-width:initial;--container-widget-height:100%;--container-widget-flex-grow:1;--container-widget-align-self:stretch;--flex-wrap-mobile:wrap;}.elementor-714 .elementor-element.elementor-element-7e836976:not(.elementor-motion-effects-element-type-background), .elementor-714 .elementor-element.elementor-element-7e836976 > .elementor-motion-effects-container > .elementor-motion-effects-layer{background-color:var( --e-global-color-secondary );background:url(\"https:\/\/www.syndein.com.mx\/syn\/wp-content\/uploads\/2026\/01\/Captura-de-pantalla-2025-11-04-081441.png\") 50% 50%;background-size:cover;}.elementor-widget-heading .elementor-heading-title{font-family:var( --e-global-typography-primary-font-family ), Square;font-size:var( --e-global-typography-primary-font-size );font-weight:var( --e-global-typography-primary-font-weight );font-style:var( --e-global-typography-primary-font-style );line-height:var( --e-global-typography-primary-line-height );letter-spacing:var( --e-global-typography-primary-letter-spacing );color:var( --e-global-color-primary );}.elementor-714 .elementor-element.elementor-element-3bb6f06e{text-align:center;margin:15px 15px calc(var(--kit-widget-spacing, 0px) + 15px) 15px;padding:15px 15px 15px 15px;width:100%;max-width:100%;}.elementor-714 .elementor-element.elementor-element-3bb6f06e .elementor-heading-title{font-family:var( --e-global-typography-primary-font-family ), Square;font-size:var( --e-global-typography-primary-font-size );font-weight:var( --e-global-typography-primary-font-weight );font-style:var( --e-global-typography-primary-font-style );line-height:var( --e-global-typography-primary-line-height );letter-spacing:var( --e-global-typography-primary-letter-spacing );text-shadow:0px 0px 10px #000000;color:var( --e-global-color-secondary );}.elementor-714 .elementor-element.elementor-element-4d39c5c7{--display:flex;--flex-direction:row;--container-widget-width:initial;--container-widget-height:100%;--container-widget-flex-grow:1;--container-widget-align-self:stretch;--flex-wrap-mobile:wrap;}.elementor-714 .elementor-element.elementor-element-7309dcdc{--display:flex;}.elementor-widget-image .widget-image-caption{color:var( --e-global-color-text );font-family:var( --e-global-typography-text-font-family ), Square;font-size:var( --e-global-typography-text-font-size );font-weight:var( --e-global-typography-text-font-weight );line-height:var( --e-global-typography-text-line-height );letter-spacing:var( --e-global-typography-text-letter-spacing );word-spacing:var( --e-global-typography-text-word-spacing );}.elementor-714 .elementor-element.elementor-element-469b7f3f img{width:100%;max-width:100%;height:500px;}.elementor-714 .elementor-element.elementor-element-37780b9e{--display:flex;--flex-direction:row;--container-widget-width:initial;--container-widget-height:100%;--container-widget-flex-grow:1;--container-widget-align-self:stretch;--flex-wrap-mobile:wrap;}.elementor-714 .elementor-element.elementor-element-37780b9e:not(.elementor-motion-effects-element-type-background), .elementor-714 .elementor-element.elementor-element-37780b9e > .elementor-motion-effects-container > .elementor-motion-effects-layer{background-color:var( --e-global-color-secondary );}.elementor-widget-text-editor{font-family:var( --e-global-typography-text-font-family ), Square;font-size:var( --e-global-typography-text-font-size );font-weight:var( --e-global-typography-text-font-weight );line-height:var( --e-global-typography-text-line-height );letter-spacing:var( --e-global-typography-text-letter-spacing );word-spacing:var( --e-global-typography-text-word-spacing );color:var( --e-global-color-text );}.elementor-widget-text-editor.elementor-drop-cap-view-stacked .elementor-drop-cap{background-color:var( --e-global-color-primary );}.elementor-widget-text-editor.elementor-drop-cap-view-framed .elementor-drop-cap, .elementor-widget-text-editor.elementor-drop-cap-view-default .elementor-drop-cap{color:var( --e-global-color-primary );border-color:var( --e-global-color-primary );}.elementor-714 .elementor-element.elementor-element-62fded14{text-align:justify;font-family:var( --e-global-typography-text-font-family ), Square;font-size:var( --e-global-typography-text-font-size );font-weight:var( --e-global-typography-text-font-weight );line-height:var( --e-global-typography-text-line-height );letter-spacing:var( --e-global-typography-text-letter-spacing );word-spacing:var( --e-global-typography-text-word-spacing );color:var( --e-global-color-primary );}:root{--page-title-display:none;}@media(max-width:1024px){.elementor-widget-heading .elementor-heading-title{font-size:var( --e-global-typography-primary-font-size );line-height:var( --e-global-typography-primary-line-height );letter-spacing:var( --e-global-typography-primary-letter-spacing );}.elementor-714 .elementor-element.elementor-element-3bb6f06e .elementor-heading-title{font-size:var( --e-global-typography-primary-font-size );line-height:var( --e-global-typography-primary-line-height );letter-spacing:var( --e-global-typography-primary-letter-spacing );}.elementor-widget-image .widget-image-caption{font-size:var( --e-global-typography-text-font-size );line-height:var( --e-global-typography-text-line-height );letter-spacing:var( --e-global-typography-text-letter-spacing );word-spacing:var( --e-global-typography-text-word-spacing );}.elementor-widget-text-editor{font-size:var( --e-global-typography-text-font-size );line-height:var( --e-global-typography-text-line-height );letter-spacing:var( --e-global-typography-text-letter-spacing );word-spacing:var( --e-global-typography-text-word-spacing );}.elementor-714 .elementor-element.elementor-element-62fded14{font-size:var( --e-global-typography-text-font-size );line-height:var( --e-global-typography-text-line-height );letter-spacing:var( --e-global-typography-text-letter-spacing );word-spacing:var( --e-global-typography-text-word-spacing );}}@media(max-width:767px){.elementor-widget-heading .elementor-heading-title{font-size:var( --e-global-typography-primary-font-size );line-height:var( --e-global-typography-primary-line-height );letter-spacing:var( --e-global-typography-primary-letter-spacing );}.elementor-714 .elementor-element.elementor-element-3bb6f06e .elementor-heading-title{font-size:var( --e-global-typography-primary-font-size );line-height:var( --e-global-typography-primary-line-height );letter-spacing:var( --e-global-typography-primary-letter-spacing );}.elementor-widget-image .widget-image-caption{font-size:var( --e-global-typography-text-font-size );line-height:var( --e-global-typography-text-line-height );letter-spacing:var( --e-global-typography-text-letter-spacing );word-spacing:var( --e-global-typography-text-word-spacing );}.elementor-widget-text-editor{font-size:var( --e-global-typography-text-font-size );line-height:var( --e-global-typography-text-line-height );letter-spacing:var( --e-global-typography-text-letter-spacing );word-spacing:var( --e-global-typography-text-word-spacing );}.elementor-714 .elementor-element.elementor-element-62fded14{font-size:var( --e-global-typography-text-font-size );line-height:var( --e-global-typography-text-line-height );letter-spacing:var( --e-global-typography-text-letter-spacing );word-spacing:var( --e-global-typography-text-word-spacing );}}<\/style>\t\t<div data-elementor-type=\"wp-page\" data-elementor-id=\"714\" class=\"elementor elementor-714\" data-elementor-post-type=\"page\">\n\t\t\t\t<div data-marvy_enable_drop_animation=\"false\" data-marvy_enable_fancy_rotate=\"false\" data-marvy_enable_flying_object=\"false\" data-marvy_enable_ripples_animation=\"false\" data-marvy_enable_waves_animation=\"false\" data-marvy_enable_rings_animation=\"false\" data-marvy_enable_topology_animation=\"false\" data-marvy_enable_gradient_animation=\"false\" data-marvy_enable_snow_animation=\"false\" data-marvy_enable_firework_animation=\"false\" data-marvy_enable_cloud_animation=\"false\" class=\"elementor-element elementor-element-7e836976 e-flex e-con-boxed e-con e-parent\" data-id=\"7e836976\" data-element_type=\"container\" data-e-type=\"container\" data-settings=\"{&quot;background_background&quot;:&quot;video&quot;,&quot;background_video_link&quot;:&quot;https:\\\/\\\/youtu.be\\\/pmFXv_pq0Vs&quot;}\">\n\t\t\t\t\t<div class=\"e-con-inner\">\n\t\t<div class=\"elementor-background-video-container elementor-hidden-mobile\">\n\t\t\t\t\t\t\t<div class=\"elementor-background-video-embed\" role=\"presentation\"><\/div>\n\t\t\t\t\t\t<\/div>\t\t<div class=\"elementor-element elementor-element-3bb6f06e elementor-widget__width-inherit elementor-widget elementor-widget-heading\" data-id=\"3bb6f06e\" data-element_type=\"widget\" data-e-type=\"widget\" data-widget_type=\"heading.default\">\n\t\t\t\t\t<h2 class=\"elementor-heading-title elementor-size-default\">PRODUCTOS INTERACT SWITCH<\/h2>\t\t\t\t<\/div>\n\t\t\t\t\t<\/div>\n\t\t\t\t<\/div>\n\t\t<div data-marvy_enable_drop_animation=\"false\" data-marvy_enable_fancy_rotate=\"false\" data-marvy_enable_flying_object=\"false\" data-marvy_enable_ripples_animation=\"false\" data-marvy_enable_waves_animation=\"false\" data-marvy_enable_rings_animation=\"false\" data-marvy_enable_topology_animation=\"false\" data-marvy_enable_gradient_animation=\"false\" data-marvy_enable_snow_animation=\"false\" data-marvy_enable_firework_animation=\"false\" data-marvy_enable_cloud_animation=\"false\" class=\"elementor-element elementor-element-4d39c5c7 e-flex e-con-boxed e-con e-parent\" data-id=\"4d39c5c7\" data-element_type=\"container\" data-e-type=\"container\" data-settings=\"{&quot;background_background&quot;:&quot;video&quot;,&quot;background_video_link&quot;:&quot;https:\\\/\\\/youtu.be\\\/pmFXv_pq0Vs&quot;}\">\n\t\t\t\t\t<div class=\"e-con-inner\">\n\t\t<div class=\"elementor-background-video-container elementor-hidden-mobile\">\n\t\t\t\t\t\t\t<div class=\"elementor-background-video-embed\" role=\"presentation\"><\/div>\n\t\t\t\t\t\t<\/div><div data-marvy_enable_drop_animation=\"false\" data-marvy_enable_fancy_rotate=\"false\" data-marvy_enable_flying_object=\"false\" data-marvy_enable_ripples_animation=\"false\" data-marvy_enable_waves_animation=\"false\" data-marvy_enable_rings_animation=\"false\" data-marvy_enable_topology_animation=\"false\" data-marvy_enable_gradient_animation=\"false\" data-marvy_enable_snow_animation=\"false\" data-marvy_enable_firework_animation=\"false\" data-marvy_enable_cloud_animation=\"false\" class=\"elementor-element elementor-element-7309dcdc e-con-full e-flex e-con e-child\" data-id=\"7309dcdc\" data-element_type=\"container\" data-e-type=\"container\">\n\t\t\t\t<div class=\"elementor-element elementor-element-469b7f3f elementor-widget elementor-widget-image\" data-id=\"469b7f3f\" data-element_type=\"widget\" data-e-type=\"widget\" data-widget_type=\"image.default\">\n\t\t\t\t\t\t\t\t\t\t\t\t\t\t\t\t<a href=\"http:\/\/www.syndein.com.mx\/syn\/wp-content\/uploads\/2026\/01\/grafico-InterAct-Switch2-1.svg\" data-elementor-open-lightbox=\"yes\" data-elementor-lightbox-title=\"grafico-InterAct-Switch2\" data-e-action-hash=\"#elementor-action%3Aaction%3Dlightbox%26settings%3DeyJpZCI6OTc0LCJ1cmwiOiJodHRwczpcL1wvd3d3LnN5bmRlaW4uY29tLm14XC9zeW5cL3dwLWNvbnRlbnRcL3VwbG9hZHNcLzIwMjZcLzAxXC9ncmFmaWNvLUludGVyQWN0LVN3aXRjaDItMS5zdmcifQ%3D%3D\">\n\t\t\t\t\t\t\t<img fetchpriority=\"high\" decoding=\"async\" width=\"1080\" height=\"1080\" src=\"https:\/\/www.syndein.com.mx\/syn\/wp-content\/uploads\/2026\/01\/grafico-InterAct-Switch2-1.svg\" class=\"attachment-large size-large wp-image-974\" alt=\"\" \/>\t\t\t\t\t\t\t\t<\/a>\n\t\t\t\t\t\t\t\t\t\t\t\t\t\t\t<\/div>\n\t\t\t\t<\/div>\n\t\t\t\t\t<\/div>\n\t\t\t\t<\/div>\n\t\t<div data-marvy_enable_drop_animation=\"false\" data-marvy_enable_fancy_rotate=\"false\" data-marvy_enable_flying_object=\"false\" data-marvy_enable_ripples_animation=\"false\" data-marvy_enable_waves_animation=\"false\" data-marvy_enable_rings_animation=\"false\" data-marvy_enable_topology_animation=\"false\" data-marvy_enable_gradient_animation=\"false\" data-marvy_enable_snow_animation=\"false\" data-marvy_enable_firework_animation=\"false\" data-marvy_enable_cloud_animation=\"false\" class=\"elementor-element elementor-element-37780b9e e-flex e-con-boxed e-con e-parent\" data-id=\"37780b9e\" data-element_type=\"container\" data-e-type=\"container\" data-settings=\"{&quot;background_background&quot;:&quot;classic&quot;}\">\n\t\t\t\t\t<div class=\"e-con-inner\">\n\t\t\t\t<div class=\"elementor-element elementor-element-62fded14 elementor-widget elementor-widget-text-editor\" data-id=\"62fded14\" data-element_type=\"widget\" data-e-type=\"widget\" data-widget_type=\"text-editor.default\">\n\t\t\t\t\t\t\t\t\t<h1 style=\"text-align: center;\"><b>M\u00f3dulos de la Plataforma InterAct Switch.<\/b><\/h1><p><span style=\"font-weight: 400;\">Nuestra plataforma <\/span><b>InterAct Switch<\/b><span style=\"font-weight: 400;\"> se compone de varios m\u00f3dulos, que trabajan en conjunto para ofrecer soluciones transaccionales completas <\/span><span style=\"font-weight: 400;\">para el procesamiento de operaciones de medios de pago.<\/span><\/p><h2 style=\"text-align: center;\"><b>M\u00f3dulos de la Plataforma B\u00e1sica<\/b><\/h2><ul><li style=\"font-weight: 400;\" aria-level=\"1\"><b>InterISO 8583<\/b><span style=\"font-weight: 400;\">: Este m\u00f3dulo permite generar e interpretar mensajes en el formato est\u00e1ndar global <\/span><b>ISO 8583<\/b><span style=\"font-weight: 400;\">, esencial para el intercambio de transacciones de <\/span><span style=\"font-weight: 400;\">pagos electr\u00f3nicos<\/span><span style=\"font-weight: 400;\">.<\/span><\/li><li style=\"font-weight: 400;\" aria-level=\"1\"><b>InterSec<\/b><span style=\"font-weight: 400;\">: Encargado de las funciones de seguridad para tarjetas de cr\u00e9dito o d\u00e9bito, este m\u00f3dulo opera con hardware de seguridad y software para proteger cada operaci\u00f3n.<\/span><\/li><li style=\"font-weight: 400;\" aria-level=\"1\"><b>InterCard<\/b><span style=\"font-weight: 400;\">: Es una soluci\u00f3n para la autorizaci\u00f3n de transacciones <\/span><span style=\"font-weight: 400;\">en l\u00ednea y en tiempo real<\/span><span style=\"font-weight: 400;\">. <\/span><b>InterCard<\/b><span style=\"font-weight: 400;\"> se basa en reglas de negocio configurables y puede funcionar de manera aut\u00f3noma o en conjunto con sus sistemas centrales para <\/span><span style=\"font-weight: 400;\">manejar los<\/span><span style=\"font-weight: 400;\"> saldos. Adem\u00e1s, incluye todas las funciones necesarias para la administraci\u00f3n de tarjetas de cr\u00e9dito o d\u00e9bito.<\/span><ul><li style=\"font-weight: 400;\" aria-level=\"2\"><b>InterCard\/IM (Inventory Management)<\/b><span style=\"font-weight: 400;\">: <\/span><span style=\"font-weight: 400;\">Este m\u00f3dulo, administra el inventario de tarjetas y otros medios, tales como chequeras y dispositivos de seguridad (como tokens). Lleva el control de los medios entregados y activados, genera reportes por sucursal y cumple con las regulaciones del Banco de M\u00e9xico, al enviar los pedidos a los maquiladores de los diferentes medios, con la informaci\u00f3n cifrada<\/span><span style=\"font-weight: 400;\">.<\/span><\/li><li style=\"font-weight: 400;\" aria-level=\"2\"><b>InterCard\/AR (Automated Reconciliation)<\/b><span style=\"font-weight: 400;\">: Permite la conciliaci\u00f3n automatizada, de la informaci\u00f3n reportada por el procesador transaccional, contra la informaci\u00f3n registrada en la Base de Datos de la Instituci\u00f3n, durante el proceso en L\u00ednea.\u00a0<\/span><\/li><\/ul><\/li><\/ul><h2 style=\"text-align: center;\"><b>M\u00f3dulos Adicionales para Canales de Pago<\/b><\/h2><p><span style=\"font-weight: 400;\">La plataforma <\/span><b>InterAct Switch<\/b><span style=\"font-weight: 400;\"> tambi\u00e9n incluye m\u00f3dulos para la gesti\u00f3n de canales espec\u00edficos:<\/span><\/p><ul><li style=\"font-weight: 400;\" aria-level=\"1\"><b>InterATM<\/b><span style=\"font-weight: 400;\">: M\u00f3dulo que administra los <\/span><b>Cajeros Autom\u00e1ticos (ATM)<\/b><span style=\"font-weight: 400;\">, permitiendo procesar transacciones como consultas, retiros y transferencias.<\/span><\/li><li style=\"font-weight: 400;\" aria-level=\"1\"><b>InterPOS<\/b><span style=\"font-weight: 400;\">: Esta soluci\u00f3n administra las terminales de <\/span><b>Punto<\/b><b> de Venta (POS)<\/b><span style=\"font-weight: 400;\">, permitiendo procesar transacciones como compras, devoluciones <\/span><span style=\"font-weight: 400;\">y cash back<\/span><span style=\"font-weight: 400;\">.<\/span><\/li><li style=\"font-weight: 400;\" aria-level=\"1\"><b>InterPay<\/b><span style=\"font-weight: 400;\">: Un m\u00f3dulo dise\u00f1ado para procesar transacciones de pagos electr\u00f3nicos en l\u00ednea desde la perspectiva del adquirente, utilizando un conjunto de reglas de negocio configurables.<\/span><\/li><\/ul>\t\t\t\t\t\t\t\t<\/div>\n\t\t\t\t\t<\/div>\n\t\t\t\t<\/div>\n\t\t\t\t<\/div>\n\t\t","protected":false},"excerpt":{"rendered":"<p>PRODUCTOS INTERACT SWITCH M\u00f3dulos de la Plataforma InterAct Switch. Nuestra plataforma InterAct Switch se compone de varios m\u00f3dulos, que trabajan en conjunto para ofrecer soluciones transaccionales completas para el procesamiento de operaciones de medios de pago. M\u00f3dulos de la Plataforma B\u00e1sica InterISO 8583: Este m\u00f3dulo permite generar e interpretar mensajes en el formato est\u00e1ndar global [&hellip;]<\/p>\n","protected":false},"author":1,"featured_media":0,"parent":0,"menu_order":0,"comment_status":"closed","ping_status":"closed","template":"","meta":{"footnotes":""},"class_list":["post-714","page","type-page","status-publish","hentry"],"_links":{"self":[{"href":"https:\/\/www.syndein.com.mx\/syn\/index.php\/wp-json\/wp\/v2\/pages\/714","targetHints":{"allow":["GET"]}}],"collection":[{"href":"https:\/\/www.syndein.com.mx\/syn\/index.php\/wp-json\/wp\/v2\/pages"}],"about":[{"href":"https:\/\/www.syndein.com.mx\/syn\/index.php\/wp-json\/wp\/v2\/types\/page"}],"author":[{"embeddable":true,"href":"https:\/\/www.syndein.com.mx\/syn\/index.php\/wp-json\/wp\/v2\/users\/1"}],"replies":[{"embeddable":true,"href":"https:\/\/www.syndein.com.mx\/syn\/index.php\/wp-json\/wp\/v2\/comments?post=714"}],"version-history":[{"count":16,"href":"https:\/\/www.syndein.com.mx\/syn\/index.php\/wp-json\/wp\/v2\/pages\/714\/revisions"}],"predecessor-version":[{"id":1046,"href":"https:\/\/www.syndein.com.mx\/syn\/index.php\/wp-json\/wp\/v2\/pages\/714\/revisions\/1046"}],"wp:attachment":[{"href":"https:\/\/www.syndein.com.mx\/syn\/index.php\/wp-json\/wp\/v2\/media?parent=714"}],"curies":[{"name":"wp","href":"https:\/\/api.w.org\/{rel}","templated":true}]}}