{"id":711,"date":"2026-01-13T11:45:44","date_gmt":"2026-01-13T10:45:44","guid":{"rendered":"https:\/\/www.syndein.com.mx\/syn\/index.php\/interact-switch\/"},"modified":"2026-01-14T22:17:58","modified_gmt":"2026-01-14T21:17:58","slug":"interact-switch","status":"publish","type":"page","link":"https:\/\/www.syndein.com.mx\/syn\/index.php\/interact-switch\/","title":{"rendered":"InterAct  Switch"},"content":{"rendered":"<style>.elementor-711 .elementor-element.elementor-element-184c609c{--display:flex;--flex-direction:row;--container-widget-width:initial;--container-widget-height:100%;--container-widget-flex-grow:1;--container-widget-align-self:stretch;--flex-wrap-mobile:wrap;}.elementor-711 .elementor-element.elementor-element-184c609c:not(.elementor-motion-effects-element-type-background), .elementor-711 .elementor-element.elementor-element-184c609c > .elementor-motion-effects-container > .elementor-motion-effects-layer{background-color:var( --e-global-color-secondary );background:url(\"https:\/\/www.syndein.com.mx\/syn\/wp-content\/uploads\/2026\/01\/Captura-de-pantalla-2025-11-04-082700.png\") 50% 50%;background-size:cover;}.elementor-widget-heading .elementor-heading-title{font-family:var( --e-global-typography-primary-font-family ), Square;font-size:var( --e-global-typography-primary-font-size );font-weight:var( --e-global-typography-primary-font-weight );font-style:var( --e-global-typography-primary-font-style );line-height:var( --e-global-typography-primary-line-height );letter-spacing:var( --e-global-typography-primary-letter-spacing );color:var( --e-global-color-primary );}.elementor-711 .elementor-element.elementor-element-2ea25145{text-align:center;margin:40px 40px calc(var(--kit-widget-spacing, 0px) + 40px) 40px;padding:15px 15px 15px 15px;width:var( --container-widget-width, 84.238% );max-width:84.238%;--container-widget-width:84.238%;--container-widget-flex-grow:0;}.elementor-711 .elementor-element.elementor-element-2ea25145 .elementor-heading-title{font-family:var( --e-global-typography-primary-font-family ), Square;font-size:var( --e-global-typography-primary-font-size );font-weight:var( --e-global-typography-primary-font-weight );font-style:var( --e-global-typography-primary-font-style );line-height:var( --e-global-typography-primary-line-height );letter-spacing:var( --e-global-typography-primary-letter-spacing );color:var( --e-global-color-secondary );}.elementor-711 .elementor-element.elementor-element-2ea25145.elementor-element{--flex-grow:0;--flex-shrink:0;}.elementor-711 .elementor-element.elementor-element-37711412{--display:flex;--flex-direction:row;--container-widget-width:initial;--container-widget-height:100%;--container-widget-flex-grow:1;--container-widget-align-self:stretch;--flex-wrap-mobile:wrap;--z-index:0;}.elementor-711 .elementor-element.elementor-element-37711412:not(.elementor-motion-effects-element-type-background), .elementor-711 .elementor-element.elementor-element-37711412 > .elementor-motion-effects-container > .elementor-motion-effects-layer{background-color:var( --e-global-color-secondary );}.elementor-widget-text-editor{font-family:var( --e-global-typography-text-font-family ), Square;font-size:var( --e-global-typography-text-font-size );font-weight:var( --e-global-typography-text-font-weight );line-height:var( --e-global-typography-text-line-height );letter-spacing:var( --e-global-typography-text-letter-spacing );word-spacing:var( --e-global-typography-text-word-spacing );color:var( --e-global-color-text );}.elementor-widget-text-editor.elementor-drop-cap-view-stacked .elementor-drop-cap{background-color:var( --e-global-color-primary );}.elementor-widget-text-editor.elementor-drop-cap-view-framed .elementor-drop-cap, .elementor-widget-text-editor.elementor-drop-cap-view-default .elementor-drop-cap{color:var( --e-global-color-primary );border-color:var( --e-global-color-primary );}.elementor-711 .elementor-element.elementor-element-4cc063cb{text-align:justify;font-family:var( --e-global-typography-text-font-family ), Square;font-size:var( --e-global-typography-text-font-size );font-weight:var( --e-global-typography-text-font-weight );line-height:var( --e-global-typography-text-line-height );letter-spacing:var( --e-global-typography-text-letter-spacing );word-spacing:var( --e-global-typography-text-word-spacing );color:var( --e-global-color-primary );z-index:1000;}:root{--page-title-display:none;}@media(max-width:1024px){.elementor-widget-heading .elementor-heading-title{font-size:var( --e-global-typography-primary-font-size );line-height:var( --e-global-typography-primary-line-height );letter-spacing:var( --e-global-typography-primary-letter-spacing );}.elementor-711 .elementor-element.elementor-element-2ea25145 .elementor-heading-title{font-size:var( --e-global-typography-primary-font-size );line-height:var( --e-global-typography-primary-line-height );letter-spacing:var( --e-global-typography-primary-letter-spacing );}.elementor-widget-text-editor{font-size:var( --e-global-typography-text-font-size );line-height:var( --e-global-typography-text-line-height );letter-spacing:var( --e-global-typography-text-letter-spacing );word-spacing:var( --e-global-typography-text-word-spacing );}.elementor-711 .elementor-element.elementor-element-4cc063cb{font-size:var( --e-global-typography-text-font-size );line-height:var( --e-global-typography-text-line-height );letter-spacing:var( --e-global-typography-text-letter-spacing );word-spacing:var( --e-global-typography-text-word-spacing );}}@media(max-width:767px){.elementor-widget-heading .elementor-heading-title{font-size:var( --e-global-typography-primary-font-size );line-height:var( --e-global-typography-primary-line-height );letter-spacing:var( --e-global-typography-primary-letter-spacing );}.elementor-711 .elementor-element.elementor-element-2ea25145 .elementor-heading-title{font-size:var( --e-global-typography-primary-font-size );line-height:var( --e-global-typography-primary-line-height );letter-spacing:var( --e-global-typography-primary-letter-spacing );}.elementor-widget-text-editor{font-size:var( --e-global-typography-text-font-size );line-height:var( --e-global-typography-text-line-height );letter-spacing:var( --e-global-typography-text-letter-spacing );word-spacing:var( --e-global-typography-text-word-spacing );}.elementor-711 .elementor-element.elementor-element-4cc063cb{font-size:var( --e-global-typography-text-font-size );line-height:var( --e-global-typography-text-line-height );letter-spacing:var( --e-global-typography-text-letter-spacing );word-spacing:var( --e-global-typography-text-word-spacing );}}<\/style>\t\t<div data-elementor-type=\"wp-page\" data-elementor-id=\"711\" class=\"elementor elementor-711\" data-elementor-post-type=\"page\">\n\t\t\t\t<div data-marvy_enable_drop_animation=\"false\" data-marvy_enable_fancy_rotate=\"false\" data-marvy_enable_flying_object=\"false\" data-marvy_enable_ripples_animation=\"false\" data-marvy_enable_waves_animation=\"false\" data-marvy_enable_rings_animation=\"false\" data-marvy_enable_topology_animation=\"false\" data-marvy_enable_gradient_animation=\"false\" data-marvy_enable_snow_animation=\"false\" data-marvy_enable_firework_animation=\"false\" data-marvy_enable_cloud_animation=\"false\" class=\"elementor-element elementor-element-184c609c e-flex e-con-boxed e-con e-parent\" data-id=\"184c609c\" data-element_type=\"container\" data-e-type=\"container\" data-settings=\"{&quot;background_background&quot;:&quot;video&quot;,&quot;background_video_link&quot;:&quot;https:\\\/\\\/youtu.be\\\/jSgPDKV4VYE&quot;}\">\n\t\t\t\t\t<div class=\"e-con-inner\">\n\t\t<div class=\"elementor-background-video-container elementor-hidden-mobile\">\n\t\t\t\t\t\t\t<div class=\"elementor-background-video-embed\" role=\"presentation\"><\/div>\n\t\t\t\t\t\t<\/div>\t\t<div class=\"elementor-element elementor-element-2ea25145 elementor-widget__width-initial elementor-widget elementor-widget-heading\" data-id=\"2ea25145\" data-element_type=\"widget\" data-e-type=\"widget\" data-widget_type=\"heading.default\">\n\t\t\t\t\t<h1 class=\"elementor-heading-title elementor-size-default\">INTERACT SWITCH<\/h1>\t\t\t\t<\/div>\n\t\t\t\t\t<\/div>\n\t\t\t\t<\/div>\n\t\t<div data-marvy_enable_drop_animation=\"false\" data-marvy_enable_fancy_rotate=\"false\" data-marvy_enable_flying_object=\"false\" data-marvy_enable_ripples_animation=\"false\" data-marvy_enable_waves_animation=\"false\" data-marvy_enable_rings_animation=\"false\" data-marvy_enable_topology_animation=\"false\" data-marvy_enable_gradient_animation=\"false\" data-marvy_enable_snow_animation=\"false\" data-marvy_enable_firework_animation=\"false\" data-marvy_enable_cloud_animation=\"false\" class=\"elementor-element elementor-element-37711412 e-flex e-con-boxed e-con e-parent\" data-id=\"37711412\" data-element_type=\"container\" data-e-type=\"container\" data-settings=\"{&quot;background_background&quot;:&quot;classic&quot;}\">\n\t\t\t\t\t<div class=\"e-con-inner\">\n\t\t\t\t<div class=\"elementor-element elementor-element-4cc063cb elementor-widget elementor-widget-text-editor\" data-id=\"4cc063cb\" data-element_type=\"widget\" data-e-type=\"widget\" data-widget_type=\"text-editor.default\">\n\t\t\t\t\t\t\t\t\t<h2 style=\"text-align: center;\"><strong>InterAct Switch: El Coraz\u00f3n para la Integraci\u00f3n de Medios de Pago<\/strong><\/h2><p><b>InterAct Switch<\/b><span style=\"font-weight: 400;\"> es <\/span><span style=\"font-weight: 400;\">el<\/span><span style=\"font-weight: 400;\"> medio tecnol\u00f3gico, que integra de manera segura y eficiente todas las operaciones de pago de su empresa o <\/span><span style=\"font-weight: 400;\">Instituci\u00f3n<\/span><span style=\"font-weight: 400;\">, sin importar el canal por el que sus clientes prefieran interactuar.<\/span><\/p><p><span style=\"font-weight: 400;\">Nuestra plataforma, permite a las empresas o Instituciones concentrar y <\/span><span style=\"font-weight: 400;\">procesar<\/span> <span style=\"font-weight: 400;\">m\u00faltiples<\/span><span style=\"font-weight: 400;\">\u00a0canales de medios de pago, administrar<\/span><span style=\"font-weight: 400;\"> de forma centralizada sus cajeros autom\u00e1ticos, kioscos y terminales de punto de venta (POS\/ePOS). Adem\u00e1s, es compatible con transacciones de tarjetas de cr\u00e9dito, d\u00e9bito, lealtad o puntos, <\/span><span style=\"font-weight: 400;\">tanto f\u00edsicas, como digitales<\/span><span style=\"font-weight: 400;\">.<\/span><\/p><h2 style=\"text-align: center;\"><b>Agilidad, Seguridad y Disponibilidad Total.<\/b><\/h2><p><b>InterAct Switch<\/b><span style=\"font-weight: 400;\"> es el n\u00facleo de su estrategia de medios de pago. Garantiza la seguridad, velocidad y disponibilidad de todas sus operaciones las <\/span><b>24 horas del d\u00eda, los 7 d\u00edas de la semana, los 365 d\u00edas del a\u00f1o<\/b><span style=\"font-weight: 400;\">.<\/span><\/p><p><span style=\"font-weight: 400;\">Gracias a sus reglas de negocio adaptables, la soluci\u00f3n puede anticiparse a los picos de demanda. Esto significa que puede programar con anticipaci\u00f3n el incremento de la capacidad de procesamiento, asegurando que sus clientes siempre disfruten de una experiencia \u00e1gil y sin interrupciones, incluso durante fines de semana o periodos de alto volumen. <\/span><b>InterAct Switch<\/b><span style=\"font-weight: 400;\"> se encarga de enviar la informaci\u00f3n a los sistemas necesarios con extrema rapidez, eliminando los cuellos de botella.<\/span><\/p><h2 style=\"text-align: center;\"><b>Soluciones Especializadas.<\/b><\/h2><p><span style=\"font-weight: 400;\">A trav\u00e9s de sus m\u00f3dulos <\/span><b>InterSec, InterISO8583, InterCard, InterPay, InterPOS<\/b><span style=\"font-weight: 400;\"> e <\/span><b>InterATM<\/b><span style=\"font-weight: 400;\">, ofrecemos soluciones especializadas para <\/span><span style=\"font-weight: 400;\">la administraci\u00f3n y procesamiento de transacciones de<\/span><span style=\"font-weight: 400;\">:<\/span><\/p><ul><li style=\"font-weight: 400;\" aria-level=\"1\"><b>Tarjetas <\/b><b>de Cr\u00e9dito, D\u00e9bito, Lealtad o Puntos, tanto F\u00edsicas, como Digitales.<\/b><\/li><li style=\"font-weight: 400;\" aria-level=\"1\"><b>Cajeros Autom\u00e1ticos.<\/b><\/li><li style=\"font-weight: 400;\" aria-level=\"1\"><b>Terminales de<\/b><b> Puntos de Venta (POS\/ePOS).<\/b><\/li><li style=\"font-weight: 400;\" aria-level=\"1\"><b>Medios de Pago <\/b><b>en L\u00ednea<\/b><b>.<\/b><\/li><\/ul>\t\t\t\t\t\t\t\t<\/div>\n\t\t\t\t\t<\/div>\n\t\t\t\t<\/div>\n\t\t\t\t<\/div>\n\t\t","protected":false},"excerpt":{"rendered":"<p>INTERACT SWITCH InterAct Switch: El Coraz\u00f3n para la Integraci\u00f3n de Medios de Pago InterAct Switch es el medio tecnol\u00f3gico, que integra de manera segura y eficiente todas las operaciones de pago de su empresa o Instituci\u00f3n, sin importar el canal por el que sus clientes prefieran interactuar. Nuestra plataforma, permite a las empresas o Instituciones [&hellip;]<\/p>\n","protected":false},"author":1,"featured_media":0,"parent":0,"menu_order":0,"comment_status":"closed","ping_status":"closed","template":"","meta":{"footnotes":""},"class_list":["post-711","page","type-page","status-publish","hentry"],"_links":{"self":[{"href":"https:\/\/www.syndein.com.mx\/syn\/index.php\/wp-json\/wp\/v2\/pages\/711","targetHints":{"allow":["GET"]}}],"collection":[{"href":"https:\/\/www.syndein.com.mx\/syn\/index.php\/wp-json\/wp\/v2\/pages"}],"about":[{"href":"https:\/\/www.syndein.com.mx\/syn\/index.php\/wp-json\/wp\/v2\/types\/page"}],"author":[{"embeddable":true,"href":"https:\/\/www.syndein.com.mx\/syn\/index.php\/wp-json\/wp\/v2\/users\/1"}],"replies":[{"embeddable":true,"href":"https:\/\/www.syndein.com.mx\/syn\/index.php\/wp-json\/wp\/v2\/comments?post=711"}],"version-history":[{"count":10,"href":"https:\/\/www.syndein.com.mx\/syn\/index.php\/wp-json\/wp\/v2\/pages\/711\/revisions"}],"predecessor-version":[{"id":1023,"href":"https:\/\/www.syndein.com.mx\/syn\/index.php\/wp-json\/wp\/v2\/pages\/711\/revisions\/1023"}],"wp:attachment":[{"href":"https:\/\/www.syndein.com.mx\/syn\/index.php\/wp-json\/wp\/v2\/media?parent=711"}],"curies":[{"name":"wp","href":"https:\/\/api.w.org\/{rel}","templated":true}]}}