{"id":705,"date":"2026-01-13T11:45:44","date_gmt":"2026-01-13T10:45:44","guid":{"rendered":"https:\/\/www.syndein.com.mx\/syn\/index.php\/banca-electronica\/"},"modified":"2026-01-14T03:29:21","modified_gmt":"2026-01-14T02:29:21","slug":"banca-electronica","status":"publish","type":"page","link":"https:\/\/www.syndein.com.mx\/syn\/index.php\/banca-electronica\/","title":{"rendered":"Banca Electr\u00f3nica"},"content":{"rendered":"<style>.elementor-705 .elementor-element.elementor-element-12e5616{--display:flex;--flex-direction:row;--container-widget-width:initial;--container-widget-height:100%;--container-widget-flex-grow:1;--container-widget-align-self:stretch;--flex-wrap-mobile:wrap;--padding-top:40px;--padding-bottom:40px;--padding-left:40px;--padding-right:40px;}.elementor-705 .elementor-element.elementor-element-12e5616:not(.elementor-motion-effects-element-type-background), .elementor-705 .elementor-element.elementor-element-12e5616 > .elementor-motion-effects-container > .elementor-motion-effects-layer{background-color:var( --e-global-color-primary );}.elementor-widget-heading .elementor-heading-title{font-family:var( --e-global-typography-primary-font-family ), Square;font-size:var( --e-global-typography-primary-font-size );font-weight:var( --e-global-typography-primary-font-weight );font-style:var( --e-global-typography-primary-font-style );line-height:var( --e-global-typography-primary-line-height );letter-spacing:var( --e-global-typography-primary-letter-spacing );color:var( --e-global-color-primary );}.elementor-705 .elementor-element.elementor-element-27ae91b9{text-align:center;margin:15px 15px calc(var(--kit-widget-spacing, 0px) + 15px) 15px;padding:26px 26px 26px 26px;width:100%;max-width:100%;}.elementor-705 .elementor-element.elementor-element-27ae91b9 .elementor-heading-title{font-family:var( --e-global-typography-primary-font-family ), Square;font-size:var( --e-global-typography-primary-font-size );font-weight:var( --e-global-typography-primary-font-weight );font-style:var( --e-global-typography-primary-font-style );line-height:var( --e-global-typography-primary-line-height );letter-spacing:var( --e-global-typography-primary-letter-spacing );text-shadow:0px 0px 57px #000000;color:var( --e-global-color-secondary );}.elementor-705 .elementor-element.elementor-element-50ae863{--display:flex;--flex-direction:row;--container-widget-width:initial;--container-widget-height:100%;--container-widget-flex-grow:1;--container-widget-align-self:stretch;--flex-wrap-mobile:wrap;}.elementor-705 .elementor-element.elementor-element-50ae863:not(.elementor-motion-effects-element-type-background), .elementor-705 .elementor-element.elementor-element-50ae863 > .elementor-motion-effects-container > .elementor-motion-effects-layer{background-color:transparent;background-image:linear-gradient(180deg, #000000 0%, var( --e-global-color-secondary ) 9%);}.elementor-widget-text-editor{font-family:var( --e-global-typography-text-font-family ), Square;font-size:var( --e-global-typography-text-font-size );font-weight:var( --e-global-typography-text-font-weight );line-height:var( --e-global-typography-text-line-height );letter-spacing:var( --e-global-typography-text-letter-spacing );word-spacing:var( --e-global-typography-text-word-spacing );color:var( --e-global-color-text );}.elementor-widget-text-editor.elementor-drop-cap-view-stacked .elementor-drop-cap{background-color:var( --e-global-color-primary );}.elementor-widget-text-editor.elementor-drop-cap-view-framed .elementor-drop-cap, .elementor-widget-text-editor.elementor-drop-cap-view-default .elementor-drop-cap{color:var( --e-global-color-primary );border-color:var( --e-global-color-primary );}.elementor-705 .elementor-element.elementor-element-66ad403d{text-align:justify;font-family:var( --e-global-typography-text-font-family ), Square;font-size:var( --e-global-typography-text-font-size );font-weight:var( --e-global-typography-text-font-weight );line-height:var( --e-global-typography-text-line-height );letter-spacing:var( --e-global-typography-text-letter-spacing );word-spacing:var( --e-global-typography-text-word-spacing );color:var( --e-global-color-primary );}:root{--page-title-display:none;}@media(max-width:1024px){.elementor-widget-heading .elementor-heading-title{font-size:var( --e-global-typography-primary-font-size );line-height:var( --e-global-typography-primary-line-height );letter-spacing:var( --e-global-typography-primary-letter-spacing );}.elementor-705 .elementor-element.elementor-element-27ae91b9 .elementor-heading-title{font-size:var( --e-global-typography-primary-font-size );line-height:var( --e-global-typography-primary-line-height );letter-spacing:var( --e-global-typography-primary-letter-spacing );}.elementor-widget-text-editor{font-size:var( --e-global-typography-text-font-size );line-height:var( --e-global-typography-text-line-height );letter-spacing:var( --e-global-typography-text-letter-spacing );word-spacing:var( --e-global-typography-text-word-spacing );}.elementor-705 .elementor-element.elementor-element-66ad403d{font-size:var( --e-global-typography-text-font-size );line-height:var( --e-global-typography-text-line-height );letter-spacing:var( --e-global-typography-text-letter-spacing );word-spacing:var( --e-global-typography-text-word-spacing );}}@media(max-width:767px){.elementor-widget-heading .elementor-heading-title{font-size:var( --e-global-typography-primary-font-size );line-height:var( --e-global-typography-primary-line-height );letter-spacing:var( --e-global-typography-primary-letter-spacing );}.elementor-705 .elementor-element.elementor-element-27ae91b9 .elementor-heading-title{font-size:var( --e-global-typography-primary-font-size );line-height:var( --e-global-typography-primary-line-height );letter-spacing:var( --e-global-typography-primary-letter-spacing );}.elementor-widget-text-editor{font-size:var( --e-global-typography-text-font-size );line-height:var( --e-global-typography-text-line-height );letter-spacing:var( --e-global-typography-text-letter-spacing );word-spacing:var( --e-global-typography-text-word-spacing );}.elementor-705 .elementor-element.elementor-element-66ad403d{font-size:var( --e-global-typography-text-font-size );line-height:var( --e-global-typography-text-line-height );letter-spacing:var( --e-global-typography-text-letter-spacing );word-spacing:var( --e-global-typography-text-word-spacing );}}<\/style>\t\t<div data-elementor-type=\"wp-page\" data-elementor-id=\"705\" class=\"elementor elementor-705\" data-elementor-post-type=\"page\">\n\t\t\t\t<div data-marvy_enable_drop_animation=\"false\" data-marvy_enable_fancy_rotate=\"false\" data-marvy_enable_flying_object=\"false\" data-marvy_enable_ripples_animation=\"false\" data-marvy_enable_waves_animation=\"false\" data-marvy_enable_rings_animation=\"false\" data-marvy_enable_topology_animation=\"false\" data-marvy_enable_gradient_animation=\"false\" data-marvy_enable_snow_animation=\"false\" data-marvy_enable_firework_animation=\"false\" data-marvy_enable_cloud_animation=\"false\" class=\"elementor-element elementor-element-12e5616 e-flex e-con-boxed e-con e-parent\" data-id=\"12e5616\" data-element_type=\"container\" data-e-type=\"container\" data-settings=\"{&quot;background_background&quot;:&quot;video&quot;,&quot;background_video_link&quot;:&quot;https:\\\/\\\/youtu.be\\\/SIPCMbG1zqM&quot;}\">\n\t\t\t\t\t<div class=\"e-con-inner\">\n\t\t<div class=\"elementor-background-video-container elementor-hidden-mobile\">\n\t\t\t\t\t\t\t<div class=\"elementor-background-video-embed\" role=\"presentation\"><\/div>\n\t\t\t\t\t\t<\/div>\t\t<div class=\"elementor-element elementor-element-27ae91b9 elementor-widget__width-inherit elementor-widget elementor-widget-heading\" data-id=\"27ae91b9\" data-element_type=\"widget\" data-e-type=\"widget\" data-widget_type=\"heading.default\">\n\t\t\t\t\t<h1 class=\"elementor-heading-title elementor-size-default\">BANCA ELECTR\u00d3NICA<\/h1>\t\t\t\t<\/div>\n\t\t\t\t\t<\/div>\n\t\t\t\t<\/div>\n\t\t<div data-marvy_enable_drop_animation=\"false\" data-marvy_enable_fancy_rotate=\"false\" data-marvy_enable_flying_object=\"false\" data-marvy_enable_ripples_animation=\"false\" data-marvy_enable_waves_animation=\"false\" data-marvy_enable_rings_animation=\"false\" data-marvy_enable_topology_animation=\"false\" data-marvy_enable_gradient_animation=\"false\" data-marvy_enable_snow_animation=\"false\" data-marvy_enable_firework_animation=\"false\" data-marvy_enable_cloud_animation=\"false\" class=\"elementor-element elementor-element-50ae863 e-flex e-con-boxed e-con e-parent\" data-id=\"50ae863\" data-element_type=\"container\" data-e-type=\"container\" data-settings=\"{&quot;background_background&quot;:&quot;gradient&quot;}\">\n\t\t\t\t\t<div class=\"e-con-inner\">\n\t\t\t\t<div class=\"elementor-element elementor-element-66ad403d elementor-widget elementor-widget-text-editor\" data-id=\"66ad403d\" data-element_type=\"widget\" data-e-type=\"widget\" data-widget_type=\"text-editor.default\">\n\t\t\t\t\t\t\t\t\t<p>\u00a0<\/p><h2 style=\"text-align: center;\"><b>Procesamiento de Transacciones de Banca Electr\u00f3nica<\/b><\/h2><p><span style=\"font-weight: 400;\">En <\/span><span style=\"font-weight: 400;\">esta<\/span><span style=\"font-weight: 400;\"> era digital, la banca electr\u00f3nica es un pilar fundamental para la atenci\u00f3n al cliente. Un portal bancario debe manejar con eficiencia, no solo el intercambio de informaci\u00f3n entre aplicaciones, sino tambi\u00e9n grandes cantidades de solicitudes, ofrecer tiempos de respuesta r\u00e1pidos y garantizar la m\u00e1xima seguridad en cada operaci\u00f3n.<\/span><\/p><p><span style=\"font-weight: 400;\">Servicios como consultas de saldo, transferencias interbancarias, <\/span><span style=\"font-weight: 400;\">cambio\/validaci\u00f3n de NIP, solicitudes de tarjetas, chequeras y tokens<\/span><span style=\"font-weight: 400;\">, pago de impuestos o <\/span><span style=\"font-weight: 400;\">manejo<\/span><span style=\"font-weight: 400;\"> de inversiones son esenciales. Es aqu\u00ed donde <\/span><b>InterAct Router<\/b><span style=\"font-weight: 400;\"> demuestra su valor.<\/span><\/p><p><span style=\"font-weight: 400;\">Nuestra soluci\u00f3n est\u00e1 dise\u00f1ada, para <\/span><span style=\"font-weight: 400;\">procesar<\/span><span style=\"font-weight: 400;\"> picos de actividad sin afectar la velocidad o la seguridad, a trav\u00e9s de reglas de negocio inteligentes. <\/span><b>InterAct Router<\/b><span style=\"font-weight: 400;\"> administra el flujo de informaci\u00f3n para que, incluso en momentos de alta demanda, los tiempos de respuesta se mantengan \u00f3ptimos y los datos de sus clientes permanezcan protegidos mediante <\/span><span style=\"font-weight: 400;\">cifrado<\/span><span style=\"font-weight: 400;\">. Con <\/span><b>InterAct Router<\/b><span style=\"font-weight: 400;\">, su plataforma de banca electr\u00f3nica siempre estar\u00e1 lista para ofrecer un servicio seguro y eficiente.<\/span><\/p>\t\t\t\t\t\t\t\t<\/div>\n\t\t\t\t\t<\/div>\n\t\t\t\t<\/div>\n\t\t\t\t<\/div>\n\t\t","protected":false},"excerpt":{"rendered":"<p>BANCA ELECTR\u00d3NICA \u00a0 Procesamiento de Transacciones de Banca Electr\u00f3nica En esta era digital, la banca electr\u00f3nica es un pilar fundamental para la atenci\u00f3n al cliente. Un portal bancario debe manejar con eficiencia, no solo el intercambio de informaci\u00f3n entre aplicaciones, sino tambi\u00e9n grandes cantidades de solicitudes, ofrecer tiempos de respuesta r\u00e1pidos y garantizar la m\u00e1xima [&hellip;]<\/p>\n","protected":false},"author":1,"featured_media":0,"parent":0,"menu_order":0,"comment_status":"closed","ping_status":"closed","template":"","meta":{"footnotes":""},"class_list":["post-705","page","type-page","status-publish","hentry"],"_links":{"self":[{"href":"https:\/\/www.syndein.com.mx\/syn\/index.php\/wp-json\/wp\/v2\/pages\/705","targetHints":{"allow":["GET"]}}],"collection":[{"href":"https:\/\/www.syndein.com.mx\/syn\/index.php\/wp-json\/wp\/v2\/pages"}],"about":[{"href":"https:\/\/www.syndein.com.mx\/syn\/index.php\/wp-json\/wp\/v2\/types\/page"}],"author":[{"embeddable":true,"href":"https:\/\/www.syndein.com.mx\/syn\/index.php\/wp-json\/wp\/v2\/users\/1"}],"replies":[{"embeddable":true,"href":"https:\/\/www.syndein.com.mx\/syn\/index.php\/wp-json\/wp\/v2\/comments?post=705"}],"version-history":[{"count":7,"href":"https:\/\/www.syndein.com.mx\/syn\/index.php\/wp-json\/wp\/v2\/pages\/705\/revisions"}],"predecessor-version":[{"id":920,"href":"https:\/\/www.syndein.com.mx\/syn\/index.php\/wp-json\/wp\/v2\/pages\/705\/revisions\/920"}],"wp:attachment":[{"href":"https:\/\/www.syndein.com.mx\/syn\/index.php\/wp-json\/wp\/v2\/media?parent=705"}],"curies":[{"name":"wp","href":"https:\/\/api.w.org\/{rel}","templated":true}]}}