{"id":678,"date":"2026-01-13T11:45:44","date_gmt":"2026-01-13T10:45:44","guid":{"rendered":"https:\/\/www.syndein.com.mx\/syn\/index.php\/soluciones\/"},"modified":"2026-01-14T03:00:52","modified_gmt":"2026-01-14T02:00:52","slug":"soluciones","status":"publish","type":"page","link":"https:\/\/www.syndein.com.mx\/syn\/index.php\/soluciones\/","title":{"rendered":"Soluciones"},"content":{"rendered":"<style>.elementor-678 .elementor-element.elementor-element-288fe80b{--display:flex;--flex-direction:row;--container-widget-width:initial;--container-widget-height:100%;--container-widget-flex-grow:1;--container-widget-align-self:stretch;--flex-wrap-mobile:wrap;}.elementor-widget-heading .elementor-heading-title{font-family:var( --e-global-typography-primary-font-family ), Square;font-size:var( --e-global-typography-primary-font-size );font-weight:var( --e-global-typography-primary-font-weight );font-style:var( --e-global-typography-primary-font-style );line-height:var( --e-global-typography-primary-line-height );letter-spacing:var( --e-global-typography-primary-letter-spacing );color:var( --e-global-color-primary );}.elementor-678 .elementor-element.elementor-element-60a1e85d{text-align:center;margin:15px 15px calc(var(--kit-widget-spacing, 0px) + 15px) 15px;padding:40px 40px 40px 40px;width:100%;max-width:100%;}.elementor-678 .elementor-element.elementor-element-60a1e85d .elementor-heading-title{font-family:var( --e-global-typography-primary-font-family ), Square;font-size:var( --e-global-typography-primary-font-size );font-weight:var( --e-global-typography-primary-font-weight );font-style:var( --e-global-typography-primary-font-style );line-height:var( --e-global-typography-primary-line-height );letter-spacing:var( --e-global-typography-primary-letter-spacing );text-shadow:0px 0px 10px rgba(0, 0, 0, 0.66);color:var( --e-global-color-secondary );}.elementor-678 .elementor-element.elementor-element-e1d156f{--display:flex;--flex-direction:row;--container-widget-width:initial;--container-widget-height:100%;--container-widget-flex-grow:1;--container-widget-align-self:stretch;--flex-wrap-mobile:wrap;}.elementor-widget-text-editor{font-family:var( --e-global-typography-text-font-family ), Square;font-size:var( --e-global-typography-text-font-size );font-weight:var( --e-global-typography-text-font-weight );line-height:var( --e-global-typography-text-line-height );letter-spacing:var( --e-global-typography-text-letter-spacing );word-spacing:var( --e-global-typography-text-word-spacing );color:var( --e-global-color-text );}.elementor-widget-text-editor.elementor-drop-cap-view-stacked .elementor-drop-cap{background-color:var( --e-global-color-primary );}.elementor-widget-text-editor.elementor-drop-cap-view-framed .elementor-drop-cap, .elementor-widget-text-editor.elementor-drop-cap-view-default .elementor-drop-cap{color:var( --e-global-color-primary );border-color:var( --e-global-color-primary );}.elementor-678 .elementor-element.elementor-element-30d7512c{text-align:justify;font-family:\"eurostile\", Square;font-size:20px;font-weight:500;line-height:25px;letter-spacing:1.5px;word-spacing:5px;color:var( --e-global-color-primary );}.elementor-678 .elementor-element.elementor-element-59fe5bc0{--display:flex;--flex-direction:row;--container-widget-width:initial;--container-widget-height:100%;--container-widget-flex-grow:1;--container-widget-align-self:stretch;--flex-wrap-mobile:wrap;--gap:0px 0px;--row-gap:0px;--column-gap:0px;--flex-wrap:wrap;}.elementor-678 .elementor-element.elementor-element-631f18c{--display:flex;--flex-direction:column;--container-widget-width:100%;--container-widget-height:initial;--container-widget-flex-grow:0;--container-widget-align-self:initial;--flex-wrap-mobile:wrap;}.elementor-widget-button .elementor-button{font-family:var( --e-global-typography-accent-font-family ), Square;font-size:var( --e-global-typography-accent-font-size );font-weight:var( --e-global-typography-accent-font-weight );background-color:var( --e-global-color-accent );}.elementor-678 .elementor-element.elementor-element-5130354 .elementor-button{font-family:\"eurostile\", Square;font-size:1.8em;font-weight:800;line-height:63px;fill:var( --e-global-color-text );color:var( --e-global-color-text );}.elementor-678 .elementor-element.elementor-element-5130354 .elementor-button:hover, .elementor-678 .elementor-element.elementor-element-5130354 .elementor-button:focus{color:var( --e-global-color-accent );background-color:var( --e-global-color-text );}.elementor-678 .elementor-element.elementor-element-5130354 .elementor-button:hover svg, .elementor-678 .elementor-element.elementor-element-5130354 .elementor-button:focus svg{fill:var( --e-global-color-accent );}.elementor-678 .elementor-element.elementor-element-4a6b1350{--display:flex;--flex-direction:column;--container-widget-width:100%;--container-widget-height:initial;--container-widget-flex-grow:0;--container-widget-align-self:initial;--flex-wrap-mobile:wrap;}.elementor-678 .elementor-element.elementor-element-363b8e05 .elementor-button{font-family:\"eurostile\", Square;font-size:1.4em;font-weight:700;line-height:63px;fill:var( --e-global-color-text );color:var( --e-global-color-text );}.elementor-678 .elementor-element.elementor-element-363b8e05 .elementor-button:hover, .elementor-678 .elementor-element.elementor-element-363b8e05 .elementor-button:focus{color:var( --e-global-color-accent );background-color:var( --e-global-color-text );}.elementor-678 .elementor-element.elementor-element-363b8e05 .elementor-button:hover svg, .elementor-678 .elementor-element.elementor-element-363b8e05 .elementor-button:focus svg{fill:var( --e-global-color-accent );}.elementor-678 .elementor-element.elementor-element-69d71963{--display:flex;--flex-direction:column;--container-widget-width:100%;--container-widget-height:initial;--container-widget-flex-grow:0;--container-widget-align-self:initial;--flex-wrap-mobile:wrap;}.elementor-678 .elementor-element.elementor-element-3f7d6de5 .elementor-button{font-family:\"eurostile\", Square;font-size:1.7em;font-weight:800;line-height:63px;fill:var( --e-global-color-text );color:var( --e-global-color-text );}.elementor-678 .elementor-element.elementor-element-3f7d6de5 .elementor-button:hover, .elementor-678 .elementor-element.elementor-element-3f7d6de5 .elementor-button:focus{color:var( --e-global-color-accent );background-color:var( --e-global-color-text );}.elementor-678 .elementor-element.elementor-element-3f7d6de5 .elementor-button:hover svg, .elementor-678 .elementor-element.elementor-element-3f7d6de5 .elementor-button:focus svg{fill:var( --e-global-color-accent );}.elementor-678 .elementor-element.elementor-element-12a7c74f{--display:flex;--flex-direction:column;--container-widget-width:100%;--container-widget-height:initial;--container-widget-flex-grow:0;--container-widget-align-self:initial;--flex-wrap-mobile:wrap;}.elementor-678 .elementor-element.elementor-element-10a37a17 .elementor-button{font-family:\"eurostile\", Square;font-size:2em;font-weight:800;line-height:63px;fill:var( --e-global-color-text );color:var( --e-global-color-text );}.elementor-678 .elementor-element.elementor-element-10a37a17 .elementor-button:hover, .elementor-678 .elementor-element.elementor-element-10a37a17 .elementor-button:focus{color:var( --e-global-color-accent );background-color:var( --e-global-color-text );}.elementor-678 .elementor-element.elementor-element-10a37a17 .elementor-button:hover svg, .elementor-678 .elementor-element.elementor-element-10a37a17 .elementor-button:focus svg{fill:var( --e-global-color-accent );}:root{--page-title-display:none;}@media(min-width:768px){.elementor-678 .elementor-element.elementor-element-631f18c{--width:50%;}.elementor-678 .elementor-element.elementor-element-4a6b1350{--width:50%;}.elementor-678 .elementor-element.elementor-element-69d71963{--width:50%;}.elementor-678 .elementor-element.elementor-element-12a7c74f{--width:50%;}}@media(max-width:1024px){.elementor-widget-heading .elementor-heading-title{font-size:var( --e-global-typography-primary-font-size );line-height:var( --e-global-typography-primary-line-height );letter-spacing:var( --e-global-typography-primary-letter-spacing );}.elementor-678 .elementor-element.elementor-element-60a1e85d .elementor-heading-title{font-size:var( --e-global-typography-primary-font-size );line-height:var( --e-global-typography-primary-line-height );letter-spacing:var( --e-global-typography-primary-letter-spacing );}.elementor-widget-text-editor{font-size:var( --e-global-typography-text-font-size );line-height:var( --e-global-typography-text-line-height );letter-spacing:var( --e-global-typography-text-letter-spacing );word-spacing:var( --e-global-typography-text-word-spacing );}.elementor-678 .elementor-element.elementor-element-30d7512c{font-size:16px;}.elementor-widget-button .elementor-button{font-size:var( --e-global-typography-accent-font-size );}.elementor-678 .elementor-element.elementor-element-5130354 .elementor-button{font-size:0.7em;line-height:1.2em;}.elementor-678 .elementor-element.elementor-element-363b8e05 .elementor-button{font-size:0.7em;line-height:1.2em;}.elementor-678 .elementor-element.elementor-element-3f7d6de5 .elementor-button{font-size:0.7em;line-height:1.2em;}.elementor-678 .elementor-element.elementor-element-10a37a17 .elementor-button{font-size:0.7em;line-height:1.2em;}}@media(max-width:767px){.elementor-widget-heading .elementor-heading-title{font-size:var( --e-global-typography-primary-font-size );line-height:var( --e-global-typography-primary-line-height );letter-spacing:var( --e-global-typography-primary-letter-spacing );}.elementor-678 .elementor-element.elementor-element-60a1e85d .elementor-heading-title{font-size:var( --e-global-typography-primary-font-size );line-height:var( --e-global-typography-primary-line-height );letter-spacing:var( --e-global-typography-primary-letter-spacing );}.elementor-widget-text-editor{font-size:var( --e-global-typography-text-font-size );line-height:var( --e-global-typography-text-line-height );letter-spacing:var( --e-global-typography-text-letter-spacing );word-spacing:var( --e-global-typography-text-word-spacing );}.elementor-widget-button .elementor-button{font-size:var( --e-global-typography-accent-font-size );}.elementor-678 .elementor-element.elementor-element-5130354 .elementor-button{font-size:2em;line-height:1.2em;}.elementor-678 .elementor-element.elementor-element-363b8e05 .elementor-button{font-size:2em;line-height:1.2em;}.elementor-678 .elementor-element.elementor-element-3f7d6de5 .elementor-button{font-size:2em;line-height:1.2em;}.elementor-678 .elementor-element.elementor-element-10a37a17 .elementor-button{font-size:2em;line-height:1.2em;}}<\/style>\t\t<div data-elementor-type=\"wp-page\" data-elementor-id=\"678\" class=\"elementor elementor-678\" data-elementor-post-type=\"page\">\n\t\t\t\t<div data-marvy_enable_drop_animation=\"false\" data-marvy_enable_fancy_rotate=\"false\" data-marvy_enable_flying_object=\"false\" data-marvy_enable_ripples_animation=\"false\" data-marvy_enable_waves_animation=\"false\" data-marvy_enable_rings_animation=\"false\" data-marvy_enable_topology_animation=\"false\" data-marvy_enable_gradient_animation=\"false\" data-marvy_enable_snow_animation=\"false\" data-marvy_enable_firework_animation=\"false\" data-marvy_enable_cloud_animation=\"false\" class=\"elementor-element elementor-element-288fe80b e-flex e-con-boxed e-con e-parent\" data-id=\"288fe80b\" data-element_type=\"container\" data-e-type=\"container\" data-settings=\"{&quot;background_background&quot;:&quot;video&quot;,&quot;background_video_link&quot;:&quot;https:\\\/\\\/youtu.be\\\/-L3RhopMxDU&quot;}\">\n\t\t\t\t\t<div class=\"e-con-inner\">\n\t\t<div class=\"elementor-background-video-container elementor-hidden-mobile\">\n\t\t\t\t\t\t\t<div class=\"elementor-background-video-embed\" role=\"presentation\"><\/div>\n\t\t\t\t\t\t<\/div>\t\t<div class=\"elementor-element elementor-element-60a1e85d elementor-widget__width-inherit elementor-widget elementor-widget-heading\" data-id=\"60a1e85d\" data-element_type=\"widget\" data-e-type=\"widget\" data-widget_type=\"heading.default\">\n\t\t\t\t\t<h2 class=\"elementor-heading-title elementor-size-default\">SOLUCIONES<\/h2>\t\t\t\t<\/div>\n\t\t\t\t\t<\/div>\n\t\t\t\t<\/div>\n\t\t<div data-marvy_enable_drop_animation=\"false\" data-marvy_enable_fancy_rotate=\"false\" data-marvy_enable_flying_object=\"false\" data-marvy_enable_ripples_animation=\"false\" data-marvy_enable_waves_animation=\"false\" data-marvy_enable_rings_animation=\"false\" data-marvy_enable_topology_animation=\"false\" data-marvy_enable_gradient_animation=\"false\" data-marvy_enable_snow_animation=\"false\" data-marvy_enable_firework_animation=\"false\" data-marvy_enable_cloud_animation=\"false\" class=\"elementor-element elementor-element-e1d156f e-flex e-con-boxed e-con e-parent\" data-id=\"e1d156f\" data-element_type=\"container\" data-e-type=\"container\">\n\t\t\t\t\t<div class=\"e-con-inner\">\n\t\t\t\t<div class=\"elementor-element elementor-element-30d7512c elementor-widget elementor-widget-text-editor\" data-id=\"30d7512c\" data-element_type=\"widget\" data-e-type=\"widget\" data-widget_type=\"text-editor.default\">\n\t\t\t\t\t\t\t\t\t<p>En el mundo financiero y bancario, integrar sistemas diversos y asegurar un flujo de transacciones seguro es un reto constante. Las <strong>Soluciones InterAct<\/strong> de Syndein est\u00e1n dise\u00f1adas precisamente para enfrentar esta complejidad, aprovechando nuestra avanzada Tecnolog\u00eda InterAct para establecer conexiones de comunicaci\u00f3n s\u00f3lidas, escalables y seguras entre sus diferentes plataformas.<\/p><p>No solo proporcionamos software; ofrecemos una soluci\u00f3n a medida para sus necesidades espec\u00edficas de procesamiento transaccional e integraci\u00f3n.<\/p><h3 style=\"text-align: center;\"><strong>El Enfoque: Soluciones Basadas en Arquitectura de Mensajes.<\/strong><\/h3><p>Nuestras soluciones giran en torno al concepto de <strong>InterAct Router<\/strong>, un componente central que utiliza una arquitectura de intercambio de mensajes. Esto permite a su instituci\u00f3n:<\/p><p><strong>Integraci\u00f3n sin Fricciones:<\/strong> Conectar sistemas antiguos (legacy) con aplicaciones modernas, portales web y plataformas de banca electr\u00f3nica.<\/p><p><strong>Ruteo Inteligente y Seguro:<\/strong> Recibir, identificar, registrar y enviar transacciones con un conjunto de reglas configurables que aseguran que el mensaje llegue a su destino de manera \u00f3ptima y controlada.<\/p><p><strong>Transaccionalidad en Tiempo Real:<\/strong> Gestionar altos vol\u00famenes de transacciones con la capacidad de crecimiento que su negocio demande, gracias a una arquitectura dise\u00f1ada para una alta escalabilidad.<\/p>\t\t\t\t\t\t\t\t<\/div>\n\t\t\t\t\t<\/div>\n\t\t\t\t<\/div>\n\t\t<div data-marvy_enable_drop_animation=\"false\" data-marvy_enable_fancy_rotate=\"false\" data-marvy_enable_flying_object=\"false\" data-marvy_enable_ripples_animation=\"false\" data-marvy_enable_waves_animation=\"false\" data-marvy_enable_rings_animation=\"false\" data-marvy_enable_topology_animation=\"false\" data-marvy_enable_gradient_animation=\"false\" data-marvy_enable_snow_animation=\"false\" data-marvy_enable_firework_animation=\"false\" data-marvy_enable_cloud_animation=\"false\" class=\"elementor-element elementor-element-59fe5bc0 e-flex e-con-boxed e-con e-parent\" data-id=\"59fe5bc0\" data-element_type=\"container\" data-e-type=\"container\" data-settings=\"{&quot;background_background&quot;:&quot;video&quot;,&quot;background_video_link&quot;:&quot;https:\\\/\\\/youtu.be\\\/-L3RhopMxDU&quot;}\">\n\t\t\t\t\t<div class=\"e-con-inner\">\n\t\t<div class=\"elementor-background-video-container elementor-hidden-mobile\">\n\t\t\t\t\t\t\t<div class=\"elementor-background-video-embed\" role=\"presentation\"><\/div>\n\t\t\t\t\t\t<\/div><div data-marvy_enable_drop_animation=\"false\" data-marvy_enable_fancy_rotate=\"false\" data-marvy_enable_flying_object=\"false\" data-marvy_enable_ripples_animation=\"false\" data-marvy_enable_waves_animation=\"false\" data-marvy_enable_rings_animation=\"false\" data-marvy_enable_topology_animation=\"false\" data-marvy_enable_gradient_animation=\"false\" data-marvy_enable_snow_animation=\"false\" data-marvy_enable_firework_animation=\"false\" data-marvy_enable_cloud_animation=\"false\" class=\"elementor-element elementor-element-631f18c e-con-full e-flex e-con e-child\" data-id=\"631f18c\" data-element_type=\"container\" data-e-type=\"container\">\n\t\t\t\t<div class=\"elementor-element elementor-element-5130354 elementor-align-justify elementor-widget elementor-widget-button\" data-id=\"5130354\" data-element_type=\"widget\" data-e-type=\"widget\" data-widget_type=\"button.default\">\n\t\t\t\t\t\t\t\t\t\t<a class=\"elementor-button elementor-button-link elementor-size-sm\" href=\"https:\/\/www.syndein.com.mx\/syn\/index.php\/interact-switch\/\">\n\t\t\t\t\t\t<span class=\"elementor-button-content-wrapper\">\n\t\t\t\t\t\t\t\t\t<span class=\"elementor-button-text\">Soluciones InterAct Switch<\/span>\n\t\t\t\t\t<\/span>\n\t\t\t\t\t<\/a>\n\t\t\t\t\t\t\t\t<\/div>\n\t\t\t\t<\/div>\n\t\t<div data-marvy_enable_drop_animation=\"false\" data-marvy_enable_fancy_rotate=\"false\" data-marvy_enable_flying_object=\"false\" data-marvy_enable_ripples_animation=\"false\" data-marvy_enable_waves_animation=\"false\" data-marvy_enable_rings_animation=\"false\" data-marvy_enable_topology_animation=\"false\" data-marvy_enable_gradient_animation=\"false\" data-marvy_enable_snow_animation=\"false\" data-marvy_enable_firework_animation=\"false\" data-marvy_enable_cloud_animation=\"false\" class=\"elementor-element elementor-element-4a6b1350 e-con-full e-flex e-con e-child\" data-id=\"4a6b1350\" data-element_type=\"container\" data-e-type=\"container\">\n\t\t\t\t<div class=\"elementor-element elementor-element-363b8e05 elementor-align-justify elementor-widget elementor-widget-button\" data-id=\"363b8e05\" data-element_type=\"widget\" data-e-type=\"widget\" data-widget_type=\"button.default\">\n\t\t\t\t\t\t\t\t\t\t<a class=\"elementor-button elementor-button-link elementor-size-sm\" href=\"https:\/\/www.syndein.com.mx\/syn\/index.php\/integracion-de-canales-adquirientes\/\">\n\t\t\t\t\t\t<span class=\"elementor-button-content-wrapper\">\n\t\t\t\t\t\t\t\t\t<span class=\"elementor-button-text\">Integraci\u00f3n de Canales Adquirientes<\/span>\n\t\t\t\t\t<\/span>\n\t\t\t\t\t<\/a>\n\t\t\t\t\t\t\t\t<\/div>\n\t\t\t\t<\/div>\n\t\t<div data-marvy_enable_drop_animation=\"false\" data-marvy_enable_fancy_rotate=\"false\" data-marvy_enable_flying_object=\"false\" data-marvy_enable_ripples_animation=\"false\" data-marvy_enable_waves_animation=\"false\" data-marvy_enable_rings_animation=\"false\" data-marvy_enable_topology_animation=\"false\" data-marvy_enable_gradient_animation=\"false\" data-marvy_enable_snow_animation=\"false\" data-marvy_enable_firework_animation=\"false\" data-marvy_enable_cloud_animation=\"false\" class=\"elementor-element elementor-element-69d71963 e-con-full e-flex e-con e-child\" data-id=\"69d71963\" data-element_type=\"container\" data-e-type=\"container\">\n\t\t\t\t<div class=\"elementor-element elementor-element-3f7d6de5 elementor-align-justify elementor-widget elementor-widget-button\" data-id=\"3f7d6de5\" data-element_type=\"widget\" data-e-type=\"widget\" data-widget_type=\"button.default\">\n\t\t\t\t\t\t\t\t\t\t<a class=\"elementor-button elementor-button-link elementor-size-sm\" href=\"https:\/\/www.syndein.com.mx\/syn\/index.php\/necesitas-soporte-tecnico\/\">\n\t\t\t\t\t\t<span class=\"elementor-button-content-wrapper\">\n\t\t\t\t\t\t\t\t\t<span class=\"elementor-button-text\">\u00bfNecesitas Soporte T\u00e9cnico?<\/span>\n\t\t\t\t\t<\/span>\n\t\t\t\t\t<\/a>\n\t\t\t\t\t\t\t\t<\/div>\n\t\t\t\t<\/div>\n\t\t<div data-marvy_enable_drop_animation=\"false\" data-marvy_enable_fancy_rotate=\"false\" data-marvy_enable_flying_object=\"false\" data-marvy_enable_ripples_animation=\"false\" data-marvy_enable_waves_animation=\"false\" data-marvy_enable_rings_animation=\"false\" data-marvy_enable_topology_animation=\"false\" data-marvy_enable_gradient_animation=\"false\" data-marvy_enable_snow_animation=\"false\" data-marvy_enable_firework_animation=\"false\" data-marvy_enable_cloud_animation=\"false\" class=\"elementor-element elementor-element-12a7c74f e-con-full e-flex e-con e-child\" data-id=\"12a7c74f\" data-element_type=\"container\" data-e-type=\"container\">\n\t\t\t\t<div class=\"elementor-element elementor-element-10a37a17 elementor-align-justify elementor-widget elementor-widget-button\" data-id=\"10a37a17\" data-element_type=\"widget\" data-e-type=\"widget\" data-widget_type=\"button.default\">\n\t\t\t\t\t\t\t\t\t\t<a class=\"elementor-button elementor-button-link elementor-size-sm\" href=\"https:\/\/www.syndein.com.mx\/syn\/index.php\/solicita-una-demo\/\">\n\t\t\t\t\t\t<span class=\"elementor-button-content-wrapper\">\n\t\t\t\t\t\t\t\t\t<span class=\"elementor-button-text\">Solicita una Demo<\/span>\n\t\t\t\t\t<\/span>\n\t\t\t\t\t<\/a>\n\t\t\t\t\t\t\t\t<\/div>\n\t\t\t\t<\/div>\n\t\t\t\t\t<\/div>\n\t\t\t\t<\/div>\n\t\t\t\t<\/div>\n\t\t","protected":false},"excerpt":{"rendered":"<p>SOLUCIONES En el mundo financiero y bancario, integrar sistemas diversos y asegurar un flujo de transacciones seguro es un reto constante. Las Soluciones InterAct de Syndein est\u00e1n dise\u00f1adas precisamente para enfrentar esta complejidad, aprovechando nuestra avanzada Tecnolog\u00eda InterAct para establecer conexiones de comunicaci\u00f3n s\u00f3lidas, escalables y seguras entre sus diferentes plataformas. No solo proporcionamos software; [&hellip;]<\/p>\n","protected":false},"author":1,"featured_media":0,"parent":0,"menu_order":0,"comment_status":"closed","ping_status":"closed","template":"","meta":{"footnotes":""},"class_list":["post-678","page","type-page","status-publish","hentry"],"_links":{"self":[{"href":"https:\/\/www.syndein.com.mx\/syn\/index.php\/wp-json\/wp\/v2\/pages\/678","targetHints":{"allow":["GET"]}}],"collection":[{"href":"https:\/\/www.syndein.com.mx\/syn\/index.php\/wp-json\/wp\/v2\/pages"}],"about":[{"href":"https:\/\/www.syndein.com.mx\/syn\/index.php\/wp-json\/wp\/v2\/types\/page"}],"author":[{"embeddable":true,"href":"https:\/\/www.syndein.com.mx\/syn\/index.php\/wp-json\/wp\/v2\/users\/1"}],"replies":[{"embeddable":true,"href":"https:\/\/www.syndein.com.mx\/syn\/index.php\/wp-json\/wp\/v2\/comments?post=678"}],"version-history":[{"count":7,"href":"https:\/\/www.syndein.com.mx\/syn\/index.php\/wp-json\/wp\/v2\/pages\/678\/revisions"}],"predecessor-version":[{"id":907,"href":"https:\/\/www.syndein.com.mx\/syn\/index.php\/wp-json\/wp\/v2\/pages\/678\/revisions\/907"}],"wp:attachment":[{"href":"https:\/\/www.syndein.com.mx\/syn\/index.php\/wp-json\/wp\/v2\/media?parent=678"}],"curies":[{"name":"wp","href":"https:\/\/api.w.org\/{rel}","templated":true}]}}