{"id":666,"date":"2026-01-13T11:45:44","date_gmt":"2026-01-13T10:45:44","guid":{"rendered":"https:\/\/www.syndein.com.mx\/syn\/index.php\/consultoria\/"},"modified":"2026-01-14T03:33:58","modified_gmt":"2026-01-14T02:33:58","slug":"consultoria","status":"publish","type":"page","link":"https:\/\/www.syndein.com.mx\/syn\/index.php\/consultoria\/","title":{"rendered":"Consultor\u00eda"},"content":{"rendered":"<style>.elementor-666 .elementor-element.elementor-element-7ab3ce43{--display:flex;--flex-direction:row;--container-widget-width:initial;--container-widget-height:100%;--container-widget-flex-grow:1;--container-widget-align-self:stretch;--flex-wrap-mobile:wrap;}.elementor-widget-heading .elementor-heading-title{font-family:var( --e-global-typography-primary-font-family ), Square;font-size:var( --e-global-typography-primary-font-size );font-weight:var( --e-global-typography-primary-font-weight );font-style:var( --e-global-typography-primary-font-style );line-height:var( --e-global-typography-primary-line-height );letter-spacing:var( --e-global-typography-primary-letter-spacing );color:var( --e-global-color-primary );}.elementor-666 .elementor-element.elementor-element-73ea1ea1{text-align:center;width:100%;max-width:100%;}.elementor-666 .elementor-element.elementor-element-73ea1ea1 .elementor-heading-title{font-family:var( --e-global-typography-primary-font-family ), Square;font-size:var( --e-global-typography-primary-font-size );font-weight:var( --e-global-typography-primary-font-weight );font-style:var( --e-global-typography-primary-font-style );line-height:var( --e-global-typography-primary-line-height );letter-spacing:var( --e-global-typography-primary-letter-spacing );}.elementor-666 .elementor-element.elementor-element-5e8b7f1d{--display:flex;--flex-direction:row;--container-widget-width:initial;--container-widget-height:100%;--container-widget-flex-grow:1;--container-widget-align-self:stretch;--flex-wrap-mobile:wrap;}.elementor-widget-text-editor{font-family:var( --e-global-typography-text-font-family ), Square;font-size:var( --e-global-typography-text-font-size );font-weight:var( --e-global-typography-text-font-weight );line-height:var( --e-global-typography-text-line-height );letter-spacing:var( --e-global-typography-text-letter-spacing );word-spacing:var( --e-global-typography-text-word-spacing );color:var( --e-global-color-text );}.elementor-widget-text-editor.elementor-drop-cap-view-stacked .elementor-drop-cap{background-color:var( --e-global-color-primary );}.elementor-widget-text-editor.elementor-drop-cap-view-framed .elementor-drop-cap, .elementor-widget-text-editor.elementor-drop-cap-view-default .elementor-drop-cap{color:var( --e-global-color-primary );border-color:var( --e-global-color-primary );}.elementor-666 .elementor-element.elementor-element-72f559da{text-align:justify;font-family:\"eurostile\", Square;font-size:20px;font-weight:500;line-height:30px;letter-spacing:1.5px;word-spacing:5px;color:var( --e-global-color-primary );width:100%;max-width:100%;}.elementor-666 .elementor-element.elementor-element-72f559da p{margin-block-end:7px;}:root{--page-title-display:none;}@media(max-width:1024px){.elementor-widget-heading .elementor-heading-title{font-size:var( --e-global-typography-primary-font-size );line-height:var( --e-global-typography-primary-line-height );letter-spacing:var( --e-global-typography-primary-letter-spacing );}.elementor-666 .elementor-element.elementor-element-73ea1ea1 .elementor-heading-title{font-size:var( --e-global-typography-primary-font-size );line-height:var( --e-global-typography-primary-line-height );letter-spacing:var( --e-global-typography-primary-letter-spacing );}.elementor-widget-text-editor{font-size:var( --e-global-typography-text-font-size );line-height:var( --e-global-typography-text-line-height );letter-spacing:var( --e-global-typography-text-letter-spacing );word-spacing:var( --e-global-typography-text-word-spacing );}.elementor-666 .elementor-element.elementor-element-72f559da{font-size:16px;}}@media(max-width:767px){.elementor-widget-heading .elementor-heading-title{font-size:var( --e-global-typography-primary-font-size );line-height:var( --e-global-typography-primary-line-height );letter-spacing:var( --e-global-typography-primary-letter-spacing );}.elementor-666 .elementor-element.elementor-element-73ea1ea1 .elementor-heading-title{font-size:var( --e-global-typography-primary-font-size );line-height:var( --e-global-typography-primary-line-height );letter-spacing:var( --e-global-typography-primary-letter-spacing );}.elementor-widget-text-editor{font-size:var( --e-global-typography-text-font-size );line-height:var( --e-global-typography-text-line-height );letter-spacing:var( --e-global-typography-text-letter-spacing );word-spacing:var( --e-global-typography-text-word-spacing );}}<\/style>\t\t<div data-elementor-type=\"wp-page\" data-elementor-id=\"666\" class=\"elementor elementor-666\" data-elementor-post-type=\"page\">\n\t\t\t\t<div data-marvy_enable_drop_animation=\"false\" data-marvy_enable_fancy_rotate=\"false\" data-marvy_enable_flying_object=\"false\" data-marvy_enable_ripples_animation=\"false\" data-marvy_enable_waves_animation=\"false\" data-marvy_enable_rings_animation=\"false\" data-marvy_enable_topology_animation=\"false\" data-marvy_enable_gradient_animation=\"false\" data-marvy_enable_snow_animation=\"false\" data-marvy_enable_firework_animation=\"false\" data-marvy_enable_cloud_animation=\"false\" class=\"elementor-element elementor-element-7ab3ce43 e-flex e-con-boxed e-con e-parent\" data-id=\"7ab3ce43\" data-element_type=\"container\" data-e-type=\"container\">\n\t\t\t\t\t<div class=\"e-con-inner\">\n\t\t\t\t<div class=\"elementor-element elementor-element-73ea1ea1 elementor-widget__width-inherit elementor-widget elementor-widget-heading\" data-id=\"73ea1ea1\" data-element_type=\"widget\" data-e-type=\"widget\" data-widget_type=\"heading.default\">\n\t\t\t\t\t<h2 class=\"elementor-heading-title elementor-size-default\">Consultor\u00eda<\/h2>\t\t\t\t<\/div>\n\t\t\t\t\t<\/div>\n\t\t\t\t<\/div>\n\t\t<div data-marvy_enable_drop_animation=\"false\" data-marvy_enable_fancy_rotate=\"false\" data-marvy_enable_flying_object=\"false\" data-marvy_enable_ripples_animation=\"false\" data-marvy_enable_waves_animation=\"false\" data-marvy_enable_rings_animation=\"false\" data-marvy_enable_topology_animation=\"false\" data-marvy_enable_gradient_animation=\"false\" data-marvy_enable_snow_animation=\"false\" data-marvy_enable_firework_animation=\"false\" data-marvy_enable_cloud_animation=\"false\" class=\"elementor-element elementor-element-5e8b7f1d e-flex e-con-boxed e-con e-parent\" data-id=\"5e8b7f1d\" data-element_type=\"container\" data-e-type=\"container\">\n\t\t\t\t\t<div class=\"e-con-inner\">\n\t\t\t\t<div class=\"elementor-element elementor-element-72f559da elementor-widget__width-inherit elementor-widget elementor-widget-text-editor\" data-id=\"72f559da\" data-element_type=\"widget\" data-e-type=\"widget\" data-widget_type=\"text-editor.default\">\n\t\t\t\t\t\t\t\t\t<div id=\"pf5\" class=\"dp-page-outer\"><div class=\"dp-page-inner\"><div id=\"pg-5pf5\" class=\"pf pg-5w0 pg-5h0\" data-page-no=\"5\"><div class=\"pc pg-5pc5 pg-5w0 pg-5h0\"><div class=\"c pg-5x0 pg-5y1 pg-5w2 pg-5h2\"><h4 class=\"t pg-5m0 pg-5x1 pg-5h4 pg-5y6 pg-5ff2 pg-5fs0 pg-5fc0 pg-5sc0 pg-5ls0 pg-5ws0\"><strong>Consultor\u00eda Tecnol\u00f3gica y Estrat\u00e9gica.<\/strong><\/h4><div class=\"t pg-5m0 pg-5x1 pg-5h4 pg-5y7 pg-5ff2 pg-5fs0 pg-5fc0 pg-5sc0 pg-5ls0 pg-5ws0\"><strong>Syndein<\/strong><span class=\"pg-5ff3\"> ofrece asesor\u00eda especializada para instituciones financieras o <\/span>empresas que requieran un alto grado de confiabilidad, que buscan transformar o modernizar sus sistemas tecnol\u00f3gicos. Esto incluye:<\/div><ul><li class=\"t pg-5m0 pg-5x2 pg-5h5 pg-5ya pg-5ff4 pg-5fs1 pg-5fc0 pg-5sc0 pg-5ls0 pg-5ws0\"><span class=\"pg-5ff3 pg-5fs0\">An\u00e1lisis de requerimientos funcionales y regulatorios.<\/span><\/li><li class=\"t pg-5m0 pg-5x2 pg-5h5 pg-5yb pg-5ff4 pg-5fs1 pg-5fc0 pg-5sc0 pg-5ls0 pg-5ws0\"><span class=\"pg-5ff3 pg-5fs0\">Dise\u00f1o de arquitecturas tecnol\u00f3gicas escalables, seguras y de alta <\/span>disponibilidad.<\/li><li class=\"t pg-5m0 pg-5x2 pg-5h5 pg-5yd pg-5ff4 pg-5fs1 pg-5fc0 pg-5sc0 pg-5ls0 pg-5ws0\"><span class=\"pg-5ff3 pg-5fs0\">Consultor\u00eda en cumplimiento normativo (PCI DSS, etc.).<\/span><\/li><li class=\"t pg-5m0 pg-5x2 pg-5h5 pg-5ye pg-5ff4 pg-5fs1 pg-5fc0 pg-5sc0 pg-5ls0 pg-5ws0\"><span class=\"pg-5ff3 pg-5fs0\">Planificaci\u00f3n de transformaci\u00f3n digital y automatizaci\u00f3n de <\/span>procesos financieros.<\/li><\/ul><h4 class=\"t pg-5m0 pg-5x1 pg-5h4 pg-5y10 pg-5ff2 pg-5fs0 pg-5fc0 pg-5sc0 pg-5ls0 pg-5ws0\">Integraci\u00f3n y Migraci\u00f3n de Sistemas.<\/h4><div class=\"t pg-5m0 pg-5x1 pg-5h5 pg-5y11 pg-5ff3 pg-5fs0 pg-5fc0 pg-5sc0 pg-5ls0 pg-5ws0\">Servicios enfocados en garantizar la interoperabilidad entre sistemas nuevos y legados:<\/div><ul><li class=\"t pg-5m0 pg-5x2 pg-5h5 pg-5y13 pg-5ff4 pg-5fs1 pg-5fc0 pg-5sc0 pg-5ls0 pg-5ws0\"><span class=\"pg-5ff3 pg-5fs0\">Migraci\u00f3n de datos y plataformas a la nube (AWS, Azure, Google <\/span>Cloud).<\/li><li class=\"t pg-5m0 pg-5x2 pg-5h5 pg-5y15 pg-5ff4 pg-5fs1 pg-5fc0 pg-5sc0 pg-5ls0 pg-5ws0\"><span class=\"pg-5ff3 pg-5fs0\">Integraci\u00f3n con pasarelas de pago, sistemas contables y ERPs.<\/span><\/li><\/ul><\/div><\/div><\/div><\/div><\/div><ul class=\"hd_n M_0 p_R\" role=\"grid\" data-test-id=\"infinite-scroll-rows\" aria-readonly=\"true\"><li class=\"p_a T_0 L_0 R_0\" role=\"rowgroup\" data-test-id=\"infinite-scroll-ROW\"><div id=\"pf6\" class=\"dp-page-outer\"><div class=\"dp-page-inner\"><div id=\"pg-6pf6\" class=\"pf pg-6w0 pg-6h0\" data-page-no=\"6\"><div class=\"pc pg-6pc6 pg-6w0 pg-6h0\"><div class=\"c pg-6x0 pg-6y1 pg-6w2 pg-6h2\"><div class=\"t pg-6m0 pg-6x1 pg-6h3 pg-6y2 pg-6ff1 pg-6fs0 pg-6fc0 pg-6sc0 pg-6ls0 pg-6ws0\"><span class=\"pg-6ff2 pg-6fs1\">Modernizaci\u00f3n de sistemas centrales existentes mediante <\/span>contenedores o microservicios.<\/div><\/div><\/div><\/div><\/div><\/div><\/li><\/ul>\t\t\t\t\t\t\t\t<\/div>\n\t\t\t\t\t<\/div>\n\t\t\t\t<\/div>\n\t\t\t\t<\/div>\n\t\t","protected":false},"excerpt":{"rendered":"<p>Consultor\u00eda Consultor\u00eda Tecnol\u00f3gica y Estrat\u00e9gica. Syndein ofrece asesor\u00eda especializada para instituciones financieras o empresas que requieran un alto grado de confiabilidad, que buscan transformar o modernizar sus sistemas tecnol\u00f3gicos. Esto incluye: An\u00e1lisis de requerimientos funcionales y regulatorios. Dise\u00f1o de arquitecturas tecnol\u00f3gicas escalables, seguras y de alta disponibilidad. Consultor\u00eda en cumplimiento normativo (PCI DSS, etc.). Planificaci\u00f3n [&hellip;]<\/p>\n","protected":false},"author":1,"featured_media":0,"parent":0,"menu_order":0,"comment_status":"closed","ping_status":"closed","template":"","meta":{"footnotes":""},"class_list":["post-666","page","type-page","status-publish","hentry"],"_links":{"self":[{"href":"https:\/\/www.syndein.com.mx\/syn\/index.php\/wp-json\/wp\/v2\/pages\/666","targetHints":{"allow":["GET"]}}],"collection":[{"href":"https:\/\/www.syndein.com.mx\/syn\/index.php\/wp-json\/wp\/v2\/pages"}],"about":[{"href":"https:\/\/www.syndein.com.mx\/syn\/index.php\/wp-json\/wp\/v2\/types\/page"}],"author":[{"embeddable":true,"href":"https:\/\/www.syndein.com.mx\/syn\/index.php\/wp-json\/wp\/v2\/users\/1"}],"replies":[{"embeddable":true,"href":"https:\/\/www.syndein.com.mx\/syn\/index.php\/wp-json\/wp\/v2\/comments?post=666"}],"version-history":[{"count":7,"href":"https:\/\/www.syndein.com.mx\/syn\/index.php\/wp-json\/wp\/v2\/pages\/666\/revisions"}],"predecessor-version":[{"id":929,"href":"https:\/\/www.syndein.com.mx\/syn\/index.php\/wp-json\/wp\/v2\/pages\/666\/revisions\/929"}],"wp:attachment":[{"href":"https:\/\/www.syndein.com.mx\/syn\/index.php\/wp-json\/wp\/v2\/media?parent=666"}],"curies":[{"name":"wp","href":"https:\/\/api.w.org\/{rel}","templated":true}]}}