{"id":663,"date":"2026-01-13T11:45:44","date_gmt":"2026-01-13T10:45:44","guid":{"rendered":"https:\/\/www.syndein.com.mx\/syn\/index.php\/desarrollo\/"},"modified":"2026-01-14T03:35:20","modified_gmt":"2026-01-14T02:35:20","slug":"desarrollo","status":"publish","type":"page","link":"https:\/\/www.syndein.com.mx\/syn\/index.php\/desarrollo\/","title":{"rendered":"Desarrollo"},"content":{"rendered":"<style>.elementor-663 .elementor-element.elementor-element-5f25ff4b{--display:flex;--flex-direction:row;--container-widget-width:initial;--container-widget-height:100%;--container-widget-flex-grow:1;--container-widget-align-self:stretch;--flex-wrap-mobile:wrap;}.elementor-widget-heading .elementor-heading-title{font-family:var( --e-global-typography-primary-font-family ), Square;font-size:var( --e-global-typography-primary-font-size );font-weight:var( --e-global-typography-primary-font-weight );font-style:var( --e-global-typography-primary-font-style );line-height:var( --e-global-typography-primary-line-height );letter-spacing:var( --e-global-typography-primary-letter-spacing );color:var( --e-global-color-primary );}.elementor-663 .elementor-element.elementor-element-3b5bf01f{text-align:center;width:100%;max-width:100%;}.elementor-663 .elementor-element.elementor-element-3b5bf01f .elementor-heading-title{font-family:var( --e-global-typography-primary-font-family ), Square;font-size:var( --e-global-typography-primary-font-size );font-weight:var( --e-global-typography-primary-font-weight );font-style:var( --e-global-typography-primary-font-style );line-height:var( --e-global-typography-primary-line-height );letter-spacing:var( --e-global-typography-primary-letter-spacing );}.elementor-663 .elementor-element.elementor-element-628a9fd4{--display:flex;--flex-direction:row;--container-widget-width:initial;--container-widget-height:100%;--container-widget-flex-grow:1;--container-widget-align-self:stretch;--flex-wrap-mobile:wrap;}.elementor-widget-text-editor{font-family:var( --e-global-typography-text-font-family ), Square;font-size:var( --e-global-typography-text-font-size );font-weight:var( --e-global-typography-text-font-weight );line-height:var( --e-global-typography-text-line-height );letter-spacing:var( --e-global-typography-text-letter-spacing );word-spacing:var( --e-global-typography-text-word-spacing );color:var( --e-global-color-text );}.elementor-widget-text-editor.elementor-drop-cap-view-stacked .elementor-drop-cap{background-color:var( --e-global-color-primary );}.elementor-widget-text-editor.elementor-drop-cap-view-framed .elementor-drop-cap, .elementor-widget-text-editor.elementor-drop-cap-view-default .elementor-drop-cap{color:var( --e-global-color-primary );border-color:var( --e-global-color-primary );}.elementor-663 .elementor-element.elementor-element-2557493c{text-align:justify;font-family:\"eurostile\", Square;font-size:20px;font-weight:500;line-height:30px;letter-spacing:1.5px;word-spacing:5px;color:var( --e-global-color-primary );width:100%;max-width:100%;}:root{--page-title-display:none;}@media(max-width:1024px){.elementor-widget-heading .elementor-heading-title{font-size:var( --e-global-typography-primary-font-size );line-height:var( --e-global-typography-primary-line-height );letter-spacing:var( --e-global-typography-primary-letter-spacing );}.elementor-663 .elementor-element.elementor-element-3b5bf01f .elementor-heading-title{font-size:var( --e-global-typography-primary-font-size );line-height:var( --e-global-typography-primary-line-height );letter-spacing:var( --e-global-typography-primary-letter-spacing );}.elementor-widget-text-editor{font-size:var( --e-global-typography-text-font-size );line-height:var( --e-global-typography-text-line-height );letter-spacing:var( --e-global-typography-text-letter-spacing );word-spacing:var( --e-global-typography-text-word-spacing );}.elementor-663 .elementor-element.elementor-element-2557493c{font-size:16px;}}@media(max-width:767px){.elementor-widget-heading .elementor-heading-title{font-size:var( --e-global-typography-primary-font-size );line-height:var( --e-global-typography-primary-line-height );letter-spacing:var( --e-global-typography-primary-letter-spacing );}.elementor-663 .elementor-element.elementor-element-3b5bf01f .elementor-heading-title{font-size:var( --e-global-typography-primary-font-size );line-height:var( --e-global-typography-primary-line-height );letter-spacing:var( --e-global-typography-primary-letter-spacing );}.elementor-widget-text-editor{font-size:var( --e-global-typography-text-font-size );line-height:var( --e-global-typography-text-line-height );letter-spacing:var( --e-global-typography-text-letter-spacing );word-spacing:var( --e-global-typography-text-word-spacing );}}<\/style>\t\t<div data-elementor-type=\"wp-page\" data-elementor-id=\"663\" class=\"elementor elementor-663\" data-elementor-post-type=\"page\">\n\t\t\t\t<div data-marvy_enable_drop_animation=\"false\" data-marvy_enable_fancy_rotate=\"false\" data-marvy_enable_flying_object=\"false\" data-marvy_enable_ripples_animation=\"false\" data-marvy_enable_waves_animation=\"false\" data-marvy_enable_rings_animation=\"false\" data-marvy_enable_topology_animation=\"false\" data-marvy_enable_gradient_animation=\"false\" data-marvy_enable_snow_animation=\"false\" data-marvy_enable_firework_animation=\"false\" data-marvy_enable_cloud_animation=\"false\" class=\"elementor-element elementor-element-5f25ff4b e-flex e-con-boxed e-con e-parent\" data-id=\"5f25ff4b\" data-element_type=\"container\" data-e-type=\"container\">\n\t\t\t\t\t<div class=\"e-con-inner\">\n\t\t\t\t<div class=\"elementor-element elementor-element-3b5bf01f elementor-widget__width-inherit elementor-widget elementor-widget-heading\" data-id=\"3b5bf01f\" data-element_type=\"widget\" data-e-type=\"widget\" data-widget_type=\"heading.default\">\n\t\t\t\t\t<h2 class=\"elementor-heading-title elementor-size-default\">Desarrollo<\/h2>\t\t\t\t<\/div>\n\t\t\t\t\t<\/div>\n\t\t\t\t<\/div>\n\t\t<div data-marvy_enable_drop_animation=\"false\" data-marvy_enable_fancy_rotate=\"false\" data-marvy_enable_flying_object=\"false\" data-marvy_enable_ripples_animation=\"false\" data-marvy_enable_waves_animation=\"false\" data-marvy_enable_rings_animation=\"false\" data-marvy_enable_topology_animation=\"false\" data-marvy_enable_gradient_animation=\"false\" data-marvy_enable_snow_animation=\"false\" data-marvy_enable_firework_animation=\"false\" data-marvy_enable_cloud_animation=\"false\" class=\"elementor-element elementor-element-628a9fd4 e-flex e-con-boxed e-con e-parent\" data-id=\"628a9fd4\" data-element_type=\"container\" data-e-type=\"container\">\n\t\t\t\t\t<div class=\"e-con-inner\">\n\t\t\t\t<div class=\"elementor-element elementor-element-2557493c elementor-widget__width-inherit elementor-widget elementor-widget-text-editor\" data-id=\"2557493c\" data-element_type=\"widget\" data-e-type=\"widget\" data-widget_type=\"text-editor.default\">\n\t\t\t\t\t\t\t\t\t<div id=\"pf7\" class=\"dp-page-outer\"><div class=\"dp-page-inner\"><div id=\"pg-7pf7\" class=\"pf pg-7w0 pg-7h0\" data-page-no=\"7\"><div class=\"pc pg-7pc7 pg-7w0 pg-7h0\"><div class=\"c pg-7x0 pg-7y1 pg-7w2 pg-7h2\"><h4 class=\"t pg-7m0 pg-7x1 pg-7h3 pg-7y5 pg-7ff1 pg-7fs0 pg-7fc0 pg-7sc0 pg-7ls0 pg-7ws0\">Adecuaciones de Software.<\/h4><div class=\"t pg-7m0 pg-7x1 pg-7h5 pg-7y6 pg-7ff3 pg-7fs0 pg-7fc0 pg-7sc0 pg-7ls0 pg-7ws0\">Modificaci\u00f3n al software de nuestras l\u00edneas de productos, para agregar nueva funcionalidad o modificar la existente, con el objetivo de incorporar reglas de negocio, normativas o regulaciones requeridas.<\/div><h4 class=\"t pg-7m0 pg-7x1 pg-7h3 pg-7y9 pg-7ff1 pg-7fs0 pg-7fc0 pg-7sc0 pg-7ls0 pg-7ws0\">Desarrollo de Software a la Medida.<\/h4><div class=\"t pg-7m0 pg-7x1 pg-7h5 pg-7ya pg-7ff3 pg-7fs0 pg-7fc0 pg-7sc0 pg-7ls0 pg-7ws0\">Creaci\u00f3n de soluciones tecnol\u00f3gicas adaptadas a las necesidades de cualquier empresa, en el \u00e1rea de Tecnolog\u00edas de Informaci\u00f3n, tales como:<\/div><ul><li class=\"t pg-7m0 pg-7x2 pg-7h3 pg-7yc pg-7ff4 pg-7fs1 pg-7fc0 pg-7sc0 pg-7ls0 pg-7ws0\"><span class=\"pg-7ff1 pg-7fs0\"><strong>Aplicaciones Centrales<\/strong><span class=\"pg-7ff3\">\u00a0 y m\u00f3dulos de administraci\u00f3n de <\/span><\/span>informaci\u00f3n cr\u00edtica.<\/li><li class=\"t pg-7m0 pg-7x2 pg-7h3 pg-7ye pg-7ff4 pg-7fs1 pg-7fc0 pg-7sc0 pg-7ls0 pg-7ws0\"><span class=\"pg-7ff1 pg-7fs0\"><strong>Plataformas digitales<\/strong><span class=\"pg-7ff3\"> (sistemas en l\u00ednea, apps m\u00f3viles, portales <\/span><\/span>de clientes).<\/li><li class=\"t pg-7m0 pg-7x2 pg-7h3 pg-7y10 pg-7ff4 pg-7fs1 pg-7fc0 pg-7sc0 pg-7ls0 pg-7ws0\"><span class=\"pg-7ff1 pg-7fs0\"><strong>Sistemas de integraci\u00f3n<\/strong><span class=\"pg-7ff3\"> mediante APIs, microservicios y <\/span><\/span>middleware.<\/li><li class=\"t pg-7m0 pg-7x2 pg-7h5 pg-7y12 pg-7ff4 pg-7fs1 pg-7fc0 pg-7sc0 pg-7ls0 pg-7ws0\"><span class=\"pg-7ff3 pg-7fs0\">Desarrollo \u00e1gil con metodolog\u00edas de desarrollo seguro y pruebas <\/span>automatizadas.<\/li><\/ul><div>\u00a0<\/div><h4 class=\"t pg-7m0 pg-7x1 pg-7h3 pg-7y14 pg-7ff1 pg-7fs0 pg-7fc0 pg-7sc0 pg-7ls0 pg-7ws0\">Desarrollo de Aplicaciones Web Interactivas.<\/h4><div class=\"t pg-7m0 pg-7x1 pg-7h3 pg-7y15 pg-7ff1 pg-7fs0 pg-7fc0 pg-7sc0 pg-7ls0 pg-7ws0\"><strong>Syndein<\/strong><span class=\"pg-7ff3\"> cuenta con experiencia en el desarrollo de <strong><span class=\"pg-7ff1\">aplicaciones web <\/span><\/strong><\/span><\/div><div class=\"t pg-7m0 pg-7x1 pg-7h3 pg-7y16 pg-7ff1 pg-7fs0 pg-7fc0 pg-7sc0 pg-7ls0 pg-7ws0\"><strong>interactivas empresariales:<\/strong><\/div><ul><li class=\"t pg-7m0 pg-7x2 pg-7h3 pg-7y17 pg-7ff4 pg-7fs0 pg-7fc0 pg-7sc0 pg-7ls0 pg-7ws0\"><span class=\"pg-7ff1\"><strong>Syndein<\/strong><span class=\"pg-7ff3\"> utiliza en otras cosas herramientas como <\/span><strong>Vaadin<\/strong><span class=\"pg-7ff3\">, un f<\/span><\/span>ramework Java moderno que permite construir interfaces ricas, seguras y de alto rendimiento.<\/li><\/ul><p class=\"t pg-7m0 pg-7x3 pg-7h3 pg-7y1a pg-7ff1 pg-7fs0 pg-7fc0 pg-7sc0 pg-7ls0 pg-7ws0\">\u00a0 \u00a0 <strong>Ventajas del uso de Vaadin:<\/strong><\/p><ul><li style=\"list-style-type: none;\"><ul><li class=\"t pg-7m0 pg-7x3 pg-7h3 pg-7y1b pg-7ff4 pg-7fs1 pg-7fc0 pg-7sc0 pg-7ls0 pg-7ws0\"><span class=\"pg-7ff3 pg-7fs0\">Ideal para <strong><span class=\"pg-7ff1\">aplicaciones bancarias internas o portales de <\/span><\/strong><\/span><strong>clientes<\/strong><span class=\"pg-7ff3\">, con componentes UI avanzados y soporte para <strong><span class=\"pg-7ff1\">Spring <\/span><\/strong><\/span><strong>Boot<span class=\"pg-7ff3\">.<\/span><\/strong><\/li><\/ul><\/li><\/ul><\/div><\/div><\/div><\/div><\/div><div id=\"pf8\" class=\"dp-page-outer\"><div class=\"dp-page-inner\"><div id=\"pg-8pf8\" class=\"pf pg-8w0 pg-8h0\" data-page-no=\"8\"><div class=\"pc pg-8pc8 pg-8w0 pg-8h0\"><div class=\"c pg-8x0 pg-8y1 pg-8w2 pg-8h2\"><ul><li style=\"list-style-type: none;\"><ul><li class=\"t pg-8m0 pg-8x1 pg-8h3 pg-8y2 pg-8ff1 pg-8fs0 pg-8fc0 pg-8sc0 pg-8ls0 pg-8ws0\"><span class=\"pg-8ff2 pg-8fs1\">Integraci\u00f3n nativa con <span class=\"pg-8ff3\"><strong>Java backend<\/strong><span class=\"pg-8ff2\">, facilitando la conexi\u00f3n con <\/span><\/span><\/span>sistemas centrales existentes.<\/li><li class=\"t pg-8m0 pg-8x2 pg-8h4 pg-8y3 pg-8ff2 pg-8fs1 pg-8fc0 pg-8sc0 pg-8ls0 pg-8ws0\"><span class=\"pg-8ff2 pg-8fs1\">Seguridad robusta, manejo eficiente del estado de sesi\u00f3n y <\/span>soporte para autenticaci\u00f3n empresarial (OAuth2, SAML, LDAP).<\/li><\/ul><\/li><\/ul><ul><li class=\"t pg-8m0 pg-8x3 pg-8h3 pg-8y6 pg-8ff1 pg-8fs1 pg-8fc0 pg-8sc1 pg-8ls0 pg-8ws0\"><strong><span class=\"pg-8ff3 pg-8sc0\">Complementos y frameworks din\u00e1micos:<\/span><\/strong><ul><li class=\"t pg-8m0 pg-8x1 pg-8h3 pg-8y7 pg-8ff1 pg-8fs0 pg-8fc0 pg-8sc1 pg-8ls0 pg-8ws0\"><span class=\"pg-8ff2 pg-8fs1 pg-8sc0\">Compatibles con <strong><span class=\"pg-8ff3\">Node.js<\/span><\/strong><\/span><\/li><li class=\"t pg-8m0 pg-8x1 pg-8h3 pg-8y8 pg-8ff1 pg-8fs0 pg-8fc0 pg-8sc0 pg-8ls0 pg-8ws0\"><span class=\"pg-8ff3 pg-8fs1\"><strong>Express.js<span class=\"pg-8ff2\"> y <\/span>NestJS<\/strong><span class=\"pg-8ff2\"> para construir APIs y microservicios, que <\/span><\/span>comuniquen m\u00f3dulos front-end y back-end.<\/li><li class=\"t pg-8m0 pg-8x1 pg-8h3 pg-8ya pg-8ff1 pg-8fs0 pg-8fc0 pg-8sc0 pg-8ls0 pg-8ws0\"><span class=\"pg-8ff3 pg-8fs1\"><strong>Next.js<\/strong><span class=\"pg-8ff2\"> y <\/span><strong>React<\/strong><span class=\"pg-8ff2\"> para front-ends din\u00e1micos, compatibles con <\/span><\/span>integraciones Vaadin o servicios externos.<\/li><li class=\"t pg-8m0 pg-8x1 pg-8h3 pg-8yc pg-8ff1 pg-8fs0 pg-8fc0 pg-8sc0 pg-8ls0 pg-8ws0\"><span class=\"pg-8ff3 pg-8fs1\"><strong>Socket.io<\/strong><span class=\"pg-8ff2\"> para comunicaci\u00f3n en tiempo real (por ejemplo, <\/span><\/span>monitoreo de transacciones o notificaciones de operaciones).<\/li><li class=\"t pg-8m0 pg-8x1 pg-8h3 pg-8ye pg-8ff1 pg-8fs0 pg-8fc0 pg-8sc0 pg-8ls0 pg-8ws0\"><span class=\"pg-8ff3 pg-8fs1\"><strong>TypeORM<\/strong><span class=\"pg-8ff2\"> o <\/span><strong>Sequelize<\/strong><span class=\"pg-8ff2\"> para la gesti\u00f3n de bases de datos <\/span><\/span>relacionales en entornos Node.js.<\/li><\/ul><\/li><\/ul><div class=\"t pg-8m0 pg-8x4 pg-8h3 pg-8y10 pg-8ff2 pg-8fs1 pg-8fc0 pg-8sc0 pg-8ls0 pg-8ws0\">Este enfoque h\u00edbrido (Java + Node.js) permite desarrollar <strong><span class=\"pg-8ff3\">arquitecturas <\/span><\/strong><strong>flexibles y modernas<\/strong><span class=\"pg-8ff2\">, manteniendo la robustez del ecosistema Java en <\/span>el sistema central y la agilidad de Node.js para servicios web y APIs.<\/div><div>\u00a0<\/div><h4 class=\"t pg-8m0 pg-8x4 pg-8h3 pg-8y13 pg-8ff3 pg-8fs1 pg-8fc0 pg-8sc0 pg-8ls0 pg-8ws0\">Desarrollo de Aplicaciones de Misi\u00f3n Cr\u00edtica.<\/h4><div class=\"t pg-8m0 pg-8x4 pg-8h3 pg-8y14 pg-8ff2 pg-8fs1 pg-8fc0 pg-8sc0 pg-8ls0 pg-8ws0\">Las <strong><span class=\"pg-8ff3\">aplicaciones de misi\u00f3n cr\u00edtica <\/span><\/strong>son sistemas cuya disponibilidad,rendimiento y precisi\u00f3n son esenciales para la operaci\u00f3n continua, la especialidad de <strong><span class=\"pg-8ff3\">Syndein<\/span><\/strong>. En el contexto financiero, esto abarca plataformas de pagos, sistemas de compensaci\u00f3n, gesti\u00f3n de inversiones, monitoreo de riesgo o procesamiento de transacciones en tiempo real.<\/div><div>\u00a0<\/div><div class=\"t pg-8m0 pg-8x4 pg-8h4 pg-8y19 pg-8ff2 pg-8fs1 pg-8fc0 pg-8sc0 pg-8ls0 pg-8ws0\">El desarrollo de este tipo de soluciones requiere una arquitectura <strong>resiliente, escalable y segura<\/strong><span class=\"pg-8ff2\">, capaz de soportar millones de <\/span>operaciones diarias sin interrupciones ni p\u00e9rdida de datos.<\/div><div>\u00a0<\/div><div class=\"t pg-8m0 pg-8x4 pg-8h3 pg-8y1c pg-8ff2 pg-8fs1 pg-8fc0 pg-8sc0 pg-8ls0 pg-8ws0\">Las aplicaciones de misi\u00f3n cr\u00edtica, se dise\u00f1an bajo principios de <strong><span class=\"pg-8ff3\">alta\u00a0 <\/span><\/strong><strong>disponibilidad (HA)<span class=\"pg-8ff2\">, <\/span>tolerancia a fallos<span class=\"pg-8ff2\"> y <\/span>distribuci\u00f3n de carga<span class=\"pg-8ff2\">:<\/span><\/strong><\/div><ul><li class=\"t pg-8m0 pg-8x3 pg-8h3 pg-8y1e pg-8ff1 pg-8fs0 pg-8fc0 pg-8sc0 pg-8ls0 pg-8ws0\"><span class=\"pg-8ff3 pg-8fs1\"><strong>Arquitectura de microservicios:<\/strong><span class=\"pg-8ff2\"> facilita el aislamiento de <\/span><\/span>componentes, escalamiento independiente y despliegues continuos sin interrupci\u00f3n del servicio.<\/li><li class=\"t pg-8m0 pg-8x3 pg-8h3 pg-8y21 pg-8ff1 pg-8fs0 pg-8fc0 pg-8sc0 pg-8ls0 pg-8ws0\"><span class=\"pg-8ff3 pg-8fs1\"><strong>Balanceadores de carga y cl\u00fasteres distribuidos:<\/strong><span class=\"pg-8ff2\"> permiten el <\/span><\/span>procesamiento paralelo de grandes vol\u00famenes de transacciones.<\/li><\/ul><\/div><\/div><\/div><\/div><\/div><div id=\"pf9\" class=\"dp-page-outer\"><div class=\"dp-page-inner\"><div id=\"pg-9pf9\" class=\"pf pg-9w0 pg-9h0\" data-page-no=\"9\"><div class=\"pc pg-9pc9 pg-9w0 pg-9h0\"><div class=\"c pg-9x0 pg-9y1 pg-9w2 pg-9h2\"><ul><li class=\"t pg-9m0 pg-9x1 pg-9h3 pg-9y2 pg-9ff1 pg-9fs0 pg-9fc0 pg-9sc0 pg-9ls0 pg-9ws0\"><strong><span class=\"pg-9ff2 pg-9fs1\">Uso de tecnolog\u00edas cloud h\u00edbridas y contenedores (Docker, <\/span>Kubernetes):<\/strong><span class=\"pg-9ff3\"> garantizan elasticidad, escalabilidad autom\u00e1tica y <\/span>portabilidad entre entornos.<\/li><\/ul><div class=\"t pg-9m0 pg-9x3 pg-9h3 pg-9y5 pg-9ff2 pg-9fs1 pg-9fc0 pg-9sc0 pg-9ls0 pg-9ws0\"><strong>Monitoreo proactivo<\/strong><span class=\"pg-9ff3\"> con herramientas para detectar anomal\u00edas y <\/span>mantener la disponibilidad del sistema.<\/div><div>\u00a0<\/div><h4 class=\"t pg-9m0 pg-9x3 pg-9h3 pg-9y7 pg-9ff2 pg-9fs1 pg-9fc0 pg-9sc0 pg-9ls0 pg-9ws0\">Pruebas, Control de Calidad y DevSecOps<\/h4><div class=\"t pg-9m0 pg-9x3 pg-9h3 pg-9y8 pg-9ff3 pg-9fs1 pg-9fc0 pg-9sc0 pg-9ls0 pg-9ws0\">El ciclo de desarrollo incluye pr\u00e1cticas de <strong><span class=\"pg-9ff2\">DevSecOps<\/span><\/strong>,integrando seguridad y pruebas desde las primeras fases:<\/div><ul><li class=\"t pg-9m0 pg-9x1 pg-9h3 pg-9ya pg-9ff1 pg-9fs0 pg-9fc0 pg-9sc0 pg-9ls0 pg-9ws0\"><strong><span class=\"pg-9ff2 pg-9fs1\">Pruebas de carga, estr\u00e9s y rendimiento<span class=\"pg-9ff3\">.<\/span><\/span><\/strong><\/li><li class=\"t pg-9m0 pg-9x1 pg-9h3 pg-9yb pg-9ff1 pg-9fs0 pg-9fc0 pg-9sc1 pg-9ls0 pg-9ws0\"><span class=\"pg-9ff2 pg-9fs1 pg-9sc0\"><strong>Simulaci\u00f3n de fallos<\/strong><span class=\"pg-9ff3\"> para validar tolerancia y recuperaci\u00f3n.<\/span><\/span><\/li><li class=\"t pg-9m0 pg-9x1 pg-9h3 pg-9yc pg-9ff1 pg-9fs0 pg-9fc0 pg-9sc1 pg-9ls0 pg-9ws0\"><span class=\"pg-9ff2 pg-9fs1 pg-9sc0\"><strong>CI\/CD<\/strong><span class=\"pg-9ff3\"> automatizado con integraci\u00f3n de an\u00e1lisis est\u00e1tico de c\u00f3digo <\/span><\/span>(Fortify) y escaneo de vulnerabilidades.<\/li><\/ul><\/div><\/div><\/div><\/div><\/div>\t\t\t\t\t\t\t\t<\/div>\n\t\t\t\t\t<\/div>\n\t\t\t\t<\/div>\n\t\t\t\t<\/div>\n\t\t","protected":false},"excerpt":{"rendered":"<p>Desarrollo Adecuaciones de Software. Modificaci\u00f3n al software de nuestras l\u00edneas de productos, para agregar nueva funcionalidad o modificar la existente, con el objetivo de incorporar reglas de negocio, normativas o regulaciones requeridas. Desarrollo de Software a la Medida. Creaci\u00f3n de soluciones tecnol\u00f3gicas adaptadas a las necesidades de cualquier empresa, en el \u00e1rea de Tecnolog\u00edas de [&hellip;]<\/p>\n","protected":false},"author":1,"featured_media":0,"parent":0,"menu_order":0,"comment_status":"closed","ping_status":"closed","template":"","meta":{"footnotes":""},"class_list":["post-663","page","type-page","status-publish","hentry"],"_links":{"self":[{"href":"https:\/\/www.syndein.com.mx\/syn\/index.php\/wp-json\/wp\/v2\/pages\/663","targetHints":{"allow":["GET"]}}],"collection":[{"href":"https:\/\/www.syndein.com.mx\/syn\/index.php\/wp-json\/wp\/v2\/pages"}],"about":[{"href":"https:\/\/www.syndein.com.mx\/syn\/index.php\/wp-json\/wp\/v2\/types\/page"}],"author":[{"embeddable":true,"href":"https:\/\/www.syndein.com.mx\/syn\/index.php\/wp-json\/wp\/v2\/users\/1"}],"replies":[{"embeddable":true,"href":"https:\/\/www.syndein.com.mx\/syn\/index.php\/wp-json\/wp\/v2\/comments?post=663"}],"version-history":[{"count":7,"href":"https:\/\/www.syndein.com.mx\/syn\/index.php\/wp-json\/wp\/v2\/pages\/663\/revisions"}],"predecessor-version":[{"id":932,"href":"https:\/\/www.syndein.com.mx\/syn\/index.php\/wp-json\/wp\/v2\/pages\/663\/revisions\/932"}],"wp:attachment":[{"href":"https:\/\/www.syndein.com.mx\/syn\/index.php\/wp-json\/wp\/v2\/media?parent=663"}],"curies":[{"name":"wp","href":"https:\/\/api.w.org\/{rel}","templated":true}]}}