{"id":660,"date":"2026-01-13T11:45:44","date_gmt":"2026-01-13T10:45:44","guid":{"rendered":"https:\/\/www.syndein.com.mx\/syn\/index.php\/soporte\/"},"modified":"2026-01-14T02:31:17","modified_gmt":"2026-01-14T01:31:17","slug":"soporte","status":"publish","type":"page","link":"https:\/\/www.syndein.com.mx\/syn\/index.php\/soporte\/","title":{"rendered":"Soporte"},"content":{"rendered":"<style>.elementor-660 .elementor-element.elementor-element-6dee8343{--display:flex;--flex-direction:row;--container-widget-width:initial;--container-widget-height:100%;--container-widget-flex-grow:1;--container-widget-align-self:stretch;--flex-wrap-mobile:wrap;}.elementor-widget-heading .elementor-heading-title{font-family:var( --e-global-typography-primary-font-family ), Square;font-size:var( --e-global-typography-primary-font-size );font-weight:var( --e-global-typography-primary-font-weight );font-style:var( --e-global-typography-primary-font-style );line-height:var( --e-global-typography-primary-line-height );letter-spacing:var( --e-global-typography-primary-letter-spacing );color:var( --e-global-color-primary );}.elementor-660 .elementor-element.elementor-element-3f311a12{text-align:center;width:100%;max-width:100%;}.elementor-660 .elementor-element.elementor-element-3f311a12 .elementor-heading-title{font-family:var( --e-global-typography-primary-font-family ), Square;font-size:var( --e-global-typography-primary-font-size );font-weight:var( --e-global-typography-primary-font-weight );font-style:var( --e-global-typography-primary-font-style );line-height:var( --e-global-typography-primary-line-height );letter-spacing:var( --e-global-typography-primary-letter-spacing );}.elementor-660 .elementor-element.elementor-element-4af853b{--display:flex;--flex-direction:row;--container-widget-width:initial;--container-widget-height:100%;--container-widget-flex-grow:1;--container-widget-align-self:stretch;--flex-wrap-mobile:wrap;}.elementor-widget-text-editor{font-family:var( --e-global-typography-text-font-family ), Square;font-size:var( --e-global-typography-text-font-size );font-weight:var( --e-global-typography-text-font-weight );line-height:var( --e-global-typography-text-line-height );letter-spacing:var( --e-global-typography-text-letter-spacing );word-spacing:var( --e-global-typography-text-word-spacing );color:var( --e-global-color-text );}.elementor-widget-text-editor.elementor-drop-cap-view-stacked .elementor-drop-cap{background-color:var( --e-global-color-primary );}.elementor-widget-text-editor.elementor-drop-cap-view-framed .elementor-drop-cap, .elementor-widget-text-editor.elementor-drop-cap-view-default .elementor-drop-cap{color:var( --e-global-color-primary );border-color:var( --e-global-color-primary );}.elementor-660 .elementor-element.elementor-element-378d844a{text-align:justify;font-family:\"eurostile\", Square;font-size:20px;font-weight:500;line-height:30px;letter-spacing:1.5px;word-spacing:5px;color:var( --e-global-color-primary );width:100%;max-width:100%;}.elementor-660 .elementor-element.elementor-element-378d844a p{margin-block-end:7px;}:root{--page-title-display:none;}@media(max-width:1024px){.elementor-widget-heading .elementor-heading-title{font-size:var( --e-global-typography-primary-font-size );line-height:var( --e-global-typography-primary-line-height );letter-spacing:var( --e-global-typography-primary-letter-spacing );}.elementor-660 .elementor-element.elementor-element-3f311a12 .elementor-heading-title{font-size:var( --e-global-typography-primary-font-size );line-height:var( --e-global-typography-primary-line-height );letter-spacing:var( --e-global-typography-primary-letter-spacing );}.elementor-widget-text-editor{font-size:var( --e-global-typography-text-font-size );line-height:var( --e-global-typography-text-line-height );letter-spacing:var( --e-global-typography-text-letter-spacing );word-spacing:var( --e-global-typography-text-word-spacing );}.elementor-660 .elementor-element.elementor-element-378d844a{font-size:16px;}}@media(max-width:767px){.elementor-widget-heading .elementor-heading-title{font-size:var( --e-global-typography-primary-font-size );line-height:var( --e-global-typography-primary-line-height );letter-spacing:var( --e-global-typography-primary-letter-spacing );}.elementor-660 .elementor-element.elementor-element-3f311a12 .elementor-heading-title{font-size:var( --e-global-typography-primary-font-size );line-height:var( --e-global-typography-primary-line-height );letter-spacing:var( --e-global-typography-primary-letter-spacing );}.elementor-widget-text-editor{font-size:var( --e-global-typography-text-font-size );line-height:var( --e-global-typography-text-line-height );letter-spacing:var( --e-global-typography-text-letter-spacing );word-spacing:var( --e-global-typography-text-word-spacing );}}<\/style>\t\t<div data-elementor-type=\"wp-page\" data-elementor-id=\"660\" class=\"elementor elementor-660\" data-elementor-post-type=\"page\">\n\t\t\t\t<div data-marvy_enable_drop_animation=\"false\" data-marvy_enable_fancy_rotate=\"false\" data-marvy_enable_flying_object=\"false\" data-marvy_enable_ripples_animation=\"false\" data-marvy_enable_waves_animation=\"false\" data-marvy_enable_rings_animation=\"false\" data-marvy_enable_topology_animation=\"false\" data-marvy_enable_gradient_animation=\"false\" data-marvy_enable_snow_animation=\"false\" data-marvy_enable_firework_animation=\"false\" data-marvy_enable_cloud_animation=\"false\" class=\"elementor-element elementor-element-6dee8343 e-flex e-con-boxed e-con e-parent\" data-id=\"6dee8343\" data-element_type=\"container\" data-e-type=\"container\">\n\t\t\t\t\t<div class=\"e-con-inner\">\n\t\t\t\t<div class=\"elementor-element elementor-element-3f311a12 elementor-widget__width-inherit elementor-widget elementor-widget-heading\" data-id=\"3f311a12\" data-element_type=\"widget\" data-e-type=\"widget\" data-widget_type=\"heading.default\">\n\t\t\t\t\t<h2 class=\"elementor-heading-title elementor-size-default\">Soporte<\/h2>\t\t\t\t<\/div>\n\t\t\t\t\t<\/div>\n\t\t\t\t<\/div>\n\t\t<div data-marvy_enable_drop_animation=\"false\" data-marvy_enable_fancy_rotate=\"false\" data-marvy_enable_flying_object=\"false\" data-marvy_enable_ripples_animation=\"false\" data-marvy_enable_waves_animation=\"false\" data-marvy_enable_rings_animation=\"false\" data-marvy_enable_topology_animation=\"false\" data-marvy_enable_gradient_animation=\"false\" data-marvy_enable_snow_animation=\"false\" data-marvy_enable_firework_animation=\"false\" data-marvy_enable_cloud_animation=\"false\" class=\"elementor-element elementor-element-4af853b e-flex e-con-boxed e-con e-parent\" data-id=\"4af853b\" data-element_type=\"container\" data-e-type=\"container\">\n\t\t\t\t\t<div class=\"e-con-inner\">\n\t\t\t\t<div class=\"elementor-element elementor-element-378d844a elementor-widget__width-inherit elementor-widget elementor-widget-text-editor\" data-id=\"378d844a\" data-element_type=\"widget\" data-e-type=\"widget\" data-widget_type=\"text-editor.default\">\n\t\t\t\t\t\t\t\t\t<h3 class=\"t pg-9m0 pg-9x3 pg-9h3 pg-9y11 pg-9ff2 pg-9fs1 pg-9fc0 pg-9sc0 pg-9ls0 pg-9ws0\">Mantenimiento y Soporte Operativo.<\/h3><ul><li class=\"t pg-9m0 pg-9x1 pg-9h4 pg-9y12 pg-9ff1 pg-9fs0 pg-9fc0 pg-9sc0 pg-9ls0 pg-9ws0\"><span class=\"pg-9ff3 pg-9fs1\">Soporte t\u00e9cnico 7x24x365 y monitoreo proactivo de sistemas.<\/span><\/li><li class=\"t pg-9m0 pg-9x1 pg-9h4 pg-9y13 pg-9ff1 pg-9fs0 pg-9fc0 pg-9sc0 pg-9ls0 pg-9ws0\"><span class=\"pg-9ff3 pg-9fs1\">Mantenimiento de Software (Correcci\u00f3n y adecuaciones, por <\/span>incidencias reportadas).<\/li><li class=\"t pg-9m0 pg-9x1 pg-9h4 pg-9y15 pg-9ff1 pg-9fs0 pg-9fc0 pg-9sc0 pg-9ls0 pg-9ws0\"><span class=\"pg-9ff3 pg-9fs1\">Actualizaci\u00f3n continua y mejora de rendimiento.<\/span><\/li><li class=\"t pg-9m0 pg-9x1 pg-9h4 pg-9y16 pg-9ff1 pg-9fs0 pg-9fc0 pg-9sc0 pg-9ls0 pg-9ws0\"><span class=\"pg-9ff3 pg-9fs1\">Capacitaci\u00f3n y soporte funcional para equipos de trabajo internos <\/span>del cliente.<\/li><\/ul>\t\t\t\t\t\t\t\t<\/div>\n\t\t\t\t\t<\/div>\n\t\t\t\t<\/div>\n\t\t\t\t<\/div>\n\t\t","protected":false},"excerpt":{"rendered":"<p>Soporte Mantenimiento y Soporte Operativo. Soporte t\u00e9cnico 7x24x365 y monitoreo proactivo de sistemas. Mantenimiento de Software (Correcci\u00f3n y adecuaciones, por incidencias reportadas). Actualizaci\u00f3n continua y mejora de rendimiento. Capacitaci\u00f3n y soporte funcional para equipos de trabajo internos del cliente.<\/p>\n","protected":false},"author":1,"featured_media":0,"parent":0,"menu_order":0,"comment_status":"closed","ping_status":"closed","template":"","meta":{"footnotes":""},"class_list":["post-660","page","type-page","status-publish","hentry"],"_links":{"self":[{"href":"https:\/\/www.syndein.com.mx\/syn\/index.php\/wp-json\/wp\/v2\/pages\/660","targetHints":{"allow":["GET"]}}],"collection":[{"href":"https:\/\/www.syndein.com.mx\/syn\/index.php\/wp-json\/wp\/v2\/pages"}],"about":[{"href":"https:\/\/www.syndein.com.mx\/syn\/index.php\/wp-json\/wp\/v2\/types\/page"}],"author":[{"embeddable":true,"href":"https:\/\/www.syndein.com.mx\/syn\/index.php\/wp-json\/wp\/v2\/users\/1"}],"replies":[{"embeddable":true,"href":"https:\/\/www.syndein.com.mx\/syn\/index.php\/wp-json\/wp\/v2\/comments?post=660"}],"version-history":[{"count":7,"href":"https:\/\/www.syndein.com.mx\/syn\/index.php\/wp-json\/wp\/v2\/pages\/660\/revisions"}],"predecessor-version":[{"id":888,"href":"https:\/\/www.syndein.com.mx\/syn\/index.php\/wp-json\/wp\/v2\/pages\/660\/revisions\/888"}],"wp:attachment":[{"href":"https:\/\/www.syndein.com.mx\/syn\/index.php\/wp-json\/wp\/v2\/media?parent=660"}],"curies":[{"name":"wp","href":"https:\/\/api.w.org\/{rel}","templated":true}]}}