{"id":1166,"date":"2026-02-24T01:44:27","date_gmt":"2026-02-24T00:44:27","guid":{"rendered":"https:\/\/www.syndein.com.mx\/syn\/?page_id=1166"},"modified":"2026-02-24T01:50:36","modified_gmt":"2026-02-24T00:50:36","slug":"interdsp","status":"publish","type":"page","link":"https:\/\/www.syndein.com.mx\/syn\/index.php\/interdsp\/","title":{"rendered":"InterDSP"},"content":{"rendered":"<style>.elementor-1166 .elementor-element.elementor-element-d035a45{--display:flex;}.elementor-widget-heading .elementor-heading-title{font-family:var( --e-global-typography-primary-font-family ), Square;font-size:var( --e-global-typography-primary-font-size );font-weight:var( --e-global-typography-primary-font-weight );font-style:var( --e-global-typography-primary-font-style );line-height:var( --e-global-typography-primary-line-height );letter-spacing:var( --e-global-typography-primary-letter-spacing );color:var( --e-global-color-primary );}.elementor-1166 .elementor-element.elementor-element-338ceb7{text-align:center;width:100%;max-width:100%;}.elementor-1166 .elementor-element.elementor-element-da1d8e5{--display:flex;--flex-direction:row;--container-widget-width:initial;--container-widget-height:100%;--container-widget-flex-grow:1;--container-widget-align-self:stretch;--flex-wrap-mobile:wrap;}.elementor-widget-text-editor{font-family:var( --e-global-typography-text-font-family ), Square;font-size:var( --e-global-typography-text-font-size );font-weight:var( --e-global-typography-text-font-weight );line-height:var( --e-global-typography-text-line-height );letter-spacing:var( --e-global-typography-text-letter-spacing );word-spacing:var( --e-global-typography-text-word-spacing );color:var( --e-global-color-text );}.elementor-widget-text-editor.elementor-drop-cap-view-stacked .elementor-drop-cap{background-color:var( --e-global-color-primary );}.elementor-widget-text-editor.elementor-drop-cap-view-framed .elementor-drop-cap, .elementor-widget-text-editor.elementor-drop-cap-view-default .elementor-drop-cap{color:var( --e-global-color-primary );border-color:var( --e-global-color-primary );}.elementor-1166 .elementor-element.elementor-element-9a68651{color:var( --e-global-color-primary );}:root{--page-title-display:none;}@media(max-width:1024px){.elementor-widget-heading .elementor-heading-title{font-size:var( --e-global-typography-primary-font-size );line-height:var( --e-global-typography-primary-line-height );letter-spacing:var( --e-global-typography-primary-letter-spacing );}.elementor-widget-text-editor{font-size:var( --e-global-typography-text-font-size );line-height:var( --e-global-typography-text-line-height );letter-spacing:var( --e-global-typography-text-letter-spacing );word-spacing:var( --e-global-typography-text-word-spacing );}}@media(max-width:767px){.elementor-widget-heading .elementor-heading-title{font-size:var( --e-global-typography-primary-font-size );line-height:var( --e-global-typography-primary-line-height );letter-spacing:var( --e-global-typography-primary-letter-spacing );}.elementor-widget-text-editor{font-size:var( --e-global-typography-text-font-size );line-height:var( --e-global-typography-text-line-height );letter-spacing:var( --e-global-typography-text-letter-spacing );word-spacing:var( --e-global-typography-text-word-spacing );}}<\/style>\t\t<div data-elementor-type=\"wp-page\" data-elementor-id=\"1166\" class=\"elementor elementor-1166\" data-elementor-post-type=\"page\">\n\t\t\t\t<div data-marvy_enable_drop_animation=\"false\" data-marvy_enable_fancy_rotate=\"false\" data-marvy_enable_flying_object=\"false\" data-marvy_enable_ripples_animation=\"false\" data-marvy_enable_waves_animation=\"false\" data-marvy_enable_rings_animation=\"false\" data-marvy_enable_topology_animation=\"false\" data-marvy_enable_gradient_animation=\"false\" data-marvy_enable_snow_animation=\"false\" data-marvy_enable_firework_animation=\"false\" data-marvy_enable_cloud_animation=\"false\" class=\"elementor-element elementor-element-d035a45 e-flex e-con-boxed e-con e-parent\" data-id=\"d035a45\" data-element_type=\"container\" data-e-type=\"container\">\n\t\t\t\t\t<div class=\"e-con-inner\">\n\t\t\t\t<div class=\"elementor-element elementor-element-338ceb7 elementor-widget__width-inherit elementor-widget elementor-widget-heading\" data-id=\"338ceb7\" data-element_type=\"widget\" data-e-type=\"widget\" data-widget_type=\"heading.default\">\n\t\t\t\t\t<h2 class=\"elementor-heading-title elementor-size-default\">InterDSP<\/h2>\t\t\t\t<\/div>\n\t\t\t\t\t<\/div>\n\t\t\t\t<\/div>\n\t\t<div data-marvy_enable_drop_animation=\"false\" data-marvy_enable_fancy_rotate=\"false\" data-marvy_enable_flying_object=\"false\" data-marvy_enable_ripples_animation=\"false\" data-marvy_enable_waves_animation=\"false\" data-marvy_enable_rings_animation=\"false\" data-marvy_enable_topology_animation=\"false\" data-marvy_enable_gradient_animation=\"false\" data-marvy_enable_snow_animation=\"false\" data-marvy_enable_firework_animation=\"false\" data-marvy_enable_cloud_animation=\"false\" class=\"elementor-element elementor-element-da1d8e5 e-flex e-con-boxed e-con e-parent\" data-id=\"da1d8e5\" data-element_type=\"container\" data-e-type=\"container\">\n\t\t\t\t\t<div class=\"e-con-inner\">\n\t\t\t\t<div class=\"elementor-element elementor-element-9a68651 elementor-widget elementor-widget-text-editor\" data-id=\"9a68651\" data-element_type=\"widget\" data-e-type=\"widget\" data-widget_type=\"text-editor.default\">\n\t\t\t\t\t\t\t\t\t<p>El cumplimiento de la normativa <strong>PCI DSS <\/strong>implica varios aspectos importantes, siendo los m\u00e1s relevantes los siguientes:<\/p><ol><li>Manejar la recepci\u00f3n de los datos de tarjetas de los consumidores, es decir, reunir y transmitir los datos sensibles de las tarjetas de manera segura.<\/li><li>Guardar los datos de manera segura, seg\u00fan se describe en los dominios de seguridad de la normativa <strong>PCI DSS<\/strong>, por ejemplo, mediante cifrado, vigilancia continua y verificaci\u00f3n de la seguridad del acceso a los datos de tarjeta.<\/li><li>Validar anualmente que funcionen los controles de seguridad necesarios, lo que puede implicar formularios, cuestionarios, escaneo de vulnerabilidades y auditor\u00edas de terceros.<\/li><\/ol><p>Por lo anterior, nuestro producto genera las condiciones necesarias en todo el ecosistema correspondiente a la soluci\u00f3n de pagos electr\u00f3nicos de tarjetas, para asegurar que todos estos controles y requerimientos de la normativa <strong><em>PCI DSS<\/em><\/strong>, sean llevados a cabo de la manera m\u00e1s segura y confiable posible.<\/p><p><strong>Syndein<\/strong>, ha realizado un an\u00e1lisis exhaustivo de los requerimientos de la norma <strong>PCI DSS<\/strong>, incluso con el apoyo de una compa\u00f1\u00eda certificadora de la norma <strong>PCI DSS<\/strong> y ha creado un producto, que servir\u00e1 como infraestructura para el soporte y cumplimiento de todos los lineamientos de <strong>PCI DSS<\/strong>. Este producto se ha denominado <strong>InterDSP<\/strong> (<strong>InterAct Data Security Protection<\/strong>) y permite la generaci\u00f3n y almacenamiento seguro de llaves de encripci\u00f3n, as\u00ed como el acceso seguro a dichas llaves, por los aplicativos que las requieran.<\/p><p><strong>InterDSP<\/strong> les ofrece a las Instituciones Financieras, las siguientes ventajas competitivas:<\/p><ol><li><strong>Seguridad de Datos<\/strong>: Garantiza que los datos confidenciales de los tarjetahabientes est\u00e9n protegidos, reduciendo el riesgo de brechas de seguridad y la exposici\u00f3n de informaci\u00f3n sensible.<\/li><li><strong>Cumplimiento Regulatorio<\/strong>: Ayuda a los clientes a cumplir con los requisitos regulatorios y normativas relacionadas con la protecci\u00f3n de datos, lo que evita multas y sanciones.<\/li><li><strong>Mejora de la Reputaci\u00f3n<\/strong>: El cumplimiento con <strong>PCI DSS<\/strong> demuestra un compromiso con la seguridad de Syndein para con los clientes.<\/li><li><strong>Reducci\u00f3n de Costos a Largo Plazo<\/strong>: La inversi\u00f3n inicial en seguridad previene costosas brechas de seguridad y da\u00f1os en el futuro.<\/li><li><strong>Ventaja Competitiva<\/strong>: Las instituciones financieras pueden destacar sobre sus competidores al afirmar que sus servicios son seguros y cumplen con los est\u00e1ndares de seguridad m\u00e1s altos.<\/li><li><strong>Clientes m\u00e1s Confiables<\/strong>: Atraer\u00e1 a clientes que valoran la seguridad de sus datos y est\u00e1n dispuestos a invertir en instituciones m\u00e1s seguras y confiables.<\/li><li><strong>Mayor Disponibilidad de Servicio<\/strong>: La seguridad de la infraestructura reduce el tiempo de inactividad no planificado, lo que beneficia tanto a la empresa como a sus clientes.<\/li><li><strong>Facilitaci\u00f3n de la Expansi\u00f3n<\/strong>: Cumplir con <strong>PCI DSS<\/strong> facilita la expansi\u00f3n a mercados globales donde la seguridad de datos es fundamental.<\/li><\/ol>\t\t\t\t\t\t\t\t<\/div>\n\t\t\t\t\t<\/div>\n\t\t\t\t<\/div>\n\t\t\t\t<\/div>\n\t\t","protected":false},"excerpt":{"rendered":"<p>InterDSP El cumplimiento de la normativa PCI DSS implica varios aspectos importantes, siendo los m\u00e1s relevantes los siguientes: Manejar la recepci\u00f3n de los datos de tarjetas de los consumidores, es decir, reunir y transmitir los datos sensibles de las tarjetas de manera segura. Guardar los datos de manera segura, seg\u00fan se describe en los dominios [&hellip;]<\/p>\n","protected":false},"author":2,"featured_media":0,"parent":0,"menu_order":0,"comment_status":"closed","ping_status":"closed","template":"","meta":{"footnotes":""},"class_list":["post-1166","page","type-page","status-publish","hentry"],"_links":{"self":[{"href":"https:\/\/www.syndein.com.mx\/syn\/index.php\/wp-json\/wp\/v2\/pages\/1166","targetHints":{"allow":["GET"]}}],"collection":[{"href":"https:\/\/www.syndein.com.mx\/syn\/index.php\/wp-json\/wp\/v2\/pages"}],"about":[{"href":"https:\/\/www.syndein.com.mx\/syn\/index.php\/wp-json\/wp\/v2\/types\/page"}],"author":[{"embeddable":true,"href":"https:\/\/www.syndein.com.mx\/syn\/index.php\/wp-json\/wp\/v2\/users\/2"}],"replies":[{"embeddable":true,"href":"https:\/\/www.syndein.com.mx\/syn\/index.php\/wp-json\/wp\/v2\/comments?post=1166"}],"version-history":[{"count":10,"href":"https:\/\/www.syndein.com.mx\/syn\/index.php\/wp-json\/wp\/v2\/pages\/1166\/revisions"}],"predecessor-version":[{"id":1187,"href":"https:\/\/www.syndein.com.mx\/syn\/index.php\/wp-json\/wp\/v2\/pages\/1166\/revisions\/1187"}],"wp:attachment":[{"href":"https:\/\/www.syndein.com.mx\/syn\/index.php\/wp-json\/wp\/v2\/media?parent=1166"}],"curies":[{"name":"wp","href":"https:\/\/api.w.org\/{rel}","templated":true}]}}